{"id":27585,"date":"2025-10-30T14:08:47","date_gmt":"2025-10-30T14:08:47","guid":{"rendered":"https:\/\/mrsfarmer.org\/?post_type=product&#038;p=27585"},"modified":"2025-11-13T20:46:54","modified_gmt":"2025-11-13T20:46:54","slug":"500-ml-naturel-sizma-soguk-sikim-zeytin-yagi-odessa","status":"publish","type":"product","link":"https:\/\/mrsfarmer.org\/en\/product\/500-ml-naturel-sizma-soguk-sikim-zeytin-yagi-odessa\/","title":{"rendered":"500 ml Extra Virgin | Cold Pressed Olive Oil | Odessa"},"content":{"rendered":"<p><b>Mrs. Farmer Nat\u00fcrel S\u0131zma Zeytinya\u011f\u0131<\/b> ile Ege&#8217;nin kalbinden gelen e\u015fsiz lezzeti sofran\u0131za ta\u015f\u0131y\u0131n. 500 ml&#8217;lik \u00f6zel \u015fi\u015fesinde, Ege&#8217;nin bereketli topraklar\u0131ndan gelen <b>erken hasat<\/b> zeytinlerden elde edilen bu alt\u0131n s\u0131v\u0131, her damlas\u0131nda do\u011fall\u0131k ve kalite bar\u0131nd\u0131r\u0131yor. Zeytinlerin dal\u0131ndan kopar\u0131ld\u0131\u011f\u0131 andaki tazeli\u011fi ve meyvemsi aromas\u0131, <b>so\u011fuk s\u0131k\u0131m<\/b> y\u00f6ntemiyle i\u015flenerek en saf haliyle sunuluyor.<\/p>\n<h3><strong>Lezzet ve Sa\u011fl\u0131\u011f\u0131n Bulu\u015fmas\u0131<\/strong><\/h3>\n<p>Bu <b>s\u0131zma zeytinya\u011f\u0131<\/b>, d\u00fc\u015f\u00fck asit oran\u0131yla y\u00fcksek kalitesini kan\u0131tlar. Yemeklerinize e\u015fsiz bir tat katarken, salatalar\u0131n\u0131za da benzersiz bir dokunu\u015f sa\u011flar. <b>Nat\u00fcrel s\u0131zma zeytinya\u011f\u0131n\u0131<\/b> e\u015fsiz k\u0131lan, sadece lezzeti de\u011fil, ayn\u0131 zamanda sa\u011fl\u0131\u011fa olan faydalar\u0131d\u0131r. Kalp sa\u011fl\u0131\u011f\u0131 dostu, y\u00fcksek antioksidan i\u00e7eri\u011fi ve sa\u011fl\u0131kl\u0131 ya\u011f asitleri ile v\u00fccudunuza iyi bakar. <b>Erken hasat<\/b> ve <b>so\u011fuk s\u0131k\u0131m<\/b> y\u00f6ntemleriyle elde edilen Mrs. Farmer zeytinya\u011f\u0131, besin de\u011ferlerini en \u00fcst seviyede tutarak size en faydal\u0131 \u00fcr\u00fcn\u00fc sunar.<\/p>\n<h3><strong>Neden Mrs. Farmer?<\/strong><\/h3>\n<ul>\n<li><b>%100 Ege Zeytinlerinden:<\/b> Yaln\u0131zca Ege&#8217;nin en kaliteli zeytinleri kullan\u0131l\u0131r.<\/li>\n<li><b>So\u011fuk S\u0131k\u0131m:<\/b> Zeytinin t\u00fcm besin de\u011ferlerini ve aromas\u0131n\u0131 korur.<\/li>\n<li><b>Erken Hasat:<\/b> Daha yo\u011fun bir aroma ve y\u00fcksek besin de\u011feri sunar.<\/li>\n<li><b>D\u00fc\u015f\u00fck Asit Oran\u0131:<\/b> \u00dcst\u00fcn kaliteyi ve safl\u0131\u011f\u0131 g\u00f6sterir.<\/li>\n<li><b>Cam \u015ei\u015fe:<\/b> \u00dcr\u00fcn\u00fcn tazeli\u011fini ve kalitesini uzun s\u00fcre muhafaza eder.<\/li>\n<\/ul>\n<p>Siz de mutfa\u011f\u0131n\u0131zda sa\u011fl\u0131kl\u0131 ve lezzetli bir de\u011fi\u015fime ba\u015flamak istiyorsan\u0131z, <b>Mrs. Farmer Nat\u00fcrel S\u0131zma Zeytinya\u011f\u0131 500 ml<\/b>&#8216;yi hemen sepetinize ekleyin ve bu e\u015fsiz Ege lezzetini deneyimleyin.<\/p>\n<p><b>Etiketler:<\/b> Nat\u00fcrel S\u0131zma Zeytinya\u011f\u0131, Zeytinya\u011f\u0131 0.5 lt, So\u011fuk S\u0131k\u0131m, Erken Hasat, Zeytin Ya\u011f\u0131, Organik Zeytinya\u011f\u0131, Zeytinya\u011f\u0131 Fiyatlar\u0131, Mrs. Farmer Zeytinya\u011f\u0131, En \u0130yi Zeytinya\u011f\u0131, Ege Zeytinya\u011f\u0131<\/p>","protected":false},"excerpt":{"rendered":"<p>Mrs. Farmer dan so\u011fuk s\u0131k\u0131m naturel s\u0131zma zeytinya\u011f\u0131! Ege&#8217;nin e\u015fsiz zeytinlerinden \u00fcretilen do\u011fal zeytinya\u011f\u0131 ve s\u0131zma zeytinya\u011f\u0131 \u00e7e\u015fitlerimizi ke\u015ffedin. Zeytinya\u011f\u0131 so\u011fuk s\u0131k\u0131m y\u00f6ntemiyle elde edilen, hakiki zeytinya\u011f\u0131 ar\u0131yorsan\u0131z do\u011fru adrestesiniz. En iyi zeytinya\u011f\u0131 fiyat\u0131 garantisiyle, sofralar\u0131n\u0131za Ege s\u0131zma naturel zeytinya\u011f\u0131 lezzetini\u00a0ta\u015f\u0131y\u0131n.<\/p>","protected":false},"featured_media":27822,"comment_status":"open","ping_status":"closed","template":"","meta":{"inline_featured_image":false},"product_brand":[72],"product_cat":[20],"product_tag":[],"class_list":{"0":"post-27585","1":"product","2":"type-product","3":"status-publish","4":"has-post-thumbnail","6":"product_brand-mrs-farmer","7":"product_cat-zeytin-yagi-soguk-sikim-mrs-farmer","9":"first","10":"instock","11":"shipping-taxable","12":"purchasable","13":"product-type-simple"},"yoast_head":"<!-- This site is optimized with the Yoast SEO Premium plugin v22.5 (Yoast SEO v27.4) - https:\/\/yoast.com\/product\/yoast-seo-premium-wordpress\/ -->\n<title>500 ml Naturel S\u0131zma So\u011fuk S\u0131k\u0131m Zeytinya\u011f\u0131 | Mrs. Farmer<\/title>\n<meta name=\"description\" content=\"500 ml Naturel S\u0131zma So\u011fuk S\u0131k\u0131m Zeytinya\u011f\u0131; taze aromas\u0131, y\u00fcksek besin de\u011feri ve katk\u0131s\u0131z \u00fcretimiyle sa\u011fl\u0131kl\u0131 ve lezzetli sofralar i\u00e7in m\u00fckemmel tercihtir.\" \/>\n<meta name=\"robots\" content=\"index, follow, max-snippet:-1, max-image-preview:large, max-video-preview:-1\" \/>\n<link rel=\"canonical\" href=\"https:\/\/mrsfarmer.org\/en\/product\/500-ml-naturel-sizma-soguk-sikim-zeytin-yagi-odessa\/\" \/>\n<meta property=\"og:locale\" content=\"en_US\" \/>\n<meta property=\"og:type\" content=\"article\" \/>\n<meta property=\"og:title\" content=\"500 ml Naturel S\u0131zma | So\u011fuk S\u0131k\u0131m Zeytin Ya\u011f\u0131 | Odessa\" \/>\n<meta property=\"og:description\" content=\"500 ml Naturel S\u0131zma So\u011fuk S\u0131k\u0131m Zeytinya\u011f\u0131; taze aromas\u0131, y\u00fcksek besin de\u011feri ve katk\u0131s\u0131z \u00fcretimiyle sa\u011fl\u0131kl\u0131 ve lezzetli sofralar i\u00e7in m\u00fckemmel tercihtir.\" \/>\n<meta property=\"og:url\" content=\"https:\/\/mrsfarmer.org\/en\/product\/500-ml-naturel-sizma-soguk-sikim-zeytin-yagi-odessa\/\" \/>\n<meta property=\"og:site_name\" content=\"Mrs Farmer Naturel Zeytinya\u011f\u0131 | So\u011fuk S\u0131k\u0131m Premium Zeytinya\u011f\u0131\" \/>\n<meta property=\"article:modified_time\" content=\"2025-11-13T20:46:54+00:00\" \/>\n<meta property=\"og:image\" content=\"https:\/\/mrsfarmer.org\/wp-content\/uploads\/2025\/11\/500-ml-Naturel-Sizma-Soguk-Sikim-Zeytin-Yagi-Odessa.png\" \/>\n\t<meta property=\"og:image:width\" content=\"870\" \/>\n\t<meta property=\"og:image:height\" content=\"870\" \/>\n\t<meta property=\"og:image:type\" content=\"image\/png\" \/>\n<meta name=\"twitter:card\" content=\"summary_large_image\" \/>\n<meta name=\"twitter:label1\" content=\"Est. reading time\" \/>\n\t<meta name=\"twitter:data1\" content=\"2 minutes\" \/>\n<script type=\"application\/ld+json\" class=\"yoast-schema-graph\">{\"@context\":\"https:\\\/\\\/schema.org\",\"@graph\":[{\"@type\":\"WebPage\",\"@id\":\"https:\\\/\\\/mrsfarmer.org\\\/urun\\\/500-ml-naturel-sizma-soguk-sikim-zeytin-yagi-odessa\\\/\",\"url\":\"https:\\\/\\\/mrsfarmer.org\\\/urun\\\/500-ml-naturel-sizma-soguk-sikim-zeytin-yagi-odessa\\\/\",\"name\":\"500 ml Naturel S\u0131zma So\u011fuk S\u0131k\u0131m Zeytinya\u011f\u0131 | Mrs. Farmer\",\"isPartOf\":{\"@id\":\"https:\\\/\\\/mrsfarmer.org\\\/#website\"},\"primaryImageOfPage\":{\"@id\":\"https:\\\/\\\/mrsfarmer.org\\\/urun\\\/500-ml-naturel-sizma-soguk-sikim-zeytin-yagi-odessa\\\/#primaryimage\"},\"image\":{\"@id\":\"https:\\\/\\\/mrsfarmer.org\\\/urun\\\/500-ml-naturel-sizma-soguk-sikim-zeytin-yagi-odessa\\\/#primaryimage\"},\"thumbnailUrl\":\"https:\\\/\\\/mrsfarmer.org\\\/wp-content\\\/uploads\\\/2025\\\/11\\\/500-ml-Naturel-Sizma-Soguk-Sikim-Zeytin-Yagi-Odessa.png\",\"datePublished\":\"2025-10-30T14:08:47+00:00\",\"dateModified\":\"2025-11-13T20:46:54+00:00\",\"description\":\"500 ml Naturel S\u0131zma So\u011fuk S\u0131k\u0131m Zeytinya\u011f\u0131; taze aromas\u0131, y\u00fcksek besin de\u011feri ve katk\u0131s\u0131z \u00fcretimiyle sa\u011fl\u0131kl\u0131 ve lezzetli sofralar i\u00e7in m\u00fckemmel tercihtir.\",\"breadcrumb\":{\"@id\":\"https:\\\/\\\/mrsfarmer.org\\\/urun\\\/500-ml-naturel-sizma-soguk-sikim-zeytin-yagi-odessa\\\/#breadcrumb\"},\"inLanguage\":\"en-US\",\"potentialAction\":[{\"@type\":\"ReadAction\",\"target\":[\"https:\\\/\\\/mrsfarmer.org\\\/urun\\\/500-ml-naturel-sizma-soguk-sikim-zeytin-yagi-odessa\\\/\"]}]},{\"@type\":\"ImageObject\",\"inLanguage\":\"en-US\",\"@id\":\"https:\\\/\\\/mrsfarmer.org\\\/urun\\\/500-ml-naturel-sizma-soguk-sikim-zeytin-yagi-odessa\\\/#primaryimage\",\"url\":\"https:\\\/\\\/mrsfarmer.org\\\/wp-content\\\/uploads\\\/2025\\\/11\\\/500-ml-Naturel-Sizma-Soguk-Sikim-Zeytin-Yagi-Odessa.png\",\"contentUrl\":\"https:\\\/\\\/mrsfarmer.org\\\/wp-content\\\/uploads\\\/2025\\\/11\\\/500-ml-Naturel-Sizma-Soguk-Sikim-Zeytin-Yagi-Odessa.png\",\"width\":870,\"height\":870},{\"@type\":\"BreadcrumbList\",\"@id\":\"https:\\\/\\\/mrsfarmer.org\\\/urun\\\/500-ml-naturel-sizma-soguk-sikim-zeytin-yagi-odessa\\\/#breadcrumb\",\"itemListElement\":[{\"@type\":\"ListItem\",\"position\":1,\"name\":\"Anasayfa\",\"item\":\"https:\\\/\\\/mrsfarmer.org\\\/\"},{\"@type\":\"ListItem\",\"position\":2,\"name\":\"\u00dcR\u00dcNLER\u0130M\u0130Z\",\"item\":\"https:\\\/\\\/mrsfarmer.org\\\/urunlerimiz\\\/\"},{\"@type\":\"ListItem\",\"position\":3,\"name\":\"500 ml Naturel S\u0131zma | So\u011fuk S\u0131k\u0131m Zeytin Ya\u011f\u0131 | Odessa\"}]},{\"@type\":\"WebSite\",\"@id\":\"https:\\\/\\\/mrsfarmer.org\\\/#website\",\"url\":\"https:\\\/\\\/mrsfarmer.org\\\/\",\"name\":\"Mrs Farmer Naturel Zeytinya\u011f\u0131 | So\u011fuk S\u0131k\u0131m Premium Zeytinya\u011f\u0131\",\"description\":\"Ege&#039;nin As\u0131rl\u0131k Bah\u00e7elerinden Erken Hasat | Naturel | So\u011fuk S\u0131k\u0131m Zeytinya\u011f\u0131\",\"publisher\":{\"@id\":\"https:\\\/\\\/mrsfarmer.org\\\/#organization\"},\"potentialAction\":[{\"@type\":\"SearchAction\",\"target\":{\"@type\":\"EntryPoint\",\"urlTemplate\":\"https:\\\/\\\/mrsfarmer.org\\\/?s={search_term_string}\"},\"query-input\":{\"@type\":\"PropertyValueSpecification\",\"valueRequired\":true,\"valueName\":\"search_term_string\"}}],\"inLanguage\":\"en-US\"},{\"@type\":\"Organization\",\"@id\":\"https:\\\/\\\/mrsfarmer.org\\\/#organization\",\"name\":\"Mrs Farmer Naturel Zeytinya\u011f\u0131 | So\u011fuk S\u0131k\u0131m Premium Zeytinya\u011f\u0131\",\"url\":\"https:\\\/\\\/mrsfarmer.org\\\/\",\"logo\":{\"@type\":\"ImageObject\",\"inLanguage\":\"en-US\",\"@id\":\"https:\\\/\\\/mrsfarmer.org\\\/#\\\/schema\\\/logo\\\/image\\\/\",\"url\":\"https:\\\/\\\/mrsfarmer.org\\\/wp-content\\\/uploads\\\/2025\\\/10\\\/mrs-farmer-logo-yan-Custom.png\",\"contentUrl\":\"https:\\\/\\\/mrsfarmer.org\\\/wp-content\\\/uploads\\\/2025\\\/10\\\/mrs-farmer-logo-yan-Custom.png\",\"width\":700,\"height\":315,\"caption\":\"Mrs Farmer Naturel Zeytinya\u011f\u0131 | So\u011fuk S\u0131k\u0131m Premium Zeytinya\u011f\u0131\"},\"image\":{\"@id\":\"https:\\\/\\\/mrsfarmer.org\\\/#\\\/schema\\\/logo\\\/image\\\/\"},\"sameAs\":[\"https:\\\/\\\/www.instagram.com\\\/mrs.farmer.tr\\\/\",\"https:\\\/\\\/www.youtube.com\\\/@mrs.farmer.tr\"],\"description\":\"Do\u011fall\u0131\u011f\u0131n ve Lezzetin \u00d6z\u00fc: Mrs. Farmer\u2019s Zeytinya\u011f\u0131 Tad\u0131 ve aromas\u0131yla \u00f6ne \u00e7\u0131kan Manisa\u2019n\u0131n bereketli topraklar\u0131nda, as\u0131rl\u0131k zeytin a\u011fa\u00e7lar\u0131m\u0131z\u0131n meyvelerinden \u00f6zenle \u00fcretilen Mrs. Farmer\u2019s Zeytinya\u011f\u0131, do\u011fan\u0131n saf lezzetini sofralar\u0131n\u0131za ta\u015f\u0131r. Gediz Ovas\u0131\u2019n\u0131n verimli ikliminde yeti\u015fen zeytinlerimiz, olgunluk d\u00f6neminde elle toplanarak k\u0131sa s\u00fcrede modern tesislerimize ula\u015ft\u0131r\u0131l\u0131r. Burada bekletilmeden; y\u0131kan\u0131r, k\u0131r\u0131l\u0131r, yo\u011frulur ve tamamen so\u011fuk s\u0131k\u0131m y\u00f6ntemiyle zeytinya\u011f\u0131na d\u00f6n\u00fc\u015ft\u00fcr\u00fcl\u00fcr.\",\"email\":\"mail@mrsfarmers.org\",\"telephone\":\"0 533 363 3276\",\"legalName\":\"Mrs Farmer\",\"foundingDate\":\"2025-03-01\",\"numberOfEmployees\":{\"@type\":\"QuantitativeValue\",\"minValue\":\"1\",\"maxValue\":\"10\"}}]}<\/script>\n<!-- \/ Yoast SEO Premium plugin. -->","yoast_head_json":{"title":"500 ml Naturel S\u0131zma So\u011fuk S\u0131k\u0131m Zeytinya\u011f\u0131 | Mrs. Farmer","description":"500 ml Naturel S\u0131zma So\u011fuk S\u0131k\u0131m Zeytinya\u011f\u0131; taze aromas\u0131, y\u00fcksek besin de\u011feri ve katk\u0131s\u0131z \u00fcretimiyle sa\u011fl\u0131kl\u0131 ve lezzetli sofralar i\u00e7in m\u00fckemmel tercihtir.","robots":{"index":"index","follow":"follow","max-snippet":"max-snippet:-1","max-image-preview":"max-image-preview:large","max-video-preview":"max-video-preview:-1"},"canonical":"https:\/\/mrsfarmer.org\/en\/product\/500-ml-naturel-sizma-soguk-sikim-zeytin-yagi-odessa\/","og_locale":"en_US","og_type":"article","og_title":"500 ml Naturel S\u0131zma | So\u011fuk S\u0131k\u0131m Zeytin Ya\u011f\u0131 | Odessa","og_description":"500 ml Naturel S\u0131zma So\u011fuk S\u0131k\u0131m Zeytinya\u011f\u0131; taze aromas\u0131, y\u00fcksek besin de\u011feri ve katk\u0131s\u0131z \u00fcretimiyle sa\u011fl\u0131kl\u0131 ve lezzetli sofralar i\u00e7in m\u00fckemmel tercihtir.","og_url":"https:\/\/mrsfarmer.org\/en\/product\/500-ml-naturel-sizma-soguk-sikim-zeytin-yagi-odessa\/","og_site_name":"Mrs Farmer Naturel Zeytinya\u011f\u0131 | So\u011fuk S\u0131k\u0131m Premium Zeytinya\u011f\u0131","article_modified_time":"2025-11-13T20:46:54+00:00","og_image":[{"width":870,"height":870,"url":"https:\/\/mrsfarmer.org\/wp-content\/uploads\/2025\/11\/500-ml-Naturel-Sizma-Soguk-Sikim-Zeytin-Yagi-Odessa.png","type":"image\/png"}],"twitter_card":"summary_large_image","twitter_misc":{"Est. reading time":"2 minutes"},"schema":{"@context":"https:\/\/schema.org","@graph":[{"@type":"WebPage","@id":"https:\/\/mrsfarmer.org\/urun\/500-ml-naturel-sizma-soguk-sikim-zeytin-yagi-odessa\/","url":"https:\/\/mrsfarmer.org\/urun\/500-ml-naturel-sizma-soguk-sikim-zeytin-yagi-odessa\/","name":"500 ml Naturel S\u0131zma So\u011fuk S\u0131k\u0131m Zeytinya\u011f\u0131 | Mrs. Farmer","isPartOf":{"@id":"https:\/\/mrsfarmer.org\/#website"},"primaryImageOfPage":{"@id":"https:\/\/mrsfarmer.org\/urun\/500-ml-naturel-sizma-soguk-sikim-zeytin-yagi-odessa\/#primaryimage"},"image":{"@id":"https:\/\/mrsfarmer.org\/urun\/500-ml-naturel-sizma-soguk-sikim-zeytin-yagi-odessa\/#primaryimage"},"thumbnailUrl":"https:\/\/mrsfarmer.org\/wp-content\/uploads\/2025\/11\/500-ml-Naturel-Sizma-Soguk-Sikim-Zeytin-Yagi-Odessa.png","datePublished":"2025-10-30T14:08:47+00:00","dateModified":"2025-11-13T20:46:54+00:00","description":"500 ml Naturel S\u0131zma So\u011fuk S\u0131k\u0131m Zeytinya\u011f\u0131; taze aromas\u0131, y\u00fcksek besin de\u011feri ve katk\u0131s\u0131z \u00fcretimiyle sa\u011fl\u0131kl\u0131 ve lezzetli sofralar i\u00e7in m\u00fckemmel tercihtir.","breadcrumb":{"@id":"https:\/\/mrsfarmer.org\/urun\/500-ml-naturel-sizma-soguk-sikim-zeytin-yagi-odessa\/#breadcrumb"},"inLanguage":"en-US","potentialAction":[{"@type":"ReadAction","target":["https:\/\/mrsfarmer.org\/urun\/500-ml-naturel-sizma-soguk-sikim-zeytin-yagi-odessa\/"]}]},{"@type":"ImageObject","inLanguage":"en-US","@id":"https:\/\/mrsfarmer.org\/urun\/500-ml-naturel-sizma-soguk-sikim-zeytin-yagi-odessa\/#primaryimage","url":"https:\/\/mrsfarmer.org\/wp-content\/uploads\/2025\/11\/500-ml-Naturel-Sizma-Soguk-Sikim-Zeytin-Yagi-Odessa.png","contentUrl":"https:\/\/mrsfarmer.org\/wp-content\/uploads\/2025\/11\/500-ml-Naturel-Sizma-Soguk-Sikim-Zeytin-Yagi-Odessa.png","width":870,"height":870},{"@type":"BreadcrumbList","@id":"https:\/\/mrsfarmer.org\/urun\/500-ml-naturel-sizma-soguk-sikim-zeytin-yagi-odessa\/#breadcrumb","itemListElement":[{"@type":"ListItem","position":1,"name":"Anasayfa","item":"https:\/\/mrsfarmer.org\/"},{"@type":"ListItem","position":2,"name":"\u00dcR\u00dcNLER\u0130M\u0130Z","item":"https:\/\/mrsfarmer.org\/urunlerimiz\/"},{"@type":"ListItem","position":3,"name":"500 ml Naturel S\u0131zma | So\u011fuk S\u0131k\u0131m Zeytin Ya\u011f\u0131 | Odessa"}]},{"@type":"WebSite","@id":"https:\/\/mrsfarmer.org\/#website","url":"https:\/\/mrsfarmer.org\/","name":"Mrs Farmer Naturel Zeytinya\u011f\u0131 | So\u011fuk S\u0131k\u0131m Premium Zeytinya\u011f\u0131","description":"Ege&#039;nin As\u0131rl\u0131k Bah\u00e7elerinden Erken Hasat | Naturel | So\u011fuk S\u0131k\u0131m Zeytinya\u011f\u0131","publisher":{"@id":"https:\/\/mrsfarmer.org\/#organization"},"potentialAction":[{"@type":"SearchAction","target":{"@type":"EntryPoint","urlTemplate":"https:\/\/mrsfarmer.org\/?s={search_term_string}"},"query-input":{"@type":"PropertyValueSpecification","valueRequired":true,"valueName":"search_term_string"}}],"inLanguage":"en-US"},{"@type":"Organization","@id":"https:\/\/mrsfarmer.org\/#organization","name":"Mrs Farmer Naturel Zeytinya\u011f\u0131 | So\u011fuk S\u0131k\u0131m Premium Zeytinya\u011f\u0131","url":"https:\/\/mrsfarmer.org\/","logo":{"@type":"ImageObject","inLanguage":"en-US","@id":"https:\/\/mrsfarmer.org\/#\/schema\/logo\/image\/","url":"https:\/\/mrsfarmer.org\/wp-content\/uploads\/2025\/10\/mrs-farmer-logo-yan-Custom.png","contentUrl":"https:\/\/mrsfarmer.org\/wp-content\/uploads\/2025\/10\/mrs-farmer-logo-yan-Custom.png","width":700,"height":315,"caption":"Mrs Farmer Naturel Zeytinya\u011f\u0131 | So\u011fuk S\u0131k\u0131m Premium Zeytinya\u011f\u0131"},"image":{"@id":"https:\/\/mrsfarmer.org\/#\/schema\/logo\/image\/"},"sameAs":["https:\/\/www.instagram.com\/mrs.farmer.tr\/","https:\/\/www.youtube.com\/@mrs.farmer.tr"],"description":"Do\u011fall\u0131\u011f\u0131n ve Lezzetin \u00d6z\u00fc: Mrs. Farmer\u2019s Zeytinya\u011f\u0131 Tad\u0131 ve aromas\u0131yla \u00f6ne \u00e7\u0131kan Manisa\u2019n\u0131n bereketli topraklar\u0131nda, as\u0131rl\u0131k zeytin a\u011fa\u00e7lar\u0131m\u0131z\u0131n meyvelerinden \u00f6zenle \u00fcretilen Mrs. Farmer\u2019s Zeytinya\u011f\u0131, do\u011fan\u0131n saf lezzetini sofralar\u0131n\u0131za ta\u015f\u0131r. Gediz Ovas\u0131\u2019n\u0131n verimli ikliminde yeti\u015fen zeytinlerimiz, olgunluk d\u00f6neminde elle toplanarak k\u0131sa s\u00fcrede modern tesislerimize ula\u015ft\u0131r\u0131l\u0131r. Burada bekletilmeden; y\u0131kan\u0131r, k\u0131r\u0131l\u0131r, yo\u011frulur ve tamamen so\u011fuk s\u0131k\u0131m y\u00f6ntemiyle zeytinya\u011f\u0131na d\u00f6n\u00fc\u015ft\u00fcr\u00fcl\u00fcr.","email":"mail@mrsfarmers.org","telephone":"0 533 363 3276","legalName":"Mrs Farmer","foundingDate":"2025-03-01","numberOfEmployees":{"@type":"QuantitativeValue","minValue":"1","maxValue":"10"}}]}},"_links":{"self":[{"href":"https:\/\/mrsfarmer.org\/en\/wp-json\/wp\/v2\/product\/27585","targetHints":{"allow":["GET"]}}],"collection":[{"href":"https:\/\/mrsfarmer.org\/en\/wp-json\/wp\/v2\/product"}],"about":[{"href":"https:\/\/mrsfarmer.org\/en\/wp-json\/wp\/v2\/types\/product"}],"replies":[{"embeddable":true,"href":"https:\/\/mrsfarmer.org\/en\/wp-json\/wp\/v2\/comments?post=27585"}],"version-history":[{"count":0,"href":"https:\/\/mrsfarmer.org\/en\/wp-json\/wp\/v2\/product\/27585\/revisions"}],"wp:featuredmedia":[{"embeddable":true,"href":"https:\/\/mrsfarmer.org\/en\/wp-json\/wp\/v2\/media\/27822"}],"wp:attachment":[{"href":"https:\/\/mrsfarmer.org\/en\/wp-json\/wp\/v2\/media?parent=27585"}],"wp:term":[{"taxonomy":"product_brand","embeddable":true,"href":"https:\/\/mrsfarmer.org\/en\/wp-json\/wp\/v2\/product_brand?post=27585"},{"taxonomy":"product_cat","embeddable":true,"href":"https:\/\/mrsfarmer.org\/en\/wp-json\/wp\/v2\/product_cat?post=27585"},{"taxonomy":"product_tag","embeddable":true,"href":"https:\/\/mrsfarmer.org\/en\/wp-json\/wp\/v2\/product_tag?post=27585"}],"curies":[{"name":"wp","href":"https:\/\/api.w.org\/{rel}","templated":true}]}}