{"id":27566,"date":"2025-10-30T13:41:52","date_gmt":"2025-10-30T13:41:52","guid":{"rendered":"https:\/\/mrsfarmer.org\/?post_type=product&#038;p=27566"},"modified":"2025-11-13T20:59:20","modified_gmt":"2025-11-13T20:59:20","slug":"250-ml-naturel-sizma-soguk-sikim-zeytin-yagi-dorika","status":"publish","type":"product","link":"https:\/\/mrsfarmer.org\/en\/product\/250-ml-naturel-sizma-soguk-sikim-zeytin-yagi-dorika\/","title":{"rendered":"250 ml Extra Virgin | Cold Pressed Olive Oil | Dorika"},"content":{"rendered":"<p>Mrs. Farmer dan so\u011fuk s\u0131k\u0131m naturel s\u0131zma zeytinya\u011f\u0131 250 ml. Ege&#8217;nin e\u015fsiz zeytinlerinden \u00fcretilen do\u011fal zeytinya\u011f\u0131 ve s\u0131zma zeytinya\u011f\u0131 \u00e7e\u015fitlerimizi ke\u015ffedin. Zeytinya\u011f\u0131 so\u011fuk s\u0131k\u0131m y\u00f6ntemiyle elde edilen, hakiki zeytinya\u011f\u0131 ar\u0131yorsan\u0131z do\u011fru adrestesiniz. En iyi zeytinya\u011f\u0131 fiyat\u0131 garantisiyle, sofralar\u0131n\u0131za Ege s\u0131zma naturel zeytinya\u011f\u0131 lezzetini ta\u015f\u0131y\u0131n.<\/p>","protected":false},"excerpt":{"rendered":"<p>Mrs. Farmer dan so\u011fuk s\u0131k\u0131m naturel s\u0131zma zeytinya\u011f\u0131 250 ml. Ege&#8217;nin e\u015fsiz zeytinlerinden \u00fcretilen do\u011fal zeytinya\u011f\u0131 ve s\u0131zma zeytinya\u011f\u0131 \u00e7e\u015fitlerimizi ke\u015ffedin. Zeytinya\u011f\u0131 so\u011fuk s\u0131k\u0131m y\u00f6ntemiyle elde edilen, hakiki zeytinya\u011f\u0131 ar\u0131yorsan\u0131z do\u011fru adrestesiniz. En iyi zeytinya\u011f\u0131 fiyat\u0131 garantisiyle, sofralar\u0131n\u0131za Ege s\u0131zma naturel zeytinya\u011f\u0131 lezzetini ta\u015f\u0131y\u0131n.<\/p>","protected":false},"featured_media":27841,"comment_status":"open","ping_status":"closed","template":"","meta":{"inline_featured_image":false},"product_brand":[72],"product_cat":[20],"product_tag":[],"class_list":{"0":"post-27566","1":"product","2":"type-product","3":"status-publish","4":"has-post-thumbnail","6":"product_brand-mrs-farmer","7":"product_cat-zeytin-yagi-soguk-sikim-mrs-farmer","9":"first","10":"instock","11":"shipping-taxable","12":"purchasable","13":"product-type-simple"},"yoast_head":"<!-- This site is optimized with the Yoast SEO Premium plugin v22.5 (Yoast SEO v27.4) - https:\/\/yoast.com\/product\/yoast-seo-premium-wordpress\/ -->\n<title>250 ml Naturel S\u0131zma So\u011fuk S\u0131k\u0131m Zeytinya\u011f\u0131 | Mrs. Farmer<\/title>\n<meta name=\"description\" content=\"250 ml Naturel S\u0131zma So\u011fuk S\u0131k\u0131m Zeytinya\u011f\u0131; taze aromas\u0131, y\u00fcksek besin de\u011feri ve katk\u0131s\u0131z \u00fcretimiyle sa\u011fl\u0131kl\u0131 ve lezzetli sofralar i\u00e7in m\u00fckemmel tercihtir.\" \/>\n<meta name=\"robots\" content=\"index, follow, max-snippet:-1, max-image-preview:large, max-video-preview:-1\" \/>\n<link rel=\"canonical\" href=\"https:\/\/mrsfarmer.org\/en\/product\/250-ml-naturel-sizma-soguk-sikim-zeytin-yagi-dorika\/\" \/>\n<meta property=\"og:locale\" content=\"en_US\" \/>\n<meta property=\"og:type\" content=\"article\" \/>\n<meta property=\"og:title\" content=\"250 ml Naturel S\u0131zma | So\u011fuk S\u0131k\u0131m Zeytin Ya\u011f\u0131 | Dorika\" \/>\n<meta property=\"og:description\" content=\"250 ml Naturel S\u0131zma So\u011fuk S\u0131k\u0131m Zeytinya\u011f\u0131; taze aromas\u0131, y\u00fcksek besin de\u011feri ve katk\u0131s\u0131z \u00fcretimiyle sa\u011fl\u0131kl\u0131 ve lezzetli sofralar i\u00e7in m\u00fckemmel tercihtir.\" \/>\n<meta property=\"og:url\" content=\"https:\/\/mrsfarmer.org\/en\/product\/250-ml-naturel-sizma-soguk-sikim-zeytin-yagi-dorika\/\" \/>\n<meta property=\"og:site_name\" content=\"Mrs Farmer Naturel Zeytinya\u011f\u0131 | So\u011fuk S\u0131k\u0131m Premium Zeytinya\u011f\u0131\" \/>\n<meta property=\"article:modified_time\" content=\"2025-11-13T20:59:20+00:00\" \/>\n<meta property=\"og:image\" content=\"https:\/\/mrsfarmer.org\/wp-content\/uploads\/2025\/11\/250-ml-Naturel-Sizma-Soguk-Sikim-Zeytin-Yagi-Dorika.png\" \/>\n\t<meta property=\"og:image:width\" content=\"870\" \/>\n\t<meta property=\"og:image:height\" content=\"870\" \/>\n\t<meta property=\"og:image:type\" content=\"image\/png\" \/>\n<meta name=\"twitter:card\" content=\"summary_large_image\" \/>\n<meta name=\"twitter:label1\" content=\"Est. reading time\" \/>\n\t<meta name=\"twitter:data1\" content=\"1 minute\" \/>\n<script type=\"application\/ld+json\" class=\"yoast-schema-graph\">{\"@context\":\"https:\\\/\\\/schema.org\",\"@graph\":[{\"@type\":\"WebPage\",\"@id\":\"https:\\\/\\\/mrsfarmer.org\\\/en\\\/product\\\/250-ml-naturel-sizma-soguk-sikim-zeytin-yagi-dorika\\\/\",\"url\":\"https:\\\/\\\/mrsfarmer.org\\\/en\\\/product\\\/250-ml-naturel-sizma-soguk-sikim-zeytin-yagi-dorika\\\/\",\"name\":\"250 ml Naturel S\u0131zma So\u011fuk S\u0131k\u0131m Zeytinya\u011f\u0131 | Mrs. Farmer\",\"isPartOf\":{\"@id\":\"https:\\\/\\\/mrsfarmer.org\\\/#website\"},\"primaryImageOfPage\":{\"@id\":\"https:\\\/\\\/mrsfarmer.org\\\/en\\\/product\\\/250-ml-naturel-sizma-soguk-sikim-zeytin-yagi-dorika\\\/#primaryimage\"},\"image\":{\"@id\":\"https:\\\/\\\/mrsfarmer.org\\\/en\\\/product\\\/250-ml-naturel-sizma-soguk-sikim-zeytin-yagi-dorika\\\/#primaryimage\"},\"thumbnailUrl\":\"https:\\\/\\\/mrsfarmer.org\\\/wp-content\\\/uploads\\\/2025\\\/11\\\/250-ml-Naturel-Sizma-Soguk-Sikim-Zeytin-Yagi-Dorika.png\",\"datePublished\":\"2025-10-30T13:41:52+00:00\",\"dateModified\":\"2025-11-13T20:59:20+00:00\",\"description\":\"250 ml Naturel S\u0131zma So\u011fuk S\u0131k\u0131m Zeytinya\u011f\u0131; taze aromas\u0131, y\u00fcksek besin de\u011feri ve katk\u0131s\u0131z \u00fcretimiyle sa\u011fl\u0131kl\u0131 ve lezzetli sofralar i\u00e7in m\u00fckemmel tercihtir.\",\"breadcrumb\":{\"@id\":\"https:\\\/\\\/mrsfarmer.org\\\/en\\\/product\\\/250-ml-naturel-sizma-soguk-sikim-zeytin-yagi-dorika\\\/#breadcrumb\"},\"inLanguage\":\"en-US\",\"potentialAction\":[{\"@type\":\"ReadAction\",\"target\":[\"https:\\\/\\\/mrsfarmer.org\\\/en\\\/product\\\/250-ml-naturel-sizma-soguk-sikim-zeytin-yagi-dorika\\\/\"]}]},{\"@type\":\"ImageObject\",\"inLanguage\":\"en-US\",\"@id\":\"https:\\\/\\\/mrsfarmer.org\\\/en\\\/product\\\/250-ml-naturel-sizma-soguk-sikim-zeytin-yagi-dorika\\\/#primaryimage\",\"url\":\"https:\\\/\\\/mrsfarmer.org\\\/wp-content\\\/uploads\\\/2025\\\/11\\\/250-ml-Naturel-Sizma-Soguk-Sikim-Zeytin-Yagi-Dorika.png\",\"contentUrl\":\"https:\\\/\\\/mrsfarmer.org\\\/wp-content\\\/uploads\\\/2025\\\/11\\\/250-ml-Naturel-Sizma-Soguk-Sikim-Zeytin-Yagi-Dorika.png\",\"width\":870,\"height\":870},{\"@type\":\"BreadcrumbList\",\"@id\":\"https:\\\/\\\/mrsfarmer.org\\\/en\\\/product\\\/250-ml-naturel-sizma-soguk-sikim-zeytin-yagi-dorika\\\/#breadcrumb\",\"itemListElement\":[{\"@type\":\"ListItem\",\"position\":1,\"name\":\"Anasayfa\",\"item\":\"https:\\\/\\\/mrsfarmer.org\\\/\"},{\"@type\":\"ListItem\",\"position\":2,\"name\":\"\u00dcR\u00dcNLER\u0130M\u0130Z\",\"item\":\"https:\\\/\\\/mrsfarmer.org\\\/urunlerimiz\\\/\"},{\"@type\":\"ListItem\",\"position\":3,\"name\":\"250 ml Naturel S\u0131zma | So\u011fuk S\u0131k\u0131m Zeytin Ya\u011f\u0131 | Dorika\"}]},{\"@type\":\"WebSite\",\"@id\":\"https:\\\/\\\/mrsfarmer.org\\\/#website\",\"url\":\"https:\\\/\\\/mrsfarmer.org\\\/\",\"name\":\"Mrs Farmer Naturel Zeytinya\u011f\u0131 | So\u011fuk S\u0131k\u0131m Premium Zeytinya\u011f\u0131\",\"description\":\"Ege&#039;nin As\u0131rl\u0131k Bah\u00e7elerinden Erken Hasat | Naturel | So\u011fuk S\u0131k\u0131m Zeytinya\u011f\u0131\",\"publisher\":{\"@id\":\"https:\\\/\\\/mrsfarmer.org\\\/#organization\"},\"potentialAction\":[{\"@type\":\"SearchAction\",\"target\":{\"@type\":\"EntryPoint\",\"urlTemplate\":\"https:\\\/\\\/mrsfarmer.org\\\/?s={search_term_string}\"},\"query-input\":{\"@type\":\"PropertyValueSpecification\",\"valueRequired\":true,\"valueName\":\"search_term_string\"}}],\"inLanguage\":\"en-US\"},{\"@type\":\"Organization\",\"@id\":\"https:\\\/\\\/mrsfarmer.org\\\/#organization\",\"name\":\"Mrs Farmer Naturel Zeytinya\u011f\u0131 | So\u011fuk S\u0131k\u0131m Premium Zeytinya\u011f\u0131\",\"url\":\"https:\\\/\\\/mrsfarmer.org\\\/\",\"logo\":{\"@type\":\"ImageObject\",\"inLanguage\":\"en-US\",\"@id\":\"https:\\\/\\\/mrsfarmer.org\\\/#\\\/schema\\\/logo\\\/image\\\/\",\"url\":\"https:\\\/\\\/mrsfarmer.org\\\/wp-content\\\/uploads\\\/2025\\\/10\\\/mrs-farmer-logo-yan-Custom.png\",\"contentUrl\":\"https:\\\/\\\/mrsfarmer.org\\\/wp-content\\\/uploads\\\/2025\\\/10\\\/mrs-farmer-logo-yan-Custom.png\",\"width\":700,\"height\":315,\"caption\":\"Mrs Farmer Naturel Zeytinya\u011f\u0131 | So\u011fuk S\u0131k\u0131m Premium Zeytinya\u011f\u0131\"},\"image\":{\"@id\":\"https:\\\/\\\/mrsfarmer.org\\\/#\\\/schema\\\/logo\\\/image\\\/\"},\"sameAs\":[\"https:\\\/\\\/www.instagram.com\\\/mrs.farmer.tr\\\/\",\"https:\\\/\\\/www.youtube.com\\\/@mrs.farmer.tr\"],\"description\":\"Do\u011fall\u0131\u011f\u0131n ve Lezzetin \u00d6z\u00fc: Mrs. Farmer\u2019s Zeytinya\u011f\u0131 Tad\u0131 ve aromas\u0131yla \u00f6ne \u00e7\u0131kan Manisa\u2019n\u0131n bereketli topraklar\u0131nda, as\u0131rl\u0131k zeytin a\u011fa\u00e7lar\u0131m\u0131z\u0131n meyvelerinden \u00f6zenle \u00fcretilen Mrs. Farmer\u2019s Zeytinya\u011f\u0131, do\u011fan\u0131n saf lezzetini sofralar\u0131n\u0131za ta\u015f\u0131r. Gediz Ovas\u0131\u2019n\u0131n verimli ikliminde yeti\u015fen zeytinlerimiz, olgunluk d\u00f6neminde elle toplanarak k\u0131sa s\u00fcrede modern tesislerimize ula\u015ft\u0131r\u0131l\u0131r. Burada bekletilmeden; y\u0131kan\u0131r, k\u0131r\u0131l\u0131r, yo\u011frulur ve tamamen so\u011fuk s\u0131k\u0131m y\u00f6ntemiyle zeytinya\u011f\u0131na d\u00f6n\u00fc\u015ft\u00fcr\u00fcl\u00fcr.\",\"email\":\"mail@mrsfarmers.org\",\"telephone\":\"0 533 363 3276\",\"legalName\":\"Mrs Farmer\",\"foundingDate\":\"2025-03-01\",\"numberOfEmployees\":{\"@type\":\"QuantitativeValue\",\"minValue\":\"1\",\"maxValue\":\"10\"}}]}<\/script>\n<!-- \/ Yoast SEO Premium plugin. -->","yoast_head_json":{"title":"250 ml Naturel S\u0131zma So\u011fuk S\u0131k\u0131m Zeytinya\u011f\u0131 | Mrs. Farmer","description":"250 ml Naturel S\u0131zma So\u011fuk S\u0131k\u0131m Zeytinya\u011f\u0131; taze aromas\u0131, y\u00fcksek besin de\u011feri ve katk\u0131s\u0131z \u00fcretimiyle sa\u011fl\u0131kl\u0131 ve lezzetli sofralar i\u00e7in m\u00fckemmel tercihtir.","robots":{"index":"index","follow":"follow","max-snippet":"max-snippet:-1","max-image-preview":"max-image-preview:large","max-video-preview":"max-video-preview:-1"},"canonical":"https:\/\/mrsfarmer.org\/en\/product\/250-ml-naturel-sizma-soguk-sikim-zeytin-yagi-dorika\/","og_locale":"en_US","og_type":"article","og_title":"250 ml Naturel S\u0131zma | So\u011fuk S\u0131k\u0131m Zeytin Ya\u011f\u0131 | Dorika","og_description":"250 ml Naturel S\u0131zma So\u011fuk S\u0131k\u0131m Zeytinya\u011f\u0131; taze aromas\u0131, y\u00fcksek besin de\u011feri ve katk\u0131s\u0131z \u00fcretimiyle sa\u011fl\u0131kl\u0131 ve lezzetli sofralar i\u00e7in m\u00fckemmel tercihtir.","og_url":"https:\/\/mrsfarmer.org\/en\/product\/250-ml-naturel-sizma-soguk-sikim-zeytin-yagi-dorika\/","og_site_name":"Mrs Farmer Naturel Zeytinya\u011f\u0131 | So\u011fuk S\u0131k\u0131m Premium Zeytinya\u011f\u0131","article_modified_time":"2025-11-13T20:59:20+00:00","og_image":[{"width":870,"height":870,"url":"https:\/\/mrsfarmer.org\/wp-content\/uploads\/2025\/11\/250-ml-Naturel-Sizma-Soguk-Sikim-Zeytin-Yagi-Dorika.png","type":"image\/png"}],"twitter_card":"summary_large_image","twitter_misc":{"Est. reading time":"1 minute"},"schema":{"@context":"https:\/\/schema.org","@graph":[{"@type":"WebPage","@id":"https:\/\/mrsfarmer.org\/en\/product\/250-ml-naturel-sizma-soguk-sikim-zeytin-yagi-dorika\/","url":"https:\/\/mrsfarmer.org\/en\/product\/250-ml-naturel-sizma-soguk-sikim-zeytin-yagi-dorika\/","name":"250 ml Naturel S\u0131zma So\u011fuk S\u0131k\u0131m Zeytinya\u011f\u0131 | Mrs. Farmer","isPartOf":{"@id":"https:\/\/mrsfarmer.org\/#website"},"primaryImageOfPage":{"@id":"https:\/\/mrsfarmer.org\/en\/product\/250-ml-naturel-sizma-soguk-sikim-zeytin-yagi-dorika\/#primaryimage"},"image":{"@id":"https:\/\/mrsfarmer.org\/en\/product\/250-ml-naturel-sizma-soguk-sikim-zeytin-yagi-dorika\/#primaryimage"},"thumbnailUrl":"https:\/\/mrsfarmer.org\/wp-content\/uploads\/2025\/11\/250-ml-Naturel-Sizma-Soguk-Sikim-Zeytin-Yagi-Dorika.png","datePublished":"2025-10-30T13:41:52+00:00","dateModified":"2025-11-13T20:59:20+00:00","description":"250 ml Naturel S\u0131zma So\u011fuk S\u0131k\u0131m Zeytinya\u011f\u0131; taze aromas\u0131, y\u00fcksek besin de\u011feri ve katk\u0131s\u0131z \u00fcretimiyle sa\u011fl\u0131kl\u0131 ve lezzetli sofralar i\u00e7in m\u00fckemmel tercihtir.","breadcrumb":{"@id":"https:\/\/mrsfarmer.org\/en\/product\/250-ml-naturel-sizma-soguk-sikim-zeytin-yagi-dorika\/#breadcrumb"},"inLanguage":"en-US","potentialAction":[{"@type":"ReadAction","target":["https:\/\/mrsfarmer.org\/en\/product\/250-ml-naturel-sizma-soguk-sikim-zeytin-yagi-dorika\/"]}]},{"@type":"ImageObject","inLanguage":"en-US","@id":"https:\/\/mrsfarmer.org\/en\/product\/250-ml-naturel-sizma-soguk-sikim-zeytin-yagi-dorika\/#primaryimage","url":"https:\/\/mrsfarmer.org\/wp-content\/uploads\/2025\/11\/250-ml-Naturel-Sizma-Soguk-Sikim-Zeytin-Yagi-Dorika.png","contentUrl":"https:\/\/mrsfarmer.org\/wp-content\/uploads\/2025\/11\/250-ml-Naturel-Sizma-Soguk-Sikim-Zeytin-Yagi-Dorika.png","width":870,"height":870},{"@type":"BreadcrumbList","@id":"https:\/\/mrsfarmer.org\/en\/product\/250-ml-naturel-sizma-soguk-sikim-zeytin-yagi-dorika\/#breadcrumb","itemListElement":[{"@type":"ListItem","position":1,"name":"Anasayfa","item":"https:\/\/mrsfarmer.org\/"},{"@type":"ListItem","position":2,"name":"\u00dcR\u00dcNLER\u0130M\u0130Z","item":"https:\/\/mrsfarmer.org\/urunlerimiz\/"},{"@type":"ListItem","position":3,"name":"250 ml Naturel S\u0131zma | So\u011fuk S\u0131k\u0131m Zeytin Ya\u011f\u0131 | Dorika"}]},{"@type":"WebSite","@id":"https:\/\/mrsfarmer.org\/#website","url":"https:\/\/mrsfarmer.org\/","name":"Mrs Farmer Naturel Zeytinya\u011f\u0131 | So\u011fuk S\u0131k\u0131m Premium Zeytinya\u011f\u0131","description":"Ege&#039;nin As\u0131rl\u0131k Bah\u00e7elerinden Erken Hasat | Naturel | So\u011fuk S\u0131k\u0131m Zeytinya\u011f\u0131","publisher":{"@id":"https:\/\/mrsfarmer.org\/#organization"},"potentialAction":[{"@type":"SearchAction","target":{"@type":"EntryPoint","urlTemplate":"https:\/\/mrsfarmer.org\/?s={search_term_string}"},"query-input":{"@type":"PropertyValueSpecification","valueRequired":true,"valueName":"search_term_string"}}],"inLanguage":"en-US"},{"@type":"Organization","@id":"https:\/\/mrsfarmer.org\/#organization","name":"Mrs Farmer Naturel Zeytinya\u011f\u0131 | So\u011fuk S\u0131k\u0131m Premium Zeytinya\u011f\u0131","url":"https:\/\/mrsfarmer.org\/","logo":{"@type":"ImageObject","inLanguage":"en-US","@id":"https:\/\/mrsfarmer.org\/#\/schema\/logo\/image\/","url":"https:\/\/mrsfarmer.org\/wp-content\/uploads\/2025\/10\/mrs-farmer-logo-yan-Custom.png","contentUrl":"https:\/\/mrsfarmer.org\/wp-content\/uploads\/2025\/10\/mrs-farmer-logo-yan-Custom.png","width":700,"height":315,"caption":"Mrs Farmer Naturel Zeytinya\u011f\u0131 | So\u011fuk S\u0131k\u0131m Premium Zeytinya\u011f\u0131"},"image":{"@id":"https:\/\/mrsfarmer.org\/#\/schema\/logo\/image\/"},"sameAs":["https:\/\/www.instagram.com\/mrs.farmer.tr\/","https:\/\/www.youtube.com\/@mrs.farmer.tr"],"description":"Do\u011fall\u0131\u011f\u0131n ve Lezzetin \u00d6z\u00fc: Mrs. Farmer\u2019s Zeytinya\u011f\u0131 Tad\u0131 ve aromas\u0131yla \u00f6ne \u00e7\u0131kan Manisa\u2019n\u0131n bereketli topraklar\u0131nda, as\u0131rl\u0131k zeytin a\u011fa\u00e7lar\u0131m\u0131z\u0131n meyvelerinden \u00f6zenle \u00fcretilen Mrs. Farmer\u2019s Zeytinya\u011f\u0131, do\u011fan\u0131n saf lezzetini sofralar\u0131n\u0131za ta\u015f\u0131r. Gediz Ovas\u0131\u2019n\u0131n verimli ikliminde yeti\u015fen zeytinlerimiz, olgunluk d\u00f6neminde elle toplanarak k\u0131sa s\u00fcrede modern tesislerimize ula\u015ft\u0131r\u0131l\u0131r. Burada bekletilmeden; y\u0131kan\u0131r, k\u0131r\u0131l\u0131r, yo\u011frulur ve tamamen so\u011fuk s\u0131k\u0131m y\u00f6ntemiyle zeytinya\u011f\u0131na d\u00f6n\u00fc\u015ft\u00fcr\u00fcl\u00fcr.","email":"mail@mrsfarmers.org","telephone":"0 533 363 3276","legalName":"Mrs Farmer","foundingDate":"2025-03-01","numberOfEmployees":{"@type":"QuantitativeValue","minValue":"1","maxValue":"10"}}]}},"_links":{"self":[{"href":"https:\/\/mrsfarmer.org\/en\/wp-json\/wp\/v2\/product\/27566","targetHints":{"allow":["GET"]}}],"collection":[{"href":"https:\/\/mrsfarmer.org\/en\/wp-json\/wp\/v2\/product"}],"about":[{"href":"https:\/\/mrsfarmer.org\/en\/wp-json\/wp\/v2\/types\/product"}],"replies":[{"embeddable":true,"href":"https:\/\/mrsfarmer.org\/en\/wp-json\/wp\/v2\/comments?post=27566"}],"version-history":[{"count":0,"href":"https:\/\/mrsfarmer.org\/en\/wp-json\/wp\/v2\/product\/27566\/revisions"}],"wp:featuredmedia":[{"embeddable":true,"href":"https:\/\/mrsfarmer.org\/en\/wp-json\/wp\/v2\/media\/27841"}],"wp:attachment":[{"href":"https:\/\/mrsfarmer.org\/en\/wp-json\/wp\/v2\/media?parent=27566"}],"wp:term":[{"taxonomy":"product_brand","embeddable":true,"href":"https:\/\/mrsfarmer.org\/en\/wp-json\/wp\/v2\/product_brand?post=27566"},{"taxonomy":"product_cat","embeddable":true,"href":"https:\/\/mrsfarmer.org\/en\/wp-json\/wp\/v2\/product_cat?post=27566"},{"taxonomy":"product_tag","embeddable":true,"href":"https:\/\/mrsfarmer.org\/en\/wp-json\/wp\/v2\/product_tag?post=27566"}],"curies":[{"name":"wp","href":"https:\/\/api.w.org\/{rel}","templated":true}]}}