{"id":4400,"date":"2021-10-12T15:51:09","date_gmt":"2021-10-12T15:51:09","guid":{"rendered":"http:\/\/dummy.xtemos.com\/woodmart2\/elementor\/?page_id=4400"},"modified":"2025-11-13T08:44:37","modified_gmt":"2025-11-13T08:44:37","slug":"hakkimizda-naturel-sizma-zeytinyagi","status":"publish","type":"page","link":"https:\/\/mrsfarmer.org\/en\/hakkimizda-naturel-sizma-zeytinyagi\/","title":{"rendered":"About Us"},"content":{"rendered":"<div data-elementor-type=\"wp-page\" data-elementor-id=\"4400\" class=\"elementor elementor-4400\" data-elementor-post-type=\"page\">\n\t\t\t\t<div class=\"wd-negative-gap elementor-element elementor-element-7c7c544 e-flex e-con-boxed e-con e-parent\" data-id=\"7c7c544\" data-element_type=\"container\" data-e-type=\"container\">\n\t\t\t\t\t<div class=\"e-con-inner\">\n\t\t<div class=\"elementor-element elementor-element-e7cb5cd e-con-full e-flex e-con e-child\" data-id=\"e7cb5cd\" data-element_type=\"container\" data-e-type=\"container\">\n\t\t\t\t<div class=\"elementor-element elementor-element-56aec39 elementor-widget elementor-widget-wd_image_or_svg\" data-id=\"56aec39\" data-element_type=\"widget\" data-e-type=\"widget\" data-widget_type=\"wd_image_or_svg.default\">\n\t\t\t\t<div class=\"elementor-widget-container\">\n\t\t\t\t\t\n\t\t<div class=\"wd-image text-left\">\n\t\t\t\t\t\t\t\t<img fetchpriority=\"high\" decoding=\"async\" width=\"870\" height=\"870\" src=\"https:\/\/mrsfarmer.org\/wp-content\/uploads\/2025\/11\/500-ml-Naturel-Sizma-Soguk-Sikim-Zeytin-Yagi-Griffa-2.jpg\" class=\"attachment-full size-full\" alt=\"\" srcset=\"https:\/\/mrsfarmer.org\/wp-content\/uploads\/2025\/11\/500-ml-Naturel-Sizma-Soguk-Sikim-Zeytin-Yagi-Griffa-2.jpg 870w, https:\/\/mrsfarmer.org\/wp-content\/uploads\/2025\/11\/500-ml-Naturel-Sizma-Soguk-Sikim-Zeytin-Yagi-Griffa-2-300x300.jpg 300w, https:\/\/mrsfarmer.org\/wp-content\/uploads\/2025\/11\/500-ml-Naturel-Sizma-Soguk-Sikim-Zeytin-Yagi-Griffa-2-800x800.jpg 800w, https:\/\/mrsfarmer.org\/wp-content\/uploads\/2025\/11\/500-ml-Naturel-Sizma-Soguk-Sikim-Zeytin-Yagi-Griffa-2-150x150.jpg 150w, https:\/\/mrsfarmer.org\/wp-content\/uploads\/2025\/11\/500-ml-Naturel-Sizma-Soguk-Sikim-Zeytin-Yagi-Griffa-2-768x768.jpg 768w, https:\/\/mrsfarmer.org\/wp-content\/uploads\/2025\/11\/500-ml-Naturel-Sizma-Soguk-Sikim-Zeytin-Yagi-Griffa-2-430x430.jpg 430w, https:\/\/mrsfarmer.org\/wp-content\/uploads\/2025\/11\/500-ml-Naturel-Sizma-Soguk-Sikim-Zeytin-Yagi-Griffa-2-700x700.jpg 700w, https:\/\/mrsfarmer.org\/wp-content\/uploads\/2025\/11\/500-ml-Naturel-Sizma-Soguk-Sikim-Zeytin-Yagi-Griffa-2-100x100.jpg 100w\" sizes=\"(max-width: 870px) 100vw, 870px\" \/>\t\t\t\t\t<\/div>\n\n\t\t\t\t\t\t<\/div>\n\t\t\t\t<\/div>\n\t\t\t\t<\/div>\n\t\t<div class=\"elementor-element elementor-element-97d6084 e-con-full e-flex e-con e-child\" data-id=\"97d6084\" data-element_type=\"container\" data-e-type=\"container\">\n\t\t\t\t<div class=\"elementor-element elementor-element-98d830b wd-width-100 elementor-widget elementor-widget-wd_title\" data-id=\"98d830b\" data-element_type=\"widget\" data-e-type=\"widget\" data-widget_type=\"wd_title.default\">\n\t\t\t\t<div class=\"elementor-widget-container\">\n\t\t\t\t\t\t\t<div class=\"title-wrapper wd-set-mb reset-last-child wd-title-color-primary wd-title-style-default wd-title-size-large text-left\">\n\n\t\t\t\n\t\t\t<div class=\"liner-continer\">\n\t\t\t\t<h2 class=\"woodmart-title-container title wd-fontsize-xxl\">The Essence of Naturalness and Flavor: Mrs. Farmer's Olive Oil<\/h2> \n\t\t\t\t\t\t\t<\/div>\n\n\t\t\t\t\t<\/div>\n\t\t\t\t\t\t<\/div>\n\t\t\t\t<\/div>\n\t\t\t\t<div class=\"elementor-element elementor-element-66e47ad elementor-widget elementor-widget-wd_text_block\" data-id=\"66e47ad\" data-element_type=\"widget\" data-e-type=\"widget\" data-widget_type=\"wd_text_block.default\">\n\t\t\t\t<div class=\"elementor-widget-container\">\n\t\t\t\t\t\t\t<div class=\"wd-text-block reset-last-child text-left\">\n\t\t\t\n\t\t\t<p data-start=\"227\" data-end=\"429\">Standing out with its taste and aroma <strong data-start=\"256\" data-end=\"294\">In the fertile soil of Manisa<\/strong>carefully produced from the fruits of our centuries-old olive trees <strong data-start=\"355\" data-end=\"383\">Mrs. Farmer's Olive Oil<\/strong>brings the pure flavor of nature to your tables.<\/p><p data-start=\"431\" data-end=\"688\">Our olives, which grow in the fertile climate of the Gediz Plain, reach their maturity <strong data-start=\"507\" data-end=\"526\">collected by hand<\/strong> are delivered to our modern facilities in a short time. Without waiting here; washed, crushed, kneaded and completely <strong data-start=\"633\" data-end=\"659\">cold-pressed<\/strong> is converted into olive oil.<\/p><p data-start=\"690\" data-end=\"971\">Our production process involves no chemical processing - only the physical separation of the oil from the fruit. Our olive oils are then subjected to quality analyzes, rested in steel tanks, and then processed in a way that preserves their unique character. <strong data-start=\"933\" data-end=\"969\">packaged in special glass bottles.<\/strong><\/p><p data-start=\"973\" data-end=\"1162\">All production stages <strong data-start=\"996\" data-end=\"1047\">In our Mrs. Farmer's facilities in Manisa<\/strong> We welcome this unique flavor from the heart of nature to your kitchens with the freshness of the first day.<\/p>\n\t\t\t\t\t<\/div>\n\t\t\t\t\t\t<\/div>\n\t\t\t\t<\/div>\n\t\t<div class=\"elementor-element elementor-element-3eef7d8 e-con-full e-flex e-con e-child\" data-id=\"3eef7d8\" data-element_type=\"container\" data-e-type=\"container\">\n\t\t\t\t<div class=\"elementor-element elementor-element-ee232e9 elementor-widget__width-auto elementor-hidden-phone elementor-widget elementor-widget-wd_social_buttons\" data-id=\"ee232e9\" data-element_type=\"widget\" data-e-type=\"widget\" data-widget_type=\"wd_social_buttons.default\">\n\t\t\t\t<div class=\"elementor-widget-container\">\n\t\t\t\t\t\t\t\t<div id=\"\" class=\"wd-social-icons wd-style-colored-alt wd-size-small social-share wd-shape-circle color-scheme-dark text-left\">\n\t\t\t\t\n\t\t\t\t\n\t\t\t\t\t\t\t\t\t<a rel=\"noopener noreferrer nofollow\" href=\"https:\/\/www.facebook.com\/sharer\/sharer.php?u=https:\/\/mrsfarmer.org\/en\/hakkimizda-naturel-sizma-zeytinyagi\/\" target=\"_blank\" class=\"wd-social-icon social-facebook\" aria-label=\"Facebook social link\">\n\t\t\t\t\t\t<span class=\"wd-icon\"><\/span>\n\t\t\t\t\t\t\t\t\t\t\t<\/a>\n\t\t\t\t\n\t\t\t\t\n\t\t\t\t\t\t\t\t\t<a rel=\"noopener noreferrer nofollow\" href=\"mailto:?subject=Check%20this%20https:\/\/mrsfarmer.org\/en\/hakkimizda-naturel-sizma-zeytinyagi\/\" target=\"_blank\" class=\"wd-social-icon social-email\" aria-label=\"Email social link\">\n\t\t\t\t\t\t<span class=\"wd-icon\"><\/span>\n\t\t\t\t\t\t\t\t\t\t\t<\/a>\n\t\t\t\t\n\t\t\t\t\n\t\t\t\t\n\t\t\t\t\n\t\t\t\t\n\t\t\t\t\t\t\t\t\t<a rel=\"noopener noreferrer nofollow\" href=\"https:\/\/www.linkedin.com\/shareArticle?mini=true&url=https:\/\/mrsfarmer.org\/en\/hakkimizda-naturel-sizma-zeytinyagi\/\" target=\"_blank\" class=\"wd-social-icon social-linkedin\" aria-label=\"Linkedin social link\">\n\t\t\t\t\t\t<span class=\"wd-icon\"><\/span>\n\t\t\t\t\t\t\t\t\t\t\t<\/a>\n\t\t\t\t\n\t\t\t\t\n\t\t\t\t\n\t\t\t\t\n\t\t\t\t\n\t\t\t\t\n\t\t\t\t\n\t\t\t\t\n\t\t\t\t\n\t\t\t\t\n\t\t\t\t\t\t\t\t\t<a rel=\"noopener noreferrer nofollow\" href=\"https:\/\/api.whatsapp.com\/send?text=https%3A%2F%2Fmrsfarmer.org%2Fen%2Fhakkimizda-naturel-sizma-zeytinyagi%2F\" target=\"_blank\" class=\"wd-hide-md  wd-social-icon social-whatsapp\" aria-label=\"WhatsApp social link\">\n\t\t\t\t\t\t<span class=\"wd-icon\"><\/span>\n\t\t\t\t\t\t\t\t\t\t\t<\/a>\n\n\t\t\t\t\t<a rel=\"noopener noreferrer nofollow\" href=\"whatsapp:\/\/send?text=https%3A%2F%2Fmrsfarmer.org%2Fen%2Fhakkimizda-naturel-sizma-zeytinyagi%2F\" target=\"_blank\" class=\"wd-hide-lg  wd-social-icon social-whatsapp\" aria-label=\"WhatsApp social link\">\n\t\t\t\t\t\t<span class=\"wd-icon\"><\/span>\n\t\t\t\t\t\t\t\t\t\t\t<\/a>\n\t\t\t\t\n\t\t\t\t\n\t\t\t\t\n\t\t\t\t\n\t\t\t\t\n\t\t\t\t\n\t\t\t\t\n\t\t\t\t\n\t\t\t<\/div>\n\n\t\t\t\t\t\t<\/div>\n\t\t\t\t<\/div>\n\t\t\t\t<\/div>\n\t\t\t\t<\/div>\n\t\t\t\t\t<\/div>\n\t\t\t\t<\/div>\n\t\t<div class=\"wd-negative-gap elementor-element elementor-element-145049b e-flex e-con-boxed e-con e-parent\" data-id=\"145049b\" data-element_type=\"container\" data-e-type=\"container\">\n\t\t\t\t\t<div class=\"e-con-inner\">\n\t\t\t\t<div class=\"elementor-element elementor-element-f7bc533 wd-width-100 elementor-widget elementor-widget-wd_video\" data-id=\"f7bc533\" data-element_type=\"widget\" data-e-type=\"widget\" data-widget_type=\"wd_video.default\">\n\t\t\t\t<div class=\"elementor-widget-container\">\n\t\t\t\t\t\n\t\t<div class=\"wd-el-video wd-action-without wd-video-hosted\">\n\t\t\t\t\t\t\t<video src=\"https:\/\/mrsfarmer.org\/wp-content\/uploads\/2025\/11\/mrs-farmer-video.mp4\" playsinline loop muted autoplay><\/video>\t\t\t\n\t\t\t\n\t\t\t\n\t\t\t\t\t<\/div>\n\t\t\t\t\t\t<\/div>\n\t\t\t\t<\/div>\n\t\t\t\t\t<\/div>\n\t\t\t\t<\/div>\n\t\t\t\t<\/div>","protected":false},"excerpt":{"rendered":"<p>Do\u011fall\u0131\u011f\u0131n ve Lezzetin \u00d6z\u00fc: Mrs. Farmer\u2019s Zeytinya\u011f\u0131 &nbsp; Tad\u0131 ve aromas\u0131yla \u00f6ne \u00e7\u0131kan Manisa\u2019n\u0131n bereketli topraklar\u0131nda, as\u0131rl\u0131k zeytin a\u011fa\u00e7lar\u0131m\u0131z\u0131n meyvelerinden<\/p>","protected":false},"author":1,"featured_media":27821,"parent":0,"menu_order":0,"comment_status":"closed","ping_status":"closed","template":"","meta":{"inline_featured_image":false,"footnotes":""},"class_list":["post-4400","page","type-page","status-publish","has-post-thumbnail","hentry"],"yoast_head":"<!-- This site is optimized with the Yoast SEO Premium plugin v22.5 (Yoast SEO v27.4) - https:\/\/yoast.com\/product\/yoast-seo-premium-wordpress\/ -->\n<title>Mrs. Farmer Naturel S\u0131zma Zeytinya\u011f\u0131 | Hakk\u0131m\u0131zda<\/title>\n<meta name=\"description\" content=\"Mrs. Farmer Naturel S\u0131zma Zeytinya\u011f\u0131, Manisa\u2019da so\u011fuk s\u0131k\u0131m y\u00f6ntemiyle \u00fcretilen katk\u0131s\u0131z ve kaliteli zeytinya\u011f\u0131d\u0131r. Do\u011fall\u0131\u011f\u0131 ve aromas\u0131yla sofralar\u0131n\u0131za de\u011fer katar.\" \/>\n<meta name=\"robots\" content=\"index, follow, max-snippet:-1, max-image-preview:large, max-video-preview:-1\" \/>\n<link rel=\"canonical\" href=\"https:\/\/mrsfarmer.org\/en\/hakkimizda-naturel-sizma-zeytinyagi\/\" \/>\n<meta property=\"og:locale\" content=\"en_US\" \/>\n<meta property=\"og:type\" content=\"article\" \/>\n<meta property=\"og:title\" content=\"Hakk\u0131m\u0131zda\" \/>\n<meta property=\"og:description\" content=\"Mrs. Farmer Naturel S\u0131zma Zeytinya\u011f\u0131, Manisa\u2019da so\u011fuk s\u0131k\u0131m y\u00f6ntemiyle \u00fcretilen katk\u0131s\u0131z ve kaliteli zeytinya\u011f\u0131d\u0131r. Do\u011fall\u0131\u011f\u0131 ve aromas\u0131yla sofralar\u0131n\u0131za de\u011fer katar.\" \/>\n<meta property=\"og:url\" content=\"https:\/\/mrsfarmer.org\/en\/hakkimizda-naturel-sizma-zeytinyagi\/\" \/>\n<meta property=\"og:site_name\" content=\"Mrs Farmer Naturel Zeytinya\u011f\u0131 | So\u011fuk S\u0131k\u0131m Premium Zeytinya\u011f\u0131\" \/>\n<meta property=\"article:modified_time\" content=\"2025-11-13T08:44:37+00:00\" \/>\n<meta property=\"og:image\" content=\"https:\/\/mrsfarmer.org\/wp-content\/uploads\/2025\/11\/500-ml-Naturel-Sizma-Soguk-Sikim-Zeytin-Yagi-Dorika.jpg\" \/>\n\t<meta property=\"og:image:width\" content=\"870\" \/>\n\t<meta property=\"og:image:height\" content=\"870\" \/>\n\t<meta property=\"og:image:type\" content=\"image\/jpeg\" \/>\n<meta name=\"twitter:card\" content=\"summary_large_image\" \/>\n<meta name=\"twitter:label1\" content=\"Est. reading time\" \/>\n\t<meta name=\"twitter:data1\" content=\"2 minutes\" \/>\n<script type=\"application\/ld+json\" class=\"yoast-schema-graph\">{\"@context\":\"https:\\\/\\\/schema.org\",\"@graph\":[{\"@type\":\"WebPage\",\"@id\":\"https:\\\/\\\/mrsfarmer.org\\\/hakkimizda-naturel-sizma-zeytinyagi\\\/\",\"url\":\"https:\\\/\\\/mrsfarmer.org\\\/hakkimizda-naturel-sizma-zeytinyagi\\\/\",\"name\":\"Mrs. Farmer Naturel S\u0131zma Zeytinya\u011f\u0131 | Hakk\u0131m\u0131zda\",\"isPartOf\":{\"@id\":\"https:\\\/\\\/mrsfarmer.org\\\/#website\"},\"primaryImageOfPage\":{\"@id\":\"https:\\\/\\\/mrsfarmer.org\\\/hakkimizda-naturel-sizma-zeytinyagi\\\/#primaryimage\"},\"image\":{\"@id\":\"https:\\\/\\\/mrsfarmer.org\\\/hakkimizda-naturel-sizma-zeytinyagi\\\/#primaryimage\"},\"thumbnailUrl\":\"https:\\\/\\\/mrsfarmer.org\\\/wp-content\\\/uploads\\\/2025\\\/11\\\/500-ml-Naturel-Sizma-Soguk-Sikim-Zeytin-Yagi-Dorika.jpg\",\"datePublished\":\"2021-10-12T15:51:09+00:00\",\"dateModified\":\"2025-11-13T08:44:37+00:00\",\"description\":\"Mrs. Farmer Naturel S\u0131zma Zeytinya\u011f\u0131, Manisa\u2019da so\u011fuk s\u0131k\u0131m y\u00f6ntemiyle \u00fcretilen katk\u0131s\u0131z ve kaliteli zeytinya\u011f\u0131d\u0131r. Do\u011fall\u0131\u011f\u0131 ve aromas\u0131yla sofralar\u0131n\u0131za de\u011fer katar.\",\"breadcrumb\":{\"@id\":\"https:\\\/\\\/mrsfarmer.org\\\/hakkimizda-naturel-sizma-zeytinyagi\\\/#breadcrumb\"},\"inLanguage\":\"en-US\",\"potentialAction\":[{\"@type\":\"ReadAction\",\"target\":[\"https:\\\/\\\/mrsfarmer.org\\\/hakkimizda-naturel-sizma-zeytinyagi\\\/\"]}]},{\"@type\":\"ImageObject\",\"inLanguage\":\"en-US\",\"@id\":\"https:\\\/\\\/mrsfarmer.org\\\/hakkimizda-naturel-sizma-zeytinyagi\\\/#primaryimage\",\"url\":\"https:\\\/\\\/mrsfarmer.org\\\/wp-content\\\/uploads\\\/2025\\\/11\\\/500-ml-Naturel-Sizma-Soguk-Sikim-Zeytin-Yagi-Dorika.jpg\",\"contentUrl\":\"https:\\\/\\\/mrsfarmer.org\\\/wp-content\\\/uploads\\\/2025\\\/11\\\/500-ml-Naturel-Sizma-Soguk-Sikim-Zeytin-Yagi-Dorika.jpg\",\"width\":870,\"height\":870},{\"@type\":\"BreadcrumbList\",\"@id\":\"https:\\\/\\\/mrsfarmer.org\\\/hakkimizda-naturel-sizma-zeytinyagi\\\/#breadcrumb\",\"itemListElement\":[{\"@type\":\"ListItem\",\"position\":1,\"name\":\"Anasayfa\",\"item\":\"https:\\\/\\\/mrsfarmer.org\\\/\"},{\"@type\":\"ListItem\",\"position\":2,\"name\":\"Hakk\u0131m\u0131zda\"}]},{\"@type\":\"WebSite\",\"@id\":\"https:\\\/\\\/mrsfarmer.org\\\/#website\",\"url\":\"https:\\\/\\\/mrsfarmer.org\\\/\",\"name\":\"Mrs Farmer Naturel Zeytinya\u011f\u0131 | So\u011fuk S\u0131k\u0131m Premium Zeytinya\u011f\u0131\",\"description\":\"Ege&#039;nin As\u0131rl\u0131k Bah\u00e7elerinden Erken Hasat | Naturel | So\u011fuk S\u0131k\u0131m Zeytinya\u011f\u0131\",\"publisher\":{\"@id\":\"https:\\\/\\\/mrsfarmer.org\\\/#organization\"},\"potentialAction\":[{\"@type\":\"SearchAction\",\"target\":{\"@type\":\"EntryPoint\",\"urlTemplate\":\"https:\\\/\\\/mrsfarmer.org\\\/?s={search_term_string}\"},\"query-input\":{\"@type\":\"PropertyValueSpecification\",\"valueRequired\":true,\"valueName\":\"search_term_string\"}}],\"inLanguage\":\"en-US\"},{\"@type\":\"Organization\",\"@id\":\"https:\\\/\\\/mrsfarmer.org\\\/#organization\",\"name\":\"Mrs Farmer Naturel Zeytinya\u011f\u0131 | So\u011fuk S\u0131k\u0131m Premium Zeytinya\u011f\u0131\",\"url\":\"https:\\\/\\\/mrsfarmer.org\\\/\",\"logo\":{\"@type\":\"ImageObject\",\"inLanguage\":\"en-US\",\"@id\":\"https:\\\/\\\/mrsfarmer.org\\\/#\\\/schema\\\/logo\\\/image\\\/\",\"url\":\"https:\\\/\\\/mrsfarmer.org\\\/wp-content\\\/uploads\\\/2025\\\/10\\\/mrs-farmer-logo-yan-Custom.png\",\"contentUrl\":\"https:\\\/\\\/mrsfarmer.org\\\/wp-content\\\/uploads\\\/2025\\\/10\\\/mrs-farmer-logo-yan-Custom.png\",\"width\":700,\"height\":315,\"caption\":\"Mrs Farmer Naturel Zeytinya\u011f\u0131 | So\u011fuk S\u0131k\u0131m Premium Zeytinya\u011f\u0131\"},\"image\":{\"@id\":\"https:\\\/\\\/mrsfarmer.org\\\/#\\\/schema\\\/logo\\\/image\\\/\"},\"sameAs\":[\"https:\\\/\\\/www.instagram.com\\\/mrs.farmer.tr\\\/\",\"https:\\\/\\\/www.youtube.com\\\/@mrs.farmer.tr\"],\"description\":\"Do\u011fall\u0131\u011f\u0131n ve Lezzetin \u00d6z\u00fc: Mrs. Farmer\u2019s Zeytinya\u011f\u0131 Tad\u0131 ve aromas\u0131yla \u00f6ne \u00e7\u0131kan Manisa\u2019n\u0131n bereketli topraklar\u0131nda, as\u0131rl\u0131k zeytin a\u011fa\u00e7lar\u0131m\u0131z\u0131n meyvelerinden \u00f6zenle \u00fcretilen Mrs. Farmer\u2019s Zeytinya\u011f\u0131, do\u011fan\u0131n saf lezzetini sofralar\u0131n\u0131za ta\u015f\u0131r. Gediz Ovas\u0131\u2019n\u0131n verimli ikliminde yeti\u015fen zeytinlerimiz, olgunluk d\u00f6neminde elle toplanarak k\u0131sa s\u00fcrede modern tesislerimize ula\u015ft\u0131r\u0131l\u0131r. Burada bekletilmeden; y\u0131kan\u0131r, k\u0131r\u0131l\u0131r, yo\u011frulur ve tamamen so\u011fuk s\u0131k\u0131m y\u00f6ntemiyle zeytinya\u011f\u0131na d\u00f6n\u00fc\u015ft\u00fcr\u00fcl\u00fcr.\",\"email\":\"mail@mrsfarmers.org\",\"telephone\":\"0 533 363 3276\",\"legalName\":\"Mrs Farmer\",\"foundingDate\":\"2025-03-01\",\"numberOfEmployees\":{\"@type\":\"QuantitativeValue\",\"minValue\":\"1\",\"maxValue\":\"10\"}}]}<\/script>\n<!-- \/ Yoast SEO Premium plugin. -->","yoast_head_json":{"title":"Mrs. Farmer Naturel S\u0131zma Zeytinya\u011f\u0131 | Hakk\u0131m\u0131zda","description":"Mrs. Farmer Naturel S\u0131zma Zeytinya\u011f\u0131, Manisa\u2019da so\u011fuk s\u0131k\u0131m y\u00f6ntemiyle \u00fcretilen katk\u0131s\u0131z ve kaliteli zeytinya\u011f\u0131d\u0131r. Do\u011fall\u0131\u011f\u0131 ve aromas\u0131yla sofralar\u0131n\u0131za de\u011fer katar.","robots":{"index":"index","follow":"follow","max-snippet":"max-snippet:-1","max-image-preview":"max-image-preview:large","max-video-preview":"max-video-preview:-1"},"canonical":"https:\/\/mrsfarmer.org\/en\/hakkimizda-naturel-sizma-zeytinyagi\/","og_locale":"en_US","og_type":"article","og_title":"Hakk\u0131m\u0131zda","og_description":"Mrs. Farmer Naturel S\u0131zma Zeytinya\u011f\u0131, Manisa\u2019da so\u011fuk s\u0131k\u0131m y\u00f6ntemiyle \u00fcretilen katk\u0131s\u0131z ve kaliteli zeytinya\u011f\u0131d\u0131r. Do\u011fall\u0131\u011f\u0131 ve aromas\u0131yla sofralar\u0131n\u0131za de\u011fer katar.","og_url":"https:\/\/mrsfarmer.org\/en\/hakkimizda-naturel-sizma-zeytinyagi\/","og_site_name":"Mrs Farmer Naturel Zeytinya\u011f\u0131 | So\u011fuk S\u0131k\u0131m Premium Zeytinya\u011f\u0131","article_modified_time":"2025-11-13T08:44:37+00:00","og_image":[{"width":870,"height":870,"url":"https:\/\/mrsfarmer.org\/wp-content\/uploads\/2025\/11\/500-ml-Naturel-Sizma-Soguk-Sikim-Zeytin-Yagi-Dorika.jpg","type":"image\/jpeg"}],"twitter_card":"summary_large_image","twitter_misc":{"Est. reading time":"2 minutes"},"schema":{"@context":"https:\/\/schema.org","@graph":[{"@type":"WebPage","@id":"https:\/\/mrsfarmer.org\/hakkimizda-naturel-sizma-zeytinyagi\/","url":"https:\/\/mrsfarmer.org\/hakkimizda-naturel-sizma-zeytinyagi\/","name":"Mrs. Farmer Naturel S\u0131zma Zeytinya\u011f\u0131 | Hakk\u0131m\u0131zda","isPartOf":{"@id":"https:\/\/mrsfarmer.org\/#website"},"primaryImageOfPage":{"@id":"https:\/\/mrsfarmer.org\/hakkimizda-naturel-sizma-zeytinyagi\/#primaryimage"},"image":{"@id":"https:\/\/mrsfarmer.org\/hakkimizda-naturel-sizma-zeytinyagi\/#primaryimage"},"thumbnailUrl":"https:\/\/mrsfarmer.org\/wp-content\/uploads\/2025\/11\/500-ml-Naturel-Sizma-Soguk-Sikim-Zeytin-Yagi-Dorika.jpg","datePublished":"2021-10-12T15:51:09+00:00","dateModified":"2025-11-13T08:44:37+00:00","description":"Mrs. Farmer Naturel S\u0131zma Zeytinya\u011f\u0131, Manisa\u2019da so\u011fuk s\u0131k\u0131m y\u00f6ntemiyle \u00fcretilen katk\u0131s\u0131z ve kaliteli zeytinya\u011f\u0131d\u0131r. Do\u011fall\u0131\u011f\u0131 ve aromas\u0131yla sofralar\u0131n\u0131za de\u011fer katar.","breadcrumb":{"@id":"https:\/\/mrsfarmer.org\/hakkimizda-naturel-sizma-zeytinyagi\/#breadcrumb"},"inLanguage":"en-US","potentialAction":[{"@type":"ReadAction","target":["https:\/\/mrsfarmer.org\/hakkimizda-naturel-sizma-zeytinyagi\/"]}]},{"@type":"ImageObject","inLanguage":"en-US","@id":"https:\/\/mrsfarmer.org\/hakkimizda-naturel-sizma-zeytinyagi\/#primaryimage","url":"https:\/\/mrsfarmer.org\/wp-content\/uploads\/2025\/11\/500-ml-Naturel-Sizma-Soguk-Sikim-Zeytin-Yagi-Dorika.jpg","contentUrl":"https:\/\/mrsfarmer.org\/wp-content\/uploads\/2025\/11\/500-ml-Naturel-Sizma-Soguk-Sikim-Zeytin-Yagi-Dorika.jpg","width":870,"height":870},{"@type":"BreadcrumbList","@id":"https:\/\/mrsfarmer.org\/hakkimizda-naturel-sizma-zeytinyagi\/#breadcrumb","itemListElement":[{"@type":"ListItem","position":1,"name":"Anasayfa","item":"https:\/\/mrsfarmer.org\/"},{"@type":"ListItem","position":2,"name":"Hakk\u0131m\u0131zda"}]},{"@type":"WebSite","@id":"https:\/\/mrsfarmer.org\/#website","url":"https:\/\/mrsfarmer.org\/","name":"Mrs Farmer Naturel Zeytinya\u011f\u0131 | So\u011fuk S\u0131k\u0131m Premium Zeytinya\u011f\u0131","description":"Ege&#039;nin As\u0131rl\u0131k Bah\u00e7elerinden Erken Hasat | Naturel | So\u011fuk S\u0131k\u0131m Zeytinya\u011f\u0131","publisher":{"@id":"https:\/\/mrsfarmer.org\/#organization"},"potentialAction":[{"@type":"SearchAction","target":{"@type":"EntryPoint","urlTemplate":"https:\/\/mrsfarmer.org\/?s={search_term_string}"},"query-input":{"@type":"PropertyValueSpecification","valueRequired":true,"valueName":"search_term_string"}}],"inLanguage":"en-US"},{"@type":"Organization","@id":"https:\/\/mrsfarmer.org\/#organization","name":"Mrs Farmer Naturel Zeytinya\u011f\u0131 | So\u011fuk S\u0131k\u0131m Premium Zeytinya\u011f\u0131","url":"https:\/\/mrsfarmer.org\/","logo":{"@type":"ImageObject","inLanguage":"en-US","@id":"https:\/\/mrsfarmer.org\/#\/schema\/logo\/image\/","url":"https:\/\/mrsfarmer.org\/wp-content\/uploads\/2025\/10\/mrs-farmer-logo-yan-Custom.png","contentUrl":"https:\/\/mrsfarmer.org\/wp-content\/uploads\/2025\/10\/mrs-farmer-logo-yan-Custom.png","width":700,"height":315,"caption":"Mrs Farmer Naturel Zeytinya\u011f\u0131 | So\u011fuk S\u0131k\u0131m Premium Zeytinya\u011f\u0131"},"image":{"@id":"https:\/\/mrsfarmer.org\/#\/schema\/logo\/image\/"},"sameAs":["https:\/\/www.instagram.com\/mrs.farmer.tr\/","https:\/\/www.youtube.com\/@mrs.farmer.tr"],"description":"Do\u011fall\u0131\u011f\u0131n ve Lezzetin \u00d6z\u00fc: Mrs. Farmer\u2019s Zeytinya\u011f\u0131 Tad\u0131 ve aromas\u0131yla \u00f6ne \u00e7\u0131kan Manisa\u2019n\u0131n bereketli topraklar\u0131nda, as\u0131rl\u0131k zeytin a\u011fa\u00e7lar\u0131m\u0131z\u0131n meyvelerinden \u00f6zenle \u00fcretilen Mrs. Farmer\u2019s Zeytinya\u011f\u0131, do\u011fan\u0131n saf lezzetini sofralar\u0131n\u0131za ta\u015f\u0131r. Gediz Ovas\u0131\u2019n\u0131n verimli ikliminde yeti\u015fen zeytinlerimiz, olgunluk d\u00f6neminde elle toplanarak k\u0131sa s\u00fcrede modern tesislerimize ula\u015ft\u0131r\u0131l\u0131r. Burada bekletilmeden; y\u0131kan\u0131r, k\u0131r\u0131l\u0131r, yo\u011frulur ve tamamen so\u011fuk s\u0131k\u0131m y\u00f6ntemiyle zeytinya\u011f\u0131na d\u00f6n\u00fc\u015ft\u00fcr\u00fcl\u00fcr.","email":"mail@mrsfarmers.org","telephone":"0 533 363 3276","legalName":"Mrs Farmer","foundingDate":"2025-03-01","numberOfEmployees":{"@type":"QuantitativeValue","minValue":"1","maxValue":"10"}}]}},"_hostinger_reach_plugin_has_subscription_block":false,"_hostinger_reach_plugin_is_elementor":false,"_links":{"self":[{"href":"https:\/\/mrsfarmer.org\/en\/wp-json\/wp\/v2\/pages\/4400","targetHints":{"allow":["GET"]}}],"collection":[{"href":"https:\/\/mrsfarmer.org\/en\/wp-json\/wp\/v2\/pages"}],"about":[{"href":"https:\/\/mrsfarmer.org\/en\/wp-json\/wp\/v2\/types\/page"}],"author":[{"embeddable":true,"href":"https:\/\/mrsfarmer.org\/en\/wp-json\/wp\/v2\/users\/1"}],"replies":[{"embeddable":true,"href":"https:\/\/mrsfarmer.org\/en\/wp-json\/wp\/v2\/comments?post=4400"}],"version-history":[{"count":0,"href":"https:\/\/mrsfarmer.org\/en\/wp-json\/wp\/v2\/pages\/4400\/revisions"}],"wp:featuredmedia":[{"embeddable":true,"href":"https:\/\/mrsfarmer.org\/en\/wp-json\/wp\/v2\/media\/27821"}],"wp:attachment":[{"href":"https:\/\/mrsfarmer.org\/en\/wp-json\/wp\/v2\/media?parent=4400"}],"curies":[{"name":"wp","href":"https:\/\/api.w.org\/{rel}","templated":true}]}}