{"id":3,"date":"2025-10-24T14:51:10","date_gmt":"2025-10-24T14:51:10","guid":{"rendered":"https:\/\/mrsfarmer.org\/?page_id=3"},"modified":"2025-11-06T06:46:26","modified_gmt":"2025-11-06T06:46:26","slug":"mesafeli-satis-sozlesmesi","status":"publish","type":"page","link":"https:\/\/mrsfarmer.org\/en\/mesafeli-satis-sozlesmesi\/","title":{"rendered":"Distance Sales Contract"},"content":{"rendered":"<p><\/p>\r\n<h1 class=\"wp-block-heading\" data-start=\"326\" data-end=\"369\"><strong data-start=\"328\" data-end=\"369\">MRS FARMERS MESAFEL\u0130 SATI\u015e S\u00d6ZLE\u015eMES\u0130<\/strong><\/h1>\r\n<p data-start=\"371\" data-end=\"393\"><strong data-start=\"371\" data-end=\"393\">Madde 1 \u2013 Taraflar<\/strong><\/p>\r\n<p data-start=\"395\" data-end=\"668\"><strong data-start=\"395\" data-end=\"430\">1.1. Sat\u0131c\u0131 (Hizmet Sa\u011flay\u0131c\u0131):<\/strong><br data-start=\"430\" data-end=\"433\" \/>Unvan: <strong data-start=\"440\" data-end=\"493\">Mrs Farmers G\u0131da ve Tar\u0131m \u00dcr\u00fcnleri Tic. Ltd. \u015eti.<\/strong><br data-start=\"493\" data-end=\"496\" \/>Adres: Y\u00d6R\u00dcK MAH. 378. SK. ADAYOL B BLOK NO: 12 \u0130\u00c7 KAPI NO: 6 SAL\u0130HL\u0130\/ MAN\u0130SA<br \/>Telefon: <a href=\"tel:905333633276\">0 533 363 3276<\/a><br data-start=\"572\" data-end=\"575\" \/>E-posta: <a href=\"mailto:mail@mrsfarmers.org\">mail@mrsfarmers.org<\/a><br data-start=\"600\" data-end=\"603\" \/>Web sitesi: <strong data-start=\"615\" data-end=\"637\"><a target=\"_new\" rel=\"noopener\" data-start=\"617\" data-end=\"635\">www.mrsfarmers.org<\/a><\/strong><\/p>\r\n<p data-start=\"395\" data-end=\"668\"><strong data-start=\"670\" data-end=\"696\">1.2. Al\u0131c\u0131 (T\u00fcketici):<\/strong><br data-start=\"696\" data-end=\"699\" \/>Ad\u0131 Soyad\u0131: [Al\u0131c\u0131 ad\u0131-soyad\u0131]<br data-start=\"729\" data-end=\"732\" \/>Adres: [Al\u0131c\u0131 adresi]<br data-start=\"753\" data-end=\"756\" \/>Telefon: [Al\u0131c\u0131 telefonu]<br data-start=\"781\" data-end=\"784\" \/>E-posta: [Al\u0131c\u0131 e-postas\u0131]<\/p>\r\n<hr data-start=\"812\" data-end=\"815\" \/>\r\n<p data-start=\"817\" data-end=\"849\"><strong data-start=\"817\" data-end=\"849\">Madde 2 \u2013 S\u00f6zle\u015fmenin Konusu<\/strong><\/p>\r\n<p data-start=\"851\" data-end=\"1122\">\u0130\u015fbu s\u00f6zle\u015fmenin konusu, Al\u0131c\u0131\u2019n\u0131n <a target=\"_new\" rel=\"noopener\" data-start=\"886\" data-end=\"904\">www.mrsfarmers.org<\/a>\u00a0internet sitesi \u00fczerinden elektronik ortamda sipari\u015fini verdi\u011fi, nitelikleri ve sat\u0131\u015f fiyat\u0131 a\u015fa\u011f\u0131da belirtilen \u00fcr\u00fcn\u00fcn\/\u00fcr\u00fcnlerin sat\u0131\u015f\u0131 ve teslimi ile ilgili olarak taraflar\u0131n hak ve y\u00fck\u00fcml\u00fcl\u00fcklerinin belirlenmesidir.<\/p>\r\n<hr data-start=\"1124\" data-end=\"1127\" \/>\r\n<p data-start=\"1129\" data-end=\"1157\"><strong data-start=\"1129\" data-end=\"1157\">Madde 3 \u2013 \u00dcr\u00fcn Bilgileri<\/strong><\/p>\r\n<p data-start=\"1159\" data-end=\"1321\">\u00dcr\u00fcn(ler)in cinsi, miktar\u0131, marka\/modeli, sat\u0131\u015f bedeli ve \u00f6deme \u015fekli, sipari\u015fin tamamland\u0131\u011f\u0131 sayfada yer almakta olup bu bilgiler Al\u0131c\u0131 taraf\u0131ndan onaylanm\u0131\u015ft\u0131r.<\/p>\r\n<hr data-start=\"1323\" data-end=\"1326\" \/>\r\n<p data-start=\"1328\" data-end=\"1356\"><strong data-start=\"1328\" data-end=\"1356\">Madde 4 \u2013 Genel H\u00fck\u00fcmler<\/strong><\/p>\r\n<p data-start=\"1358\" data-end=\"1610\">4.1. Al\u0131c\u0131, <a target=\"_new\" rel=\"noopener\" data-start=\"1370\" data-end=\"1388\">www.mrsfarmers.org<\/a> adresinde yer alan \u00fcr\u00fcnlerin temel nitelikleri, sat\u0131\u015f fiyat\u0131, \u00f6deme \u015fekli, teslimat ko\u015fullar\u0131 ve cayma hakk\u0131na ili\u015fkin t\u00fcm bilgileri okuyup bilgi sahibi oldu\u011funu ve elektronik ortamda gerekli onay\u0131 verdi\u011fini kabul eder.<\/p>\r\n<p data-start=\"1612\" data-end=\"1789\">4.2. S\u00f6zle\u015fme konusu \u00fcr\u00fcn, yasal 30 (otuz) g\u00fcnl\u00fck s\u00fcreyi a\u015fmamak kayd\u0131yla Al\u0131c\u0131\u2019n\u0131n teslimat adresine, Al\u0131c\u0131\u2019n\u0131n sipari\u015f s\u0131ras\u0131nda belirtti\u011fi ki\u015fi veya kurulu\u015fa teslim edilir.<\/p>\r\n<p data-start=\"1791\" data-end=\"1966\">4.3. Sat\u0131c\u0131, sipari\u015f konusu \u00fcr\u00fcn\u00fc eksiksiz ve sipari\u015fte belirtilen niteliklere uygun olarak, garanti belgeleri ve kullan\u0131m k\u0131lavuzlar\u0131yla birlikte teslim etmekle y\u00fck\u00fcml\u00fcd\u00fcr.<\/p>\r\n<p data-start=\"1968\" data-end=\"2124\">4.4. Teslimat, Sat\u0131c\u0131\u2019n\u0131n anla\u015fmal\u0131 kargo firmas\u0131 arac\u0131l\u0131\u011f\u0131yla yap\u0131l\u0131r. Kargo \u00fccretleri sipari\u015f a\u015famas\u0131nda belirtilir ve Al\u0131c\u0131\u2019n\u0131n onay\u0131yla tahsil edilir.<\/p>\r\n<p data-start=\"2126\" data-end=\"2311\">4.5. \u00dcr\u00fcn tesliminden sonra Al\u0131c\u0131\u2019ya ait kredi kart\u0131n\u0131n yetkisiz ki\u015filerce kullan\u0131lmas\u0131 nedeniyle bedelin Sat\u0131c\u0131\u2019ya \u00f6denmemesi halinde, Al\u0131c\u0131 \u00fcr\u00fcn\u00fc 3 g\u00fcn i\u00e7inde iade etmekle y\u00fck\u00fcml\u00fcd\u00fcr.<\/p>\r\n<hr data-start=\"2313\" data-end=\"2316\" \/>\r\n<p data-start=\"2318\" data-end=\"2343\"><strong data-start=\"2318\" data-end=\"2343\">Madde 5 \u2013 Cayma Hakk\u0131<\/strong><\/p>\r\n<p data-start=\"2345\" data-end=\"2485\">5.1. Al\u0131c\u0131, \u00fcr\u00fcn\u00fc teslim ald\u0131\u011f\u0131 tarihten itibaren 14 (ond\u00f6rt) g\u00fcn i\u00e7inde hi\u00e7bir gerek\u00e7e g\u00f6stermeksizin s\u00f6zle\u015fmeden cayma hakk\u0131na sahiptir.<\/p>\r\n<p data-start=\"2487\" data-end=\"2615\">5.2. Cayma hakk\u0131n\u0131n kullan\u0131lmas\u0131 i\u00e7in, bu s\u00fcre i\u00e7inde Sat\u0131c\u0131\u2019ya e-posta veya telefon yoluyla bildirim yap\u0131lmas\u0131 gerekmektedir.<\/p>\r\n<p data-start=\"2617\" data-end=\"2773\">5.3. G\u0131da \u00fcr\u00fcnleri niteli\u011finde olan, ambalaj\u0131 a\u00e7\u0131lm\u0131\u015f veya hijyen ko\u015fullar\u0131 nedeniyle yeniden sat\u0131\u015fa uygun olmayan \u00fcr\u00fcnlerde <strong data-start=\"2742\" data-end=\"2770\">cayma hakk\u0131 kullan\u0131lamaz<\/strong>.<\/p>\r\n<p data-start=\"2775\" data-end=\"2936\">5.4. Cayma hakk\u0131n\u0131n ge\u00e7erli oldu\u011fu durumlarda, iade edilen \u00fcr\u00fcn\u00fcn teslim al\u0131nmas\u0131n\u0131 takiben 14 g\u00fcn i\u00e7inde \u00fcr\u00fcn bedeli Al\u0131c\u0131\u2019ya ayn\u0131 \u00f6deme y\u00f6ntemiyle iade edilir.<\/p>\r\n<hr data-start=\"2938\" data-end=\"2941\" \/>\r\n<p data-start=\"2943\" data-end=\"2978\"><strong data-start=\"2943\" data-end=\"2978\">Madde 6 \u2013 Garanti ve Sorumluluk<\/strong><\/p>\r\n<p data-start=\"2980\" data-end=\"3108\">6.1. \u00dcr\u00fcn, teslimat s\u0131ras\u0131nda bozuk, eksik veya ambalaj\u0131 hasarl\u0131 \u00e7\u0131karsa, Al\u0131c\u0131 kargo teslimi esnas\u0131nda tutanak tutturmal\u0131d\u0131r.<\/p>\r\n<p data-start=\"3110\" data-end=\"3245\">6.2. \u00dcr\u00fcn, \u00fcretim hatas\u0131ndan kaynakl\u0131 bir sorun i\u00e7eriyorsa Sat\u0131c\u0131, \u00fcr\u00fcn\u00fc yenisiyle de\u011fi\u015ftirmeyi veya bedel iadesi yapmay\u0131 taahh\u00fct eder.<\/p>\r\n<hr data-start=\"3247\" data-end=\"3250\" \/>\r\n<p data-start=\"3252\" data-end=\"3305\"><strong data-start=\"3252\" data-end=\"3305\">Madde 7 \u2013 Gizlilik ve Ki\u015fisel Verilerin Korunmas\u0131<\/strong><\/p>\r\n<p data-start=\"3307\" data-end=\"3499\">Sat\u0131c\u0131, Al\u0131c\u0131\u2019ya ait ki\u015fisel bilgileri <strong data-start=\"3346\" data-end=\"3403\">KVKK (6698 say\u0131l\u0131 Ki\u015fisel Verilerin Korunmas\u0131 Kanunu)<\/strong> kapsam\u0131nda korur; \u00fc\u00e7\u00fcnc\u00fc ki\u015filerle payla\u015fmaz, sadece sipari\u015f ve teslimat s\u00fcre\u00e7lerinde kullan\u0131r.<\/p>\r\n<hr data-start=\"3501\" data-end=\"3504\" \/>\r\n<p data-start=\"3506\" data-end=\"3542\"><strong data-start=\"3506\" data-end=\"3542\">Madde 8 \u2013 Uyu\u015fmazl\u0131klar\u0131n \u00c7\u00f6z\u00fcm\u00fc<\/strong><\/p>\r\n<p data-start=\"3544\" data-end=\"3718\">Bu s\u00f6zle\u015fmeden do\u011fabilecek uyu\u015fmazl\u0131klarda, Al\u0131c\u0131\u2019n\u0131n yerle\u015fim yerindeki veya i\u015flemin yap\u0131ld\u0131\u011f\u0131 yerdeki <strong data-start=\"3648\" data-end=\"3676\">T\u00fcketici Hakem Heyetleri<\/strong> veya <strong data-start=\"3682\" data-end=\"3706\">T\u00fcketici Mahkemeleri<\/strong> yetkilidir.<\/p>\r\n<hr data-start=\"3720\" data-end=\"3723\" \/>\r\n<p data-start=\"3725\" data-end=\"3747\"><strong data-start=\"3725\" data-end=\"3747\">Madde 9 \u2013 Y\u00fcr\u00fcrl\u00fck<\/strong><\/p>\r\n<p data-start=\"3749\" data-end=\"3933\">Al\u0131c\u0131, bu s\u00f6zle\u015fmede belirtilen t\u00fcm \u015fartlar\u0131 okudu\u011funu, anlad\u0131\u011f\u0131n\u0131 ve elektronik ortamda onaylad\u0131\u011f\u0131n\u0131 beyan eder. \u0130\u015fbu s\u00f6zle\u015fme, elektronik ortamda onayland\u0131\u011f\u0131 tarihte y\u00fcr\u00fcrl\u00fc\u011fe girer.<\/p>\r\n<hr data-start=\"3935\" data-end=\"3938\" \/>\r\n<p data-start=\"3940\" data-end=\"4019\"><strong data-start=\"3943\" data-end=\"3996\">Mrs Farmers G\u0131da ve Tar\u0131m \u00dcr\u00fcnleri Tic. Ltd. \u015eti.<\/strong><br data-start=\"3996\" data-end=\"3999\" \/><a target=\"_new\" rel=\"noopener\" data-start=\"3999\" data-end=\"4017\">www.mrsfarmers.org<\/a><\/p>","protected":false},"excerpt":{"rendered":"<p>MRS FARMERS MESAFEL\u0130 SATI\u015e S\u00d6ZLE\u015eMES\u0130 Madde 1 \u2013 Taraflar 1.1. Sat\u0131c\u0131 (Hizmet Sa\u011flay\u0131c\u0131):Unvan: Mrs Farmers G\u0131da ve Tar\u0131m \u00dcr\u00fcnleri Tic.<\/p>","protected":false},"author":1,"featured_media":0,"parent":0,"menu_order":0,"comment_status":"closed","ping_status":"closed","template":"","meta":{"inline_featured_image":false,"footnotes":""},"class_list":["post-3","page","type-page","status-publish","hentry"],"yoast_head":"<!-- This site is optimized with the Yoast SEO Premium plugin v22.5 (Yoast SEO v27.4) - https:\/\/yoast.com\/product\/yoast-seo-premium-wordpress\/ -->\n<title>Mesafeli Sat\u0131\u015f S\u00f6zle\u015fmesi - Mrs Farmer Naturel Zeytinya\u011f\u0131 | So\u011fuk S\u0131k\u0131m Premium Zeytinya\u011f\u0131<\/title>\n<meta name=\"robots\" content=\"index, follow, max-snippet:-1, max-image-preview:large, max-video-preview:-1\" \/>\n<link rel=\"canonical\" href=\"https:\/\/mrsfarmer.org\/en\/mesafeli-satis-sozlesmesi\/\" \/>\n<meta property=\"og:locale\" content=\"en_US\" \/>\n<meta property=\"og:type\" content=\"article\" \/>\n<meta property=\"og:title\" content=\"Mesafeli Sat\u0131\u015f S\u00f6zle\u015fmesi\" \/>\n<meta property=\"og:description\" content=\"MRS FARMERS MESAFEL\u0130 SATI\u015e S\u00d6ZLE\u015eMES\u0130 Madde 1 \u2013 Taraflar 1.1. Sat\u0131c\u0131 (Hizmet Sa\u011flay\u0131c\u0131):Unvan: Mrs Farmers G\u0131da ve Tar\u0131m \u00dcr\u00fcnleri Tic.\" \/>\n<meta property=\"og:url\" content=\"https:\/\/mrsfarmer.org\/en\/mesafeli-satis-sozlesmesi\/\" \/>\n<meta property=\"og:site_name\" content=\"Mrs Farmer Naturel Zeytinya\u011f\u0131 | So\u011fuk S\u0131k\u0131m Premium Zeytinya\u011f\u0131\" \/>\n<meta property=\"article:modified_time\" content=\"2025-11-06T06:46:26+00:00\" \/>\n<meta property=\"og:image\" content=\"https:\/\/mrsfarmer.org\/wp-content\/uploads\/2025\/10\/mrs-farmer-zeytinyagi-zeytin-bahcesinde.jpg\" \/>\n\t<meta property=\"og:image:width\" content=\"683\" \/>\n\t<meta property=\"og:image:height\" content=\"1024\" \/>\n\t<meta property=\"og:image:type\" content=\"image\/jpeg\" \/>\n<meta name=\"twitter:card\" content=\"summary_large_image\" \/>\n<meta name=\"twitter:label1\" content=\"Est. reading time\" \/>\n\t<meta name=\"twitter:data1\" content=\"3 minutes\" \/>\n<script type=\"application\/ld+json\" class=\"yoast-schema-graph\">{\"@context\":\"https:\\\/\\\/schema.org\",\"@graph\":[{\"@type\":\"WebPage\",\"@id\":\"https:\\\/\\\/mrsfarmer.org\\\/en\\\/mesafeli-satis-sozlesmesi\\\/\",\"url\":\"https:\\\/\\\/mrsfarmer.org\\\/en\\\/mesafeli-satis-sozlesmesi\\\/\",\"name\":\"Mesafeli Sat\u0131\u015f S\u00f6zle\u015fmesi - Mrs Farmer Naturel Zeytinya\u011f\u0131 | So\u011fuk S\u0131k\u0131m Premium Zeytinya\u011f\u0131\",\"isPartOf\":{\"@id\":\"https:\\\/\\\/mrsfarmer.org\\\/#website\"},\"datePublished\":\"2025-10-24T14:51:10+00:00\",\"dateModified\":\"2025-11-06T06:46:26+00:00\",\"breadcrumb\":{\"@id\":\"https:\\\/\\\/mrsfarmer.org\\\/en\\\/mesafeli-satis-sozlesmesi\\\/#breadcrumb\"},\"inLanguage\":\"en-US\",\"potentialAction\":[{\"@type\":\"ReadAction\",\"target\":[\"https:\\\/\\\/mrsfarmer.org\\\/en\\\/mesafeli-satis-sozlesmesi\\\/\"]}]},{\"@type\":\"BreadcrumbList\",\"@id\":\"https:\\\/\\\/mrsfarmer.org\\\/en\\\/mesafeli-satis-sozlesmesi\\\/#breadcrumb\",\"itemListElement\":[{\"@type\":\"ListItem\",\"position\":1,\"name\":\"Anasayfa\",\"item\":\"https:\\\/\\\/mrsfarmer.org\\\/\"},{\"@type\":\"ListItem\",\"position\":2,\"name\":\"Mesafeli Sat\u0131\u015f S\u00f6zle\u015fmesi\"}]},{\"@type\":\"WebSite\",\"@id\":\"https:\\\/\\\/mrsfarmer.org\\\/#website\",\"url\":\"https:\\\/\\\/mrsfarmer.org\\\/\",\"name\":\"Mrs Farmer Naturel Zeytinya\u011f\u0131 | So\u011fuk S\u0131k\u0131m Premium Zeytinya\u011f\u0131\",\"description\":\"Ege&#039;nin As\u0131rl\u0131k Bah\u00e7elerinden Erken Hasat | Naturel | So\u011fuk S\u0131k\u0131m Zeytinya\u011f\u0131\",\"publisher\":{\"@id\":\"https:\\\/\\\/mrsfarmer.org\\\/#organization\"},\"potentialAction\":[{\"@type\":\"SearchAction\",\"target\":{\"@type\":\"EntryPoint\",\"urlTemplate\":\"https:\\\/\\\/mrsfarmer.org\\\/?s={search_term_string}\"},\"query-input\":{\"@type\":\"PropertyValueSpecification\",\"valueRequired\":true,\"valueName\":\"search_term_string\"}}],\"inLanguage\":\"en-US\"},{\"@type\":\"Organization\",\"@id\":\"https:\\\/\\\/mrsfarmer.org\\\/#organization\",\"name\":\"Mrs Farmer Naturel Zeytinya\u011f\u0131 | So\u011fuk S\u0131k\u0131m Premium Zeytinya\u011f\u0131\",\"url\":\"https:\\\/\\\/mrsfarmer.org\\\/\",\"logo\":{\"@type\":\"ImageObject\",\"inLanguage\":\"en-US\",\"@id\":\"https:\\\/\\\/mrsfarmer.org\\\/#\\\/schema\\\/logo\\\/image\\\/\",\"url\":\"https:\\\/\\\/mrsfarmer.org\\\/wp-content\\\/uploads\\\/2025\\\/10\\\/mrs-farmer-logo-yan-Custom.png\",\"contentUrl\":\"https:\\\/\\\/mrsfarmer.org\\\/wp-content\\\/uploads\\\/2025\\\/10\\\/mrs-farmer-logo-yan-Custom.png\",\"width\":700,\"height\":315,\"caption\":\"Mrs Farmer Naturel Zeytinya\u011f\u0131 | So\u011fuk S\u0131k\u0131m Premium Zeytinya\u011f\u0131\"},\"image\":{\"@id\":\"https:\\\/\\\/mrsfarmer.org\\\/#\\\/schema\\\/logo\\\/image\\\/\"},\"sameAs\":[\"https:\\\/\\\/www.instagram.com\\\/mrs.farmer.tr\\\/\",\"https:\\\/\\\/www.youtube.com\\\/@mrs.farmer.tr\"],\"description\":\"Do\u011fall\u0131\u011f\u0131n ve Lezzetin \u00d6z\u00fc: Mrs. Farmer\u2019s Zeytinya\u011f\u0131 Tad\u0131 ve aromas\u0131yla \u00f6ne \u00e7\u0131kan Manisa\u2019n\u0131n bereketli topraklar\u0131nda, as\u0131rl\u0131k zeytin a\u011fa\u00e7lar\u0131m\u0131z\u0131n meyvelerinden \u00f6zenle \u00fcretilen Mrs. Farmer\u2019s Zeytinya\u011f\u0131, do\u011fan\u0131n saf lezzetini sofralar\u0131n\u0131za ta\u015f\u0131r. Gediz Ovas\u0131\u2019n\u0131n verimli ikliminde yeti\u015fen zeytinlerimiz, olgunluk d\u00f6neminde elle toplanarak k\u0131sa s\u00fcrede modern tesislerimize ula\u015ft\u0131r\u0131l\u0131r. Burada bekletilmeden; y\u0131kan\u0131r, k\u0131r\u0131l\u0131r, yo\u011frulur ve tamamen so\u011fuk s\u0131k\u0131m y\u00f6ntemiyle zeytinya\u011f\u0131na d\u00f6n\u00fc\u015ft\u00fcr\u00fcl\u00fcr.\",\"email\":\"mail@mrsfarmers.org\",\"telephone\":\"0 533 363 3276\",\"legalName\":\"Mrs Farmer\",\"foundingDate\":\"2025-03-01\",\"numberOfEmployees\":{\"@type\":\"QuantitativeValue\",\"minValue\":\"1\",\"maxValue\":\"10\"}}]}<\/script>\n<!-- \/ Yoast SEO Premium plugin. -->","yoast_head_json":{"title":"Mesafeli Sat\u0131\u015f S\u00f6zle\u015fmesi - Mrs Farmer Naturel Zeytinya\u011f\u0131 | So\u011fuk S\u0131k\u0131m Premium Zeytinya\u011f\u0131","robots":{"index":"index","follow":"follow","max-snippet":"max-snippet:-1","max-image-preview":"max-image-preview:large","max-video-preview":"max-video-preview:-1"},"canonical":"https:\/\/mrsfarmer.org\/en\/mesafeli-satis-sozlesmesi\/","og_locale":"en_US","og_type":"article","og_title":"Mesafeli Sat\u0131\u015f S\u00f6zle\u015fmesi","og_description":"MRS FARMERS MESAFEL\u0130 SATI\u015e S\u00d6ZLE\u015eMES\u0130 Madde 1 \u2013 Taraflar 1.1. Sat\u0131c\u0131 (Hizmet Sa\u011flay\u0131c\u0131):Unvan: Mrs Farmers G\u0131da ve Tar\u0131m \u00dcr\u00fcnleri Tic.","og_url":"https:\/\/mrsfarmer.org\/en\/mesafeli-satis-sozlesmesi\/","og_site_name":"Mrs Farmer Naturel Zeytinya\u011f\u0131 | So\u011fuk S\u0131k\u0131m Premium Zeytinya\u011f\u0131","article_modified_time":"2025-11-06T06:46:26+00:00","og_image":[{"width":683,"height":1024,"url":"https:\/\/mrsfarmer.org\/wp-content\/uploads\/2025\/10\/mrs-farmer-zeytinyagi-zeytin-bahcesinde.jpg","type":"image\/jpeg"}],"twitter_card":"summary_large_image","twitter_misc":{"Est. reading time":"3 minutes"},"schema":{"@context":"https:\/\/schema.org","@graph":[{"@type":"WebPage","@id":"https:\/\/mrsfarmer.org\/en\/mesafeli-satis-sozlesmesi\/","url":"https:\/\/mrsfarmer.org\/en\/mesafeli-satis-sozlesmesi\/","name":"Mesafeli Sat\u0131\u015f S\u00f6zle\u015fmesi - Mrs Farmer Naturel Zeytinya\u011f\u0131 | So\u011fuk S\u0131k\u0131m Premium Zeytinya\u011f\u0131","isPartOf":{"@id":"https:\/\/mrsfarmer.org\/#website"},"datePublished":"2025-10-24T14:51:10+00:00","dateModified":"2025-11-06T06:46:26+00:00","breadcrumb":{"@id":"https:\/\/mrsfarmer.org\/en\/mesafeli-satis-sozlesmesi\/#breadcrumb"},"inLanguage":"en-US","potentialAction":[{"@type":"ReadAction","target":["https:\/\/mrsfarmer.org\/en\/mesafeli-satis-sozlesmesi\/"]}]},{"@type":"BreadcrumbList","@id":"https:\/\/mrsfarmer.org\/en\/mesafeli-satis-sozlesmesi\/#breadcrumb","itemListElement":[{"@type":"ListItem","position":1,"name":"Anasayfa","item":"https:\/\/mrsfarmer.org\/"},{"@type":"ListItem","position":2,"name":"Mesafeli Sat\u0131\u015f S\u00f6zle\u015fmesi"}]},{"@type":"WebSite","@id":"https:\/\/mrsfarmer.org\/#website","url":"https:\/\/mrsfarmer.org\/","name":"Mrs Farmer Naturel Zeytinya\u011f\u0131 | So\u011fuk S\u0131k\u0131m Premium Zeytinya\u011f\u0131","description":"Ege&#039;nin As\u0131rl\u0131k Bah\u00e7elerinden Erken Hasat | Naturel | So\u011fuk S\u0131k\u0131m Zeytinya\u011f\u0131","publisher":{"@id":"https:\/\/mrsfarmer.org\/#organization"},"potentialAction":[{"@type":"SearchAction","target":{"@type":"EntryPoint","urlTemplate":"https:\/\/mrsfarmer.org\/?s={search_term_string}"},"query-input":{"@type":"PropertyValueSpecification","valueRequired":true,"valueName":"search_term_string"}}],"inLanguage":"en-US"},{"@type":"Organization","@id":"https:\/\/mrsfarmer.org\/#organization","name":"Mrs Farmer Naturel Zeytinya\u011f\u0131 | So\u011fuk S\u0131k\u0131m Premium Zeytinya\u011f\u0131","url":"https:\/\/mrsfarmer.org\/","logo":{"@type":"ImageObject","inLanguage":"en-US","@id":"https:\/\/mrsfarmer.org\/#\/schema\/logo\/image\/","url":"https:\/\/mrsfarmer.org\/wp-content\/uploads\/2025\/10\/mrs-farmer-logo-yan-Custom.png","contentUrl":"https:\/\/mrsfarmer.org\/wp-content\/uploads\/2025\/10\/mrs-farmer-logo-yan-Custom.png","width":700,"height":315,"caption":"Mrs Farmer Naturel Zeytinya\u011f\u0131 | So\u011fuk S\u0131k\u0131m Premium Zeytinya\u011f\u0131"},"image":{"@id":"https:\/\/mrsfarmer.org\/#\/schema\/logo\/image\/"},"sameAs":["https:\/\/www.instagram.com\/mrs.farmer.tr\/","https:\/\/www.youtube.com\/@mrs.farmer.tr"],"description":"Do\u011fall\u0131\u011f\u0131n ve Lezzetin \u00d6z\u00fc: Mrs. Farmer\u2019s Zeytinya\u011f\u0131 Tad\u0131 ve aromas\u0131yla \u00f6ne \u00e7\u0131kan Manisa\u2019n\u0131n bereketli topraklar\u0131nda, as\u0131rl\u0131k zeytin a\u011fa\u00e7lar\u0131m\u0131z\u0131n meyvelerinden \u00f6zenle \u00fcretilen Mrs. Farmer\u2019s Zeytinya\u011f\u0131, do\u011fan\u0131n saf lezzetini sofralar\u0131n\u0131za ta\u015f\u0131r. Gediz Ovas\u0131\u2019n\u0131n verimli ikliminde yeti\u015fen zeytinlerimiz, olgunluk d\u00f6neminde elle toplanarak k\u0131sa s\u00fcrede modern tesislerimize ula\u015ft\u0131r\u0131l\u0131r. Burada bekletilmeden; y\u0131kan\u0131r, k\u0131r\u0131l\u0131r, yo\u011frulur ve tamamen so\u011fuk s\u0131k\u0131m y\u00f6ntemiyle zeytinya\u011f\u0131na d\u00f6n\u00fc\u015ft\u00fcr\u00fcl\u00fcr.","email":"mail@mrsfarmers.org","telephone":"0 533 363 3276","legalName":"Mrs Farmer","foundingDate":"2025-03-01","numberOfEmployees":{"@type":"QuantitativeValue","minValue":"1","maxValue":"10"}}]}},"_hostinger_reach_plugin_has_subscription_block":false,"_hostinger_reach_plugin_is_elementor":false,"_links":{"self":[{"href":"https:\/\/mrsfarmer.org\/en\/wp-json\/wp\/v2\/pages\/3","targetHints":{"allow":["GET"]}}],"collection":[{"href":"https:\/\/mrsfarmer.org\/en\/wp-json\/wp\/v2\/pages"}],"about":[{"href":"https:\/\/mrsfarmer.org\/en\/wp-json\/wp\/v2\/types\/page"}],"author":[{"embeddable":true,"href":"https:\/\/mrsfarmer.org\/en\/wp-json\/wp\/v2\/users\/1"}],"replies":[{"embeddable":true,"href":"https:\/\/mrsfarmer.org\/en\/wp-json\/wp\/v2\/comments?post=3"}],"version-history":[{"count":0,"href":"https:\/\/mrsfarmer.org\/en\/wp-json\/wp\/v2\/pages\/3\/revisions"}],"wp:attachment":[{"href":"https:\/\/mrsfarmer.org\/en\/wp-json\/wp\/v2\/media?parent=3"}],"curies":[{"name":"wp","href":"https:\/\/api.w.org\/{rel}","templated":true}]}}