{"id":28173,"date":"2025-11-05T11:01:29","date_gmt":"2025-11-05T11:01:29","guid":{"rendered":"https:\/\/silver-pelican-250698.hostingersite.com\/?page_id=28173"},"modified":"2025-11-06T06:48:06","modified_gmt":"2025-11-06T06:48:06","slug":"gizlilik-politikasi","status":"publish","type":"page","link":"https:\/\/mrsfarmer.org\/en\/gizlilik-politikasi\/","title":{"rendered":"Privacy Policy"},"content":{"rendered":"<article id=\"post-28173\"><code><\/code><\/p>\n<h1 data-start=\"212\" data-end=\"240\"><strong data-start=\"217\" data-end=\"240\">G\u0130ZL\u0130L\u0130K POL\u0130T\u0130KASI<\/strong><\/h1>\n<p><code><\/code><\/p>\n<p data-start=\"242\" data-end=\"461\"><strong data-start=\"242\" data-end=\"257\">Mrs Farmers<\/strong>\u00a0olarak, m\u00fc\u015fteri bilgilerinin gizlili\u011fine ve g\u00fcvenli\u011fine b\u00fcy\u00fck \u00f6nem veriyoruz. Bu Gizlilik Politikas\u0131,\u00a0<a target=\"_new\" rel=\"noopener\" data-start=\"360\" data-end=\"378\">www.mrsfarmers.org<\/a>\u00a0\u00fczerinden toplad\u0131\u011f\u0131m\u0131z ki\u015fisel verilerin nas\u0131l i\u015flendi\u011fini ve korundu\u011funu a\u00e7\u0131klar.<\/p>\n<p><code><\/code><\/p>\n<hr data-start=\"463\" data-end=\"466\" \/>\n<p><code><\/code><\/p>\n<h2 data-start=\"468\" data-end=\"502\"><strong data-start=\"471\" data-end=\"502\">1. Toplanan Ki\u015fisel Veriler<\/strong><\/h2>\n<p><code><\/code><\/p>\n<p data-start=\"504\" data-end=\"577\">Sipari\u015f, \u00fcyelik ve ileti\u015fim s\u00fcre\u00e7lerinde a\u015fa\u011f\u0131daki bilgiler toplanabilir:<\/p>\n<p><code><\/code><\/p>\n<ul data-start=\"579\" data-end=\"802\">\n<li data-start=\"579\" data-end=\"602\">\n<p data-start=\"581\" data-end=\"602\">Ad\u0131n\u0131z ve soyad\u0131n\u0131z<\/p>\n<\/li>\n<li data-start=\"603\" data-end=\"638\">\n<p data-start=\"605\" data-end=\"638\">Adresiniz ve teslimat bilgileri<\/p>\n<\/li>\n<li data-start=\"639\" data-end=\"681\">\n<p data-start=\"641\" data-end=\"681\">Telefon numaran\u0131z ve e-posta adresiniz<\/p>\n<\/li>\n<li data-start=\"682\" data-end=\"757\">\n<p data-start=\"684\" data-end=\"757\">\u00d6deme bilgileri (\u00f6deme sa\u011flay\u0131c\u0131lar\u0131 \u00fczerinden g\u00fcvenli \u015fekilde i\u015flenir)<\/p>\n<\/li>\n<li data-start=\"758\" data-end=\"802\">\n<p data-start=\"760\" data-end=\"802\">Sipari\u015f ge\u00e7mi\u015fi ve tercih edilen \u00fcr\u00fcnler<\/p>\n<\/li>\n<\/ul>\n<p><code><\/code><\/p>\n<hr data-start=\"804\" data-end=\"807\" \/>\n<p><code><\/code><\/p>\n<h2 data-start=\"809\" data-end=\"854\"><strong data-start=\"812\" data-end=\"854\">2. Ki\u015fisel Verilerin Kullan\u0131m Ama\u00e7lar\u0131<\/strong><\/h2>\n<p><code><\/code><\/p>\n<p data-start=\"856\" data-end=\"914\">Toplanan veriler, yaln\u0131zca a\u015fa\u011f\u0131daki ama\u00e7larla kullan\u0131l\u0131r:<\/p>\n<p><code><\/code><\/p>\n<ul data-start=\"916\" data-end=\"1213\">\n<li data-start=\"916\" data-end=\"974\">\n<p data-start=\"918\" data-end=\"974\">Sipari\u015flerinizi eksiksiz ve do\u011fru \u015fekilde teslim etmek<\/p>\n<\/li>\n<li data-start=\"975\" data-end=\"1028\">\n<p data-start=\"977\" data-end=\"1028\">M\u00fc\u015fteri taleplerine ve \u015fik\u00e2yetlerine yan\u0131t vermek<\/p>\n<\/li>\n<li data-start=\"1029\" data-end=\"1105\">\n<p data-start=\"1031\" data-end=\"1105\">Kampanya ve promosyon bilgilerini iletmek (talep eden kullan\u0131c\u0131lar i\u00e7in)<\/p>\n<\/li>\n<li data-start=\"1106\" data-end=\"1172\">\n<p data-start=\"1108\" data-end=\"1172\">Hizmet kalitesini art\u0131rmak ve kullan\u0131c\u0131 deneyimini geli\u015ftirmek<\/p>\n<\/li>\n<li data-start=\"1173\" data-end=\"1213\">\n<p data-start=\"1175\" data-end=\"1213\">Yasal y\u00fck\u00fcml\u00fcl\u00fckleri yerine getirmek<\/p>\n<\/li>\n<\/ul>\n<p><code><\/code><\/p>\n<hr data-start=\"1215\" data-end=\"1218\" \/>\n<p><code><\/code><\/p>\n<h2 data-start=\"1220\" data-end=\"1249\"><strong data-start=\"1223\" data-end=\"1249\">3. Verilerin Payla\u015f\u0131m\u0131<\/strong><\/h2>\n<p><code><\/code><\/p>\n<ul data-start=\"1251\" data-end=\"1540\">\n<li data-start=\"1251\" data-end=\"1333\">\n<p data-start=\"1253\" data-end=\"1333\">Ki\u015fisel verileriniz, \u00fc\u00e7\u00fcnc\u00fc ki\u015filerle\u00a0<strong data-start=\"1291\" data-end=\"1330\">izin verilmedi\u011fi s\u00fcrece payla\u015f\u0131lmaz<\/strong>.<\/p>\n<\/li>\n<li data-start=\"1334\" data-end=\"1540\">\n<p data-start=\"1336\" data-end=\"1540\">Kargo ve \u00f6deme i\u015flemleri i\u00e7in gerekli durumlarda ilgili firmalarla payla\u015f\u0131labilir. Bu payla\u015f\u0131mlar, sadece hizmetin sa\u011flanmas\u0131 i\u00e7in yap\u0131l\u0131r ve \u00fc\u00e7\u00fcnc\u00fc taraflar verilerinizi kendi ama\u00e7lar\u0131 i\u00e7in kullanamaz.<\/p>\n<\/li>\n<\/ul>\n<p><code><\/code><\/p>\n<hr data-start=\"1542\" data-end=\"1545\" \/>\n<p><code><\/code><\/p>\n<h2 data-start=\"1547\" data-end=\"1582\"><strong data-start=\"1550\" data-end=\"1582\">4. Verilerin Saklanma S\u00fcresi<\/strong><\/h2>\n<p><code><\/code><\/p>\n<ul data-start=\"1584\" data-end=\"1804\">\n<li data-start=\"1584\" data-end=\"1698\">\n<p data-start=\"1586\" data-end=\"1698\">Ki\u015fisel verileriniz, yasal saklama y\u00fck\u00fcml\u00fcl\u00fckleri ve hizmet s\u00fcreklili\u011fi kapsam\u0131nda\u00a0<strong data-start=\"1669\" data-end=\"1686\">en az s\u00fcreyle<\/strong>\u00a0saklan\u0131r.<\/p>\n<\/li>\n<li data-start=\"1699\" data-end=\"1804\">\n<p data-start=\"1701\" data-end=\"1804\">Saklama s\u00fcresi sona erdi\u011finde verileriniz\u00a0<strong data-start=\"1743\" data-end=\"1801\">g\u00fcvenli bir \u015fekilde silinir veya anonim hale getirilir<\/strong>.<\/p>\n<\/li>\n<\/ul>\n<p><code><\/code><\/p>\n<hr data-start=\"1806\" data-end=\"1809\" \/>\n<p><code><\/code><\/p>\n<h2 data-start=\"1811\" data-end=\"1838\"><strong data-start=\"1814\" data-end=\"1838\">5. Kullan\u0131c\u0131 Haklar\u0131<\/strong><\/h2>\n<p><code><\/code><\/p>\n<p data-start=\"1840\" data-end=\"1897\">KVKK kapsam\u0131nda, kullan\u0131c\u0131lar a\u015fa\u011f\u0131daki haklara sahiptir:<\/p>\n<p><code><\/code><\/p>\n<ul data-start=\"1899\" data-end=\"2215\">\n<li data-start=\"1899\" data-end=\"1950\">\n<p data-start=\"1901\" data-end=\"1950\">Ki\u015fisel verilerin i\u015flenip i\u015flenmedi\u011fini \u00f6\u011frenme<\/p>\n<\/li>\n<li data-start=\"1951\" data-end=\"1996\">\n<p data-start=\"1953\" data-end=\"1996\">\u0130\u015flenen veriler hakk\u0131nda bilgi talep etme<\/p>\n<\/li>\n<li data-start=\"1997\" data-end=\"2050\">\n<p data-start=\"1999\" data-end=\"2050\">Yanl\u0131\u015f veya eksik verilerin d\u00fczeltilmesini isteme<\/p>\n<\/li>\n<li data-start=\"2051\" data-end=\"2107\">\n<p data-start=\"2053\" data-end=\"2107\">Verilerin silinmesini veya yok edilmesini talep etme<\/p>\n<\/li>\n<li data-start=\"2108\" data-end=\"2151\">\n<p data-start=\"2110\" data-end=\"2151\">\u0130\u015flenen verilerin kullan\u0131m\u0131n\u0131 s\u0131n\u0131rlama<\/p>\n<\/li>\n<li data-start=\"2152\" data-end=\"2215\">\n<p data-start=\"2154\" data-end=\"2215\">Verilerin bir ba\u015fka hizmet sa\u011flay\u0131c\u0131ya aktar\u0131lmas\u0131n\u0131 isteme<\/p>\n<\/li>\n<\/ul>\n<p><code><\/code><\/p>\n<p data-start=\"2217\" data-end=\"2338\">Bu haklar\u0131n\u0131z\u0131 kullanmak i\u00e7in bize <a href=\"mailto:mail@mrsfarmers.org\"><strong>mail@mrsfarmers.org<\/strong><\/a>\u00a0\u00fczerinden ula\u015fabilirsiniz.<\/p>\n<p><code><\/code><\/p>\n<hr data-start=\"2340\" data-end=\"2343\" \/>\n<p><code><\/code><\/p>\n<h2 data-start=\"2345\" data-end=\"2373\"><strong data-start=\"2348\" data-end=\"2373\">6. G\u00fcvenlik \u00d6nlemleri<\/strong><\/h2>\n<p><code><\/code><\/p>\n<ul data-start=\"2375\" data-end=\"2599\">\n<li data-start=\"2375\" data-end=\"2501\">\n<p data-start=\"2377\" data-end=\"2501\">Verileriniz, internet ve bilgi g\u00fcvenli\u011fi standartlar\u0131na uygun olarak\u00a0<strong data-start=\"2446\" data-end=\"2480\">\u015fifreleme ve g\u00fcvenli sunucular<\/strong>\u00a0\u00fczerinden korunur.<\/p>\n<\/li>\n<li data-start=\"2502\" data-end=\"2599\">\n<p data-start=\"2504\" data-end=\"2599\">Yetkisiz eri\u015fim, kay\u0131p veya k\u00f6t\u00fcye kullan\u0131m\u0131 \u00f6nlemek i\u00e7in teknik ve idari \u00f6nlemler uygulan\u0131r.<\/p>\n<\/li>\n<\/ul>\n<p><code><\/code><\/p>\n<hr data-start=\"2601\" data-end=\"2604\" \/>\n<p><code><\/code><\/p>\n<h2 data-start=\"2606\" data-end=\"2639\"><strong data-start=\"2609\" data-end=\"2639\">7. Politika De\u011fi\u015fiklikleri<\/strong><\/h2>\n<p><code><\/code><\/p>\n<ul data-start=\"2641\" data-end=\"2799\">\n<li data-start=\"2641\" data-end=\"2735\">\n<p data-start=\"2643\" data-end=\"2735\">Gizlilik Politikam\u0131z, mevzuat de\u011fi\u015fiklikleri veya hizmet ko\u015fullar\u0131na g\u00f6re g\u00fcncellenebilir.<\/p>\n<\/li>\n<li data-start=\"2736\" data-end=\"2799\">\n<p data-start=\"2738\" data-end=\"2799\">G\u00fcncellemeler web sitemizde yay\u0131mland\u0131\u011f\u0131 anda ge\u00e7erli olur.<\/p>\n<\/li>\n<\/ul>\n<p><code><\/code><\/p>\n<hr data-start=\"2801\" data-end=\"2804\" \/>\n<p><code><\/code><\/p>\n<p data-start=\"2806\" data-end=\"2983\"><strong data-start=\"2809\" data-end=\"2822\">\u0130leti\u015fim:<\/strong> <a href=\"tel:05333633276\">05333633276<\/a><br \/>\n<strong data-start=\"2847\" data-end=\"2859\">E-posta:<\/strong> <a href=\"mailto:mail@mrsfarmers.org\" rel=\"noopener\" data-start=\"2860\" data-end=\"2913\">mail@mrsfarmers.org<\/a><br data-start=\"2913\" data-end=\"2916\" \/><strong data-start=\"2919\" data-end=\"2934\">Web Sitesi:<\/strong> www.mrsfarmers.org<\/p>\n<\/article>","protected":false},"excerpt":{"rendered":"<p>G\u0130ZL\u0130L\u0130K POL\u0130T\u0130KASI Mrs Farmers\u00a0olarak, m\u00fc\u015fteri bilgilerinin gizlili\u011fine ve g\u00fcvenli\u011fine b\u00fcy\u00fck \u00f6nem veriyoruz. Bu Gizlilik Politikas\u0131,\u00a0www.mrsfarmers.org\u00a0\u00fczerinden toplad\u0131\u011f\u0131m\u0131z ki\u015fisel verilerin nas\u0131l i\u015flendi\u011fini<\/p>","protected":false},"author":1,"featured_media":0,"parent":0,"menu_order":0,"comment_status":"closed","ping_status":"closed","template":"","meta":{"inline_featured_image":false,"footnotes":""},"class_list":["post-28173","page","type-page","status-publish","hentry"],"yoast_head":"<!-- This site is optimized with the Yoast SEO Premium plugin v22.5 (Yoast SEO v27.4) - https:\/\/yoast.com\/product\/yoast-seo-premium-wordpress\/ -->\n<title>Gizlilik Politikas\u0131 - Mrs Farmer Naturel Zeytinya\u011f\u0131 | So\u011fuk S\u0131k\u0131m Premium Zeytinya\u011f\u0131<\/title>\n<meta name=\"robots\" content=\"index, follow, max-snippet:-1, max-image-preview:large, max-video-preview:-1\" \/>\n<link rel=\"canonical\" href=\"https:\/\/mrsfarmer.org\/en\/gizlilik-politikasi\/\" \/>\n<meta property=\"og:locale\" content=\"en_US\" \/>\n<meta property=\"og:type\" content=\"article\" \/>\n<meta property=\"og:title\" content=\"Gizlilik Politikas\u0131\" \/>\n<meta property=\"og:description\" content=\"G\u0130ZL\u0130L\u0130K POL\u0130T\u0130KASI Mrs Farmers\u00a0olarak, m\u00fc\u015fteri bilgilerinin gizlili\u011fine ve g\u00fcvenli\u011fine b\u00fcy\u00fck \u00f6nem veriyoruz. Bu Gizlilik Politikas\u0131,\u00a0www.mrsfarmers.org\u00a0\u00fczerinden toplad\u0131\u011f\u0131m\u0131z ki\u015fisel verilerin nas\u0131l i\u015flendi\u011fini\" \/>\n<meta property=\"og:url\" content=\"https:\/\/mrsfarmer.org\/en\/gizlilik-politikasi\/\" \/>\n<meta property=\"og:site_name\" content=\"Mrs Farmer Naturel Zeytinya\u011f\u0131 | So\u011fuk S\u0131k\u0131m Premium Zeytinya\u011f\u0131\" \/>\n<meta property=\"article:modified_time\" content=\"2025-11-06T06:48:06+00:00\" \/>\n<meta property=\"og:image\" content=\"https:\/\/mrsfarmer.org\/wp-content\/uploads\/2025\/10\/mrs-farmer-zeytinyagi-zeytin-bahcesinde.jpg\" \/>\n\t<meta property=\"og:image:width\" content=\"683\" \/>\n\t<meta property=\"og:image:height\" content=\"1024\" \/>\n\t<meta property=\"og:image:type\" content=\"image\/jpeg\" \/>\n<meta name=\"twitter:card\" content=\"summary_large_image\" \/>\n<meta name=\"twitter:label1\" content=\"Est. reading time\" \/>\n\t<meta name=\"twitter:data1\" content=\"2 minutes\" \/>\n<script type=\"application\/ld+json\" class=\"yoast-schema-graph\">{\"@context\":\"https:\\\/\\\/schema.org\",\"@graph\":[{\"@type\":\"WebPage\",\"@id\":\"https:\\\/\\\/mrsfarmer.org\\\/en\\\/gizlilik-politikasi\\\/\",\"url\":\"https:\\\/\\\/mrsfarmer.org\\\/en\\\/gizlilik-politikasi\\\/\",\"name\":\"Gizlilik Politikas\u0131 - Mrs Farmer Naturel Zeytinya\u011f\u0131 | So\u011fuk S\u0131k\u0131m Premium Zeytinya\u011f\u0131\",\"isPartOf\":{\"@id\":\"https:\\\/\\\/mrsfarmer.org\\\/#website\"},\"datePublished\":\"2025-11-05T11:01:29+00:00\",\"dateModified\":\"2025-11-06T06:48:06+00:00\",\"breadcrumb\":{\"@id\":\"https:\\\/\\\/mrsfarmer.org\\\/en\\\/gizlilik-politikasi\\\/#breadcrumb\"},\"inLanguage\":\"en-US\",\"potentialAction\":[{\"@type\":\"ReadAction\",\"target\":[\"https:\\\/\\\/mrsfarmer.org\\\/en\\\/gizlilik-politikasi\\\/\"]}]},{\"@type\":\"BreadcrumbList\",\"@id\":\"https:\\\/\\\/mrsfarmer.org\\\/en\\\/gizlilik-politikasi\\\/#breadcrumb\",\"itemListElement\":[{\"@type\":\"ListItem\",\"position\":1,\"name\":\"Anasayfa\",\"item\":\"https:\\\/\\\/mrsfarmer.org\\\/\"},{\"@type\":\"ListItem\",\"position\":2,\"name\":\"Gizlilik Politikas\u0131\"}]},{\"@type\":\"WebSite\",\"@id\":\"https:\\\/\\\/mrsfarmer.org\\\/#website\",\"url\":\"https:\\\/\\\/mrsfarmer.org\\\/\",\"name\":\"Mrs Farmer Naturel Zeytinya\u011f\u0131 | So\u011fuk S\u0131k\u0131m Premium Zeytinya\u011f\u0131\",\"description\":\"Ege&#039;nin As\u0131rl\u0131k Bah\u00e7elerinden Erken Hasat | Naturel | So\u011fuk S\u0131k\u0131m Zeytinya\u011f\u0131\",\"publisher\":{\"@id\":\"https:\\\/\\\/mrsfarmer.org\\\/#organization\"},\"potentialAction\":[{\"@type\":\"SearchAction\",\"target\":{\"@type\":\"EntryPoint\",\"urlTemplate\":\"https:\\\/\\\/mrsfarmer.org\\\/?s={search_term_string}\"},\"query-input\":{\"@type\":\"PropertyValueSpecification\",\"valueRequired\":true,\"valueName\":\"search_term_string\"}}],\"inLanguage\":\"en-US\"},{\"@type\":\"Organization\",\"@id\":\"https:\\\/\\\/mrsfarmer.org\\\/#organization\",\"name\":\"Mrs Farmer Naturel Zeytinya\u011f\u0131 | So\u011fuk S\u0131k\u0131m Premium Zeytinya\u011f\u0131\",\"url\":\"https:\\\/\\\/mrsfarmer.org\\\/\",\"logo\":{\"@type\":\"ImageObject\",\"inLanguage\":\"en-US\",\"@id\":\"https:\\\/\\\/mrsfarmer.org\\\/#\\\/schema\\\/logo\\\/image\\\/\",\"url\":\"https:\\\/\\\/mrsfarmer.org\\\/wp-content\\\/uploads\\\/2025\\\/10\\\/mrs-farmer-logo-yan-Custom.png\",\"contentUrl\":\"https:\\\/\\\/mrsfarmer.org\\\/wp-content\\\/uploads\\\/2025\\\/10\\\/mrs-farmer-logo-yan-Custom.png\",\"width\":700,\"height\":315,\"caption\":\"Mrs Farmer Naturel Zeytinya\u011f\u0131 | So\u011fuk S\u0131k\u0131m Premium Zeytinya\u011f\u0131\"},\"image\":{\"@id\":\"https:\\\/\\\/mrsfarmer.org\\\/#\\\/schema\\\/logo\\\/image\\\/\"},\"sameAs\":[\"https:\\\/\\\/www.instagram.com\\\/mrs.farmer.tr\\\/\",\"https:\\\/\\\/www.youtube.com\\\/@mrs.farmer.tr\"],\"description\":\"Do\u011fall\u0131\u011f\u0131n ve Lezzetin \u00d6z\u00fc: Mrs. Farmer\u2019s Zeytinya\u011f\u0131 Tad\u0131 ve aromas\u0131yla \u00f6ne \u00e7\u0131kan Manisa\u2019n\u0131n bereketli topraklar\u0131nda, as\u0131rl\u0131k zeytin a\u011fa\u00e7lar\u0131m\u0131z\u0131n meyvelerinden \u00f6zenle \u00fcretilen Mrs. Farmer\u2019s Zeytinya\u011f\u0131, do\u011fan\u0131n saf lezzetini sofralar\u0131n\u0131za ta\u015f\u0131r. Gediz Ovas\u0131\u2019n\u0131n verimli ikliminde yeti\u015fen zeytinlerimiz, olgunluk d\u00f6neminde elle toplanarak k\u0131sa s\u00fcrede modern tesislerimize ula\u015ft\u0131r\u0131l\u0131r. Burada bekletilmeden; y\u0131kan\u0131r, k\u0131r\u0131l\u0131r, yo\u011frulur ve tamamen so\u011fuk s\u0131k\u0131m y\u00f6ntemiyle zeytinya\u011f\u0131na d\u00f6n\u00fc\u015ft\u00fcr\u00fcl\u00fcr.\",\"email\":\"mail@mrsfarmers.org\",\"telephone\":\"0 533 363 3276\",\"legalName\":\"Mrs Farmer\",\"foundingDate\":\"2025-03-01\",\"numberOfEmployees\":{\"@type\":\"QuantitativeValue\",\"minValue\":\"1\",\"maxValue\":\"10\"}}]}<\/script>\n<!-- \/ Yoast SEO Premium plugin. -->","yoast_head_json":{"title":"Gizlilik Politikas\u0131 - Mrs Farmer Naturel Zeytinya\u011f\u0131 | So\u011fuk S\u0131k\u0131m Premium Zeytinya\u011f\u0131","robots":{"index":"index","follow":"follow","max-snippet":"max-snippet:-1","max-image-preview":"max-image-preview:large","max-video-preview":"max-video-preview:-1"},"canonical":"https:\/\/mrsfarmer.org\/en\/gizlilik-politikasi\/","og_locale":"en_US","og_type":"article","og_title":"Gizlilik Politikas\u0131","og_description":"G\u0130ZL\u0130L\u0130K POL\u0130T\u0130KASI Mrs Farmers\u00a0olarak, m\u00fc\u015fteri bilgilerinin gizlili\u011fine ve g\u00fcvenli\u011fine b\u00fcy\u00fck \u00f6nem veriyoruz. Bu Gizlilik Politikas\u0131,\u00a0www.mrsfarmers.org\u00a0\u00fczerinden toplad\u0131\u011f\u0131m\u0131z ki\u015fisel verilerin nas\u0131l i\u015flendi\u011fini","og_url":"https:\/\/mrsfarmer.org\/en\/gizlilik-politikasi\/","og_site_name":"Mrs Farmer Naturel Zeytinya\u011f\u0131 | So\u011fuk S\u0131k\u0131m Premium Zeytinya\u011f\u0131","article_modified_time":"2025-11-06T06:48:06+00:00","og_image":[{"width":683,"height":1024,"url":"https:\/\/mrsfarmer.org\/wp-content\/uploads\/2025\/10\/mrs-farmer-zeytinyagi-zeytin-bahcesinde.jpg","type":"image\/jpeg"}],"twitter_card":"summary_large_image","twitter_misc":{"Est. reading time":"2 minutes"},"schema":{"@context":"https:\/\/schema.org","@graph":[{"@type":"WebPage","@id":"https:\/\/mrsfarmer.org\/en\/gizlilik-politikasi\/","url":"https:\/\/mrsfarmer.org\/en\/gizlilik-politikasi\/","name":"Gizlilik Politikas\u0131 - Mrs Farmer Naturel Zeytinya\u011f\u0131 | So\u011fuk S\u0131k\u0131m Premium Zeytinya\u011f\u0131","isPartOf":{"@id":"https:\/\/mrsfarmer.org\/#website"},"datePublished":"2025-11-05T11:01:29+00:00","dateModified":"2025-11-06T06:48:06+00:00","breadcrumb":{"@id":"https:\/\/mrsfarmer.org\/en\/gizlilik-politikasi\/#breadcrumb"},"inLanguage":"en-US","potentialAction":[{"@type":"ReadAction","target":["https:\/\/mrsfarmer.org\/en\/gizlilik-politikasi\/"]}]},{"@type":"BreadcrumbList","@id":"https:\/\/mrsfarmer.org\/en\/gizlilik-politikasi\/#breadcrumb","itemListElement":[{"@type":"ListItem","position":1,"name":"Anasayfa","item":"https:\/\/mrsfarmer.org\/"},{"@type":"ListItem","position":2,"name":"Gizlilik Politikas\u0131"}]},{"@type":"WebSite","@id":"https:\/\/mrsfarmer.org\/#website","url":"https:\/\/mrsfarmer.org\/","name":"Mrs Farmer Naturel Zeytinya\u011f\u0131 | So\u011fuk S\u0131k\u0131m Premium Zeytinya\u011f\u0131","description":"Ege&#039;nin As\u0131rl\u0131k Bah\u00e7elerinden Erken Hasat | Naturel | So\u011fuk S\u0131k\u0131m Zeytinya\u011f\u0131","publisher":{"@id":"https:\/\/mrsfarmer.org\/#organization"},"potentialAction":[{"@type":"SearchAction","target":{"@type":"EntryPoint","urlTemplate":"https:\/\/mrsfarmer.org\/?s={search_term_string}"},"query-input":{"@type":"PropertyValueSpecification","valueRequired":true,"valueName":"search_term_string"}}],"inLanguage":"en-US"},{"@type":"Organization","@id":"https:\/\/mrsfarmer.org\/#organization","name":"Mrs Farmer Naturel Zeytinya\u011f\u0131 | So\u011fuk S\u0131k\u0131m Premium Zeytinya\u011f\u0131","url":"https:\/\/mrsfarmer.org\/","logo":{"@type":"ImageObject","inLanguage":"en-US","@id":"https:\/\/mrsfarmer.org\/#\/schema\/logo\/image\/","url":"https:\/\/mrsfarmer.org\/wp-content\/uploads\/2025\/10\/mrs-farmer-logo-yan-Custom.png","contentUrl":"https:\/\/mrsfarmer.org\/wp-content\/uploads\/2025\/10\/mrs-farmer-logo-yan-Custom.png","width":700,"height":315,"caption":"Mrs Farmer Naturel Zeytinya\u011f\u0131 | So\u011fuk S\u0131k\u0131m Premium Zeytinya\u011f\u0131"},"image":{"@id":"https:\/\/mrsfarmer.org\/#\/schema\/logo\/image\/"},"sameAs":["https:\/\/www.instagram.com\/mrs.farmer.tr\/","https:\/\/www.youtube.com\/@mrs.farmer.tr"],"description":"Do\u011fall\u0131\u011f\u0131n ve Lezzetin \u00d6z\u00fc: Mrs. Farmer\u2019s Zeytinya\u011f\u0131 Tad\u0131 ve aromas\u0131yla \u00f6ne \u00e7\u0131kan Manisa\u2019n\u0131n bereketli topraklar\u0131nda, as\u0131rl\u0131k zeytin a\u011fa\u00e7lar\u0131m\u0131z\u0131n meyvelerinden \u00f6zenle \u00fcretilen Mrs. Farmer\u2019s Zeytinya\u011f\u0131, do\u011fan\u0131n saf lezzetini sofralar\u0131n\u0131za ta\u015f\u0131r. Gediz Ovas\u0131\u2019n\u0131n verimli ikliminde yeti\u015fen zeytinlerimiz, olgunluk d\u00f6neminde elle toplanarak k\u0131sa s\u00fcrede modern tesislerimize ula\u015ft\u0131r\u0131l\u0131r. Burada bekletilmeden; y\u0131kan\u0131r, k\u0131r\u0131l\u0131r, yo\u011frulur ve tamamen so\u011fuk s\u0131k\u0131m y\u00f6ntemiyle zeytinya\u011f\u0131na d\u00f6n\u00fc\u015ft\u00fcr\u00fcl\u00fcr.","email":"mail@mrsfarmers.org","telephone":"0 533 363 3276","legalName":"Mrs Farmer","foundingDate":"2025-03-01","numberOfEmployees":{"@type":"QuantitativeValue","minValue":"1","maxValue":"10"}}]}},"_hostinger_reach_plugin_has_subscription_block":false,"_hostinger_reach_plugin_is_elementor":false,"_links":{"self":[{"href":"https:\/\/mrsfarmer.org\/en\/wp-json\/wp\/v2\/pages\/28173","targetHints":{"allow":["GET"]}}],"collection":[{"href":"https:\/\/mrsfarmer.org\/en\/wp-json\/wp\/v2\/pages"}],"about":[{"href":"https:\/\/mrsfarmer.org\/en\/wp-json\/wp\/v2\/types\/page"}],"author":[{"embeddable":true,"href":"https:\/\/mrsfarmer.org\/en\/wp-json\/wp\/v2\/users\/1"}],"replies":[{"embeddable":true,"href":"https:\/\/mrsfarmer.org\/en\/wp-json\/wp\/v2\/comments?post=28173"}],"version-history":[{"count":0,"href":"https:\/\/mrsfarmer.org\/en\/wp-json\/wp\/v2\/pages\/28173\/revisions"}],"wp:attachment":[{"href":"https:\/\/mrsfarmer.org\/en\/wp-json\/wp\/v2\/media?parent=28173"}],"curies":[{"name":"wp","href":"https:\/\/api.w.org\/{rel}","templated":true}]}}