{"id":28054,"date":"2025-11-05T08:31:52","date_gmt":"2025-11-05T08:31:52","guid":{"rendered":"https:\/\/mrsfarmer.org\/?page_id=28054"},"modified":"2025-11-07T09:11:45","modified_gmt":"2025-11-07T09:11:45","slug":"uretim","status":"publish","type":"page","link":"https:\/\/mrsfarmer.org\/en\/uretim\/","title":{"rendered":"\u00dcretim"},"content":{"rendered":"<div data-elementor-type=\"wp-page\" data-elementor-id=\"28054\" class=\"elementor elementor-28054\" data-elementor-post-type=\"page\">\n\t\t\t\t<div class=\"elementor-element elementor-element-6729ad9 e-con-full e-flex e-con e-parent\" data-id=\"6729ad9\" data-element_type=\"container\" data-e-type=\"container\">\n\t\t\t\t<div class=\"elementor-element elementor-element-8a602d0 text-center color-scheme-inherit elementor-widget elementor-widget-text-editor\" data-id=\"8a602d0\" data-element_type=\"widget\" data-e-type=\"widget\" data-widget_type=\"text-editor.default\">\n\t\t\t\t\t\t\t\t\t<h2 style=\"text-align: center;\"><strong>\u00dcretim<\/strong><\/h2>\t\t\t\t\t\t\t\t<\/div>\n\t\t\t\t<div class=\"elementor-element elementor-element-51ef43b text-center color-scheme-inherit elementor-widget elementor-widget-text-editor\" data-id=\"51ef43b\" data-element_type=\"widget\" data-e-type=\"widget\" data-widget_type=\"text-editor.default\">\n\t\t\t\t\t\t\t\t\t<p>Zeytinya\u011f\u0131n\u0131n kalitesini belirleyen ba\u015fl\u0131ca unsurlar aras\u0131nda hasat zaman\u0131, zeytinin sa\u011fl\u0131\u011f\u0131, hasat y\u00f6ntemi, s\u0131k\u0131m s\u00fcresi ve \u00fcretim tesisinin hijyen ko\u015fullar\u0131 yer al\u0131r.\n\nZeytinler yere d\u00fc\u015ft\u00fcklerinde ve g\u00fcne\u015f \u0131\u015f\u0131\u011f\u0131na maruz kald\u0131klar\u0131nda oksidasyona u\u011frayarak kalite kayb\u0131na neden olurlar. Ayn\u0131 \u015fekilde, zeytinlerin ta\u015f\u0131nma \u015fekli de son derece \u00f6nemlidir. \u00c7uvallarda ta\u015f\u0131nan zeytinler havas\u0131z kalarak \u0131s\u0131n\u0131r ve bu durum ya\u011f\u0131n kalitesini olumsuz etkiler.\n\nBu nedenle Mrs Farmers olarak, zeytinlerimizi yere d\u00fc\u015fmeden elle topluyor, hava alabilen kasalarda ta\u015f\u0131yor ve en k\u0131sa s\u00fcrede \u00fcretim tesisimize ula\u015ft\u0131r\u0131yoruz. B\u00f6ylece, do\u011fall\u0131\u011f\u0131n\u0131 ve aromas\u0131n\u0131 koruyan y\u00fcksek kaliteli zeytinya\u011f\u0131 elde ediyoruz.<\/p>\t\t\t\t\t\t\t\t<\/div>\n\t\t\t\t<\/div>\n\t\t<div class=\"wd-negative-gap elementor-element elementor-element-446fbed e-flex e-con-boxed e-con e-parent\" data-id=\"446fbed\" data-element_type=\"container\" data-e-type=\"container\">\n\t\t\t\t\t<div class=\"e-con-inner\">\n\t\t\t\t<div class=\"elementor-element elementor-element-27e2ef8 elementor-widget elementor-widget-shortcode\" data-id=\"27e2ef8\" data-element_type=\"widget\" data-e-type=\"widget\" data-widget_type=\"shortcode.default\">\n\t\t\t\t\t\t\t<div class=\"elementor-shortcode\"><video id=\"comp-mbclrc10_video\" class=\"K8MSra\" crossorigin=\"anonymous\" playsinline=\"\" preload=\"auto\" muted=\"\" loop=\"\" autoplay=\"\" src=\"https:\/\/video.wixstatic.com\/video\/0d8126_322950cd61094ca3ab5d3c3357c85160\/720p\/mp4\/file.mp4\" style=\"height: 430px; width: 100%; object-fit: cover; object-position: center center; opacity: 1;\"><\/video><\/div>\n\t\t\t\t\t\t<\/div>\n\t\t\t\t\t<\/div>\n\t\t\t\t<\/div>\n\t\t<div class=\"elementor-element elementor-element-b9b579b e-con-full e-flex e-con e-parent\" data-id=\"b9b579b\" data-element_type=\"container\" data-e-type=\"container\">\n\t\t\t\t<div class=\"elementor-element elementor-element-30699b7 elementor-widget elementor-widget-heading\" data-id=\"30699b7\" data-element_type=\"widget\" data-e-type=\"widget\" data-widget_type=\"heading.default\">\n\t\t\t\t\t<h2 class=\"elementor-heading-title elementor-size-default\">So\u011fuk S\u0131k\u0131m \u0130\u015flemi<\/h2>\t\t\t\t<\/div>\n\t\t\t\t<div class=\"elementor-element elementor-element-3d5edc4 text-center color-scheme-inherit elementor-widget elementor-widget-text-editor\" data-id=\"3d5edc4\" data-element_type=\"widget\" data-e-type=\"widget\" data-widget_type=\"text-editor.default\">\n\t\t\t\t\t\t\t\t\t<p>Zeytinya\u011f\u0131na aromas\u0131n\u0131 veren bile\u015fenlerin yakla\u015f\u0131k %98\u2019i u\u00e7ucudur. Ayn\u0131 zamanda ya\u011f\u0131n i\u00e7inde bulunan fenolik bile\u015fenler ve vitaminler, \u0131s\u0131yla temas ettiklerinde besin de\u011ferlerini ve kendine \u00f6zg\u00fc kokular\u0131n\u0131 kaybeder.\n\nZeytinya\u011f\u0131 \u00fcretiminde zeytinler, \u00e7ekirdekleriyle birlikte ezilerek p\u00fcre haline getirilir. Bu p\u00fcre yo\u011frularak hamur k\u0131vam\u0131na getirilir ve s\u0131k\u0131m a\u015famas\u0131nda i\u00e7erisine bir miktar su eklenir. E\u011fer bu suyun s\u0131cakl\u0131\u011f\u0131 27\u00b0C\u2019nin alt\u0131nda ise, bu y\u00f6ntem so\u011fuk s\u0131k\u0131m olarak adland\u0131r\u0131l\u0131r.\n\nSo\u011fuk s\u0131k\u0131m y\u00f6ntemiyle \u00fcretilen zeytinya\u011flar\u0131, y\u00fcksek besin de\u011feri ve \u00fcst\u00fcn kalitesiyle \u00f6ne \u00e7\u0131kar. Ancak so\u011fuk su kullan\u0131ld\u0131\u011f\u0131 i\u00e7in zeytinden elde edilen ya\u011f miktar\u0131 daha az olur; dolay\u0131s\u0131yla ayn\u0131 miktarda ya\u011f i\u00e7in daha fazla zeytin kullanmak gerekir.\n\nMrs Farmers, zeytinya\u011flar\u0131n\u0131 tamamen so\u011fuk s\u0131k\u0131m tekni\u011fiyle \u00fcreterek do\u011fall\u0131\u011f\u0131n\u0131, besin de\u011ferini ve e\u015fsiz aromas\u0131n\u0131 korur.<\/p>\t\t\t\t\t\t\t\t<\/div>\n\t\t\t\t<\/div>\n\t\t<div class=\"wd-negative-gap elementor-element elementor-element-ad30ad5 e-flex e-con-boxed e-con e-parent\" data-id=\"ad30ad5\" data-element_type=\"container\" data-e-type=\"container\">\n\t\t\t\t\t<div class=\"e-con-inner\">\n\t\t\t\t<div class=\"elementor-element elementor-element-0d7b86a elementor-widget elementor-widget-shortcode\" data-id=\"0d7b86a\" data-element_type=\"widget\" data-e-type=\"widget\" data-widget_type=\"shortcode.default\">\n\t\t\t\t\t\t\t<div class=\"elementor-shortcode\"><video id=\"comp-mbcm6b4x1_video\" class=\"K8MSra\" crossorigin=\"anonymous\" playsinline=\"\" preload=\"auto\" muted=\"\" loop=\"\" autoplay=\"\" style=\"height: 430px; width: 100%; object-fit: cover; object-position: center center; opacity: 1;\" src=\"https:\/\/video.wixstatic.com\/video\/0d8126_f134c7a7f34f4a4c9972ee98d4d73153\/720p\/mp4\/file.mp4\"><\/video><\/div>\n\t\t\t\t\t\t<\/div>\n\t\t\t\t\t<\/div>\n\t\t\t\t<\/div>\n\t\t<div class=\"elementor-element elementor-element-47ef59b e-con-full e-flex e-con e-parent\" data-id=\"47ef59b\" data-element_type=\"container\" data-e-type=\"container\">\n\t\t\t\t<div class=\"elementor-element elementor-element-733aac2 text-center color-scheme-inherit elementor-widget elementor-widget-text-editor\" data-id=\"733aac2\" data-element_type=\"widget\" data-e-type=\"widget\" data-widget_type=\"text-editor.default\">\n\t\t\t\t\t\t\t\t\t<h2 class=\"font_0 wixui-rich-text__text\"><strong><span class=\"wixui-rich-text__text\">Zeytinlerin Ay\u0131klanma A\u015famas\u0131<\/span><\/strong><\/h2>\t\t\t\t\t\t\t\t<\/div>\n\t\t\t\t<div class=\"elementor-element elementor-element-da27b7d text-center color-scheme-inherit elementor-widget elementor-widget-text-editor\" data-id=\"da27b7d\" data-element_type=\"widget\" data-e-type=\"widget\" data-widget_type=\"text-editor.default\">\n\t\t\t\t\t\t\t\t\t<p>Tesise ula\u015fan zeytinler \u00f6ncelikle titiz bir kalite kontrol s\u00fcrecinden ge\u00e7irilir.\nEzik, \u00e7\u00fcr\u00fck, kurtlu veya \u00fcretim kalitesini olumsuz y\u00f6nde etkileyebilecek taneler, tek tek elle ay\u0131klanarak ayr\u0131l\u0131r.\n\nBu sayede yaln\u0131zca sa\u011fl\u0131kl\u0131 ve kaliteli zeytinler i\u015fleme al\u0131n\u0131r, b\u00f6ylece elde edilen zeytinya\u011f\u0131n\u0131n do\u011fall\u0131\u011f\u0131 ve lezzeti korunur.<\/p>\t\t\t\t\t\t\t\t<\/div>\n\t\t\t\t<\/div>\n\t\t<div class=\"wd-negative-gap elementor-element elementor-element-bad1b90 e-flex e-con-boxed e-con e-parent\" data-id=\"bad1b90\" data-element_type=\"container\" data-e-type=\"container\">\n\t\t\t\t\t<div class=\"e-con-inner\">\n\t\t\t\t<div class=\"elementor-element elementor-element-bffd666 elementor-widget elementor-widget-shortcode\" data-id=\"bffd666\" data-element_type=\"widget\" data-e-type=\"widget\" data-widget_type=\"shortcode.default\">\n\t\t\t\t\t\t\t<div class=\"elementor-shortcode\"><video id=\"comp-mbcm4zs9_video\" class=\"K8MSra\" crossorigin=\"anonymous\" playsinline=\"\" preload=\"auto\" muted=\"\" loop=\"\" autoplay=\"\" style=\"height: 430px; width: 100%; object-fit: cover; object-position: center center; opacity: 1;\" src=\"https:\/\/video.wixstatic.com\/video\/0d8126_408e89fa720e4acd85fa86fa8b323b2d\/720p\/mp4\/file.mp4\"><\/video><\/div>\n\t\t\t\t\t\t<\/div>\n\t\t\t\t\t<\/div>\n\t\t\t\t<\/div>\n\t\t<div class=\"elementor-element elementor-element-0adeddf e-con-full e-flex e-con e-parent\" data-id=\"0adeddf\" data-element_type=\"container\" data-e-type=\"container\">\n\t\t\t\t<div class=\"elementor-element elementor-element-96ccb6e text-center color-scheme-inherit elementor-widget elementor-widget-text-editor\" data-id=\"96ccb6e\" data-element_type=\"widget\" data-e-type=\"widget\" data-widget_type=\"text-editor.default\">\n\t\t\t\t\t\t\t\t\t<h2 class=\"font_0 wixui-rich-text__text\"><span class=\"wixui-rich-text__text\">Filtreleme A\u015famas\u0131<\/span><\/h2>\t\t\t\t\t\t\t\t<\/div>\n\t\t\t\t<div class=\"elementor-element elementor-element-84c48a3 text-center color-scheme-inherit elementor-widget elementor-widget-text-editor\" data-id=\"84c48a3\" data-element_type=\"widget\" data-e-type=\"widget\" data-widget_type=\"text-editor.default\">\n\t\t\t\t\t\t\t\t\t<p>Zeytinya\u011f\u0131 \u00fcretiminde ger\u00e7ekle\u015ftirilen son i\u015flem filtrasyondur. Bu a\u015famada zeytinya\u011f\u0131, k\u00e2\u011f\u0131t veya pamuk filtreler arac\u0131l\u0131\u011f\u0131yla t\u00fcm tortulardan ar\u0131nd\u0131r\u0131l\u0131r ve b\u00f6ylece daha parlak, berrak bir g\u00f6r\u00fcn\u00fcme kavu\u015fur.\n\nFiltrelenmeyen zeytinya\u011flar\u0131, i\u00e7inde kalan tortular nedeniyle zamanla bozulma e\u011filimi g\u00f6sterir. \u00c7\u00fcnk\u00fc zeytin, zeytinya\u011f\u0131na d\u00f6n\u00fc\u015ft\u00fcr\u00fcld\u00fckten sonra bile ya\u015fam\u0131n\u0131 bir s\u00fcre daha s\u00fcrd\u00fcr\u00fcr; bu da tortular\u0131n k\u0131z\u0131\u015fmas\u0131na ve asitli\u011fin y\u00fckselmesine neden olur.\n\nMrs Farmers zeytinya\u011flar\u0131, s\u0131k\u0131m\u0131n hemen ard\u0131ndan filtrasyon i\u015flemine al\u0131n\u0131r. Filtre edilen ya\u011flar, zeytinya\u011f\u0131 i\u00e7in \u00f6zel olarak tasarlanm\u0131\u015f paslanmaz \u00e7elik tanklarda saklan\u0131r ve hava, g\u00fcne\u015f ve s\u0131cakl\u0131k gibi kaliteyi olumsuz etkileyebilecek t\u00fcm d\u0131\u015f etkenlerden korunur.<\/p>\t\t\t\t\t\t\t\t<\/div>\n\t\t\t\t<\/div>\n\t\t<div class=\"wd-negative-gap elementor-element elementor-element-4cf15eb e-flex e-con-boxed e-con e-parent\" data-id=\"4cf15eb\" data-element_type=\"container\" data-e-type=\"container\">\n\t\t\t\t\t<div class=\"e-con-inner\">\n\t\t\t\t<div class=\"elementor-element elementor-element-6a347d1 wd-width-100 elementor-widget elementor-widget-wd_video\" data-id=\"6a347d1\" data-element_type=\"widget\" data-e-type=\"widget\" data-widget_type=\"wd_video.default\">\n\t\t\t\t<div class=\"elementor-widget-container\">\n\t\t\t\t\t\n\t\t<div class=\"wd-el-video wd-action-without wd-video-hosted\">\n\t\t\t\t\t\t\t<video src=\"https:\/\/mrsfarmer.org\/wp-content\/uploads\/2025\/11\/Mrs-farmer-zeytin-uretim-asamasi.mp4\" playsinline loop muted autoplay poster=\"https:\/\/mrsfarmer.org\/wp-content\/uploads\/2025\/11\/Erken-Hasat.webp\"><\/video>\t\t\t\n\t\t\t\n\t\t\t\n\t\t\t\t\t<\/div>\n\t\t\t\t\t\t<\/div>\n\t\t\t\t<\/div>\n\t\t\t\t\t<\/div>\n\t\t\t\t<\/div>\n\t\t\t\t<\/div>","protected":false},"excerpt":{"rendered":"<p>\u00dcretim Zeytinya\u011f\u0131n\u0131n kalitesini belirleyen ba\u015fl\u0131ca unsurlar aras\u0131nda hasat zaman\u0131, zeytinin sa\u011fl\u0131\u011f\u0131, hasat y\u00f6ntemi, s\u0131k\u0131m s\u00fcresi ve \u00fcretim tesisinin hijyen ko\u015fullar\u0131<\/p>","protected":false},"author":1,"featured_media":0,"parent":0,"menu_order":0,"comment_status":"closed","ping_status":"closed","template":"","meta":{"inline_featured_image":false,"footnotes":""},"class_list":["post-28054","page","type-page","status-publish","hentry"],"yoast_head":"<!-- This site is optimized with the Yoast SEO Premium plugin v22.5 (Yoast SEO v27.4) - https:\/\/yoast.com\/product\/yoast-seo-premium-wordpress\/ -->\n<title>\u00dcretim - Mrs Farmer Naturel Zeytinya\u011f\u0131 | So\u011fuk S\u0131k\u0131m Premium Zeytinya\u011f\u0131<\/title>\n<meta name=\"robots\" content=\"index, follow, max-snippet:-1, max-image-preview:large, max-video-preview:-1\" \/>\n<link rel=\"canonical\" href=\"https:\/\/mrsfarmer.org\/en\/uretim\/\" \/>\n<meta property=\"og:locale\" content=\"en_US\" \/>\n<meta property=\"og:type\" content=\"article\" \/>\n<meta property=\"og:title\" content=\"\u00dcretim\" \/>\n<meta property=\"og:description\" content=\"\u00dcretim Zeytinya\u011f\u0131n\u0131n kalitesini belirleyen ba\u015fl\u0131ca unsurlar aras\u0131nda hasat zaman\u0131, zeytinin sa\u011fl\u0131\u011f\u0131, hasat y\u00f6ntemi, s\u0131k\u0131m s\u00fcresi ve \u00fcretim tesisinin hijyen ko\u015fullar\u0131\" \/>\n<meta property=\"og:url\" content=\"https:\/\/mrsfarmer.org\/en\/uretim\/\" \/>\n<meta property=\"og:site_name\" content=\"Mrs Farmer Naturel Zeytinya\u011f\u0131 | So\u011fuk S\u0131k\u0131m Premium Zeytinya\u011f\u0131\" \/>\n<meta property=\"article:modified_time\" content=\"2025-11-07T09:11:45+00:00\" \/>\n<meta property=\"og:image\" content=\"https:\/\/mrsfarmer.org\/wp-content\/uploads\/2025\/10\/mrs-farmer-zeytinyagi-zeytin-bahcesinde.jpg\" \/>\n\t<meta property=\"og:image:width\" content=\"683\" \/>\n\t<meta property=\"og:image:height\" content=\"1024\" \/>\n\t<meta property=\"og:image:type\" content=\"image\/jpeg\" \/>\n<meta name=\"twitter:card\" content=\"summary_large_image\" \/>\n<script type=\"application\/ld+json\" class=\"yoast-schema-graph\">{\"@context\":\"https:\\\/\\\/schema.org\",\"@graph\":[{\"@type\":\"WebPage\",\"@id\":\"https:\\\/\\\/mrsfarmer.org\\\/uretim\\\/\",\"url\":\"https:\\\/\\\/mrsfarmer.org\\\/uretim\\\/\",\"name\":\"\u00dcretim - Mrs Farmer Naturel Zeytinya\u011f\u0131 | So\u011fuk S\u0131k\u0131m Premium Zeytinya\u011f\u0131\",\"isPartOf\":{\"@id\":\"https:\\\/\\\/mrsfarmer.org\\\/#website\"},\"datePublished\":\"2025-11-05T08:31:52+00:00\",\"dateModified\":\"2025-11-07T09:11:45+00:00\",\"breadcrumb\":{\"@id\":\"https:\\\/\\\/mrsfarmer.org\\\/uretim\\\/#breadcrumb\"},\"inLanguage\":\"en-US\",\"potentialAction\":[{\"@type\":\"ReadAction\",\"target\":[\"https:\\\/\\\/mrsfarmer.org\\\/uretim\\\/\"]}]},{\"@type\":\"BreadcrumbList\",\"@id\":\"https:\\\/\\\/mrsfarmer.org\\\/uretim\\\/#breadcrumb\",\"itemListElement\":[{\"@type\":\"ListItem\",\"position\":1,\"name\":\"Anasayfa\",\"item\":\"https:\\\/\\\/mrsfarmer.org\\\/\"},{\"@type\":\"ListItem\",\"position\":2,\"name\":\"\u00dcretim\"}]},{\"@type\":\"WebSite\",\"@id\":\"https:\\\/\\\/mrsfarmer.org\\\/#website\",\"url\":\"https:\\\/\\\/mrsfarmer.org\\\/\",\"name\":\"Mrs Farmer Naturel Zeytinya\u011f\u0131 | So\u011fuk S\u0131k\u0131m Premium Zeytinya\u011f\u0131\",\"description\":\"Ege&#039;nin As\u0131rl\u0131k Bah\u00e7elerinden Erken Hasat | Naturel | So\u011fuk S\u0131k\u0131m Zeytinya\u011f\u0131\",\"publisher\":{\"@id\":\"https:\\\/\\\/mrsfarmer.org\\\/#organization\"},\"potentialAction\":[{\"@type\":\"SearchAction\",\"target\":{\"@type\":\"EntryPoint\",\"urlTemplate\":\"https:\\\/\\\/mrsfarmer.org\\\/?s={search_term_string}\"},\"query-input\":{\"@type\":\"PropertyValueSpecification\",\"valueRequired\":true,\"valueName\":\"search_term_string\"}}],\"inLanguage\":\"en-US\"},{\"@type\":\"Organization\",\"@id\":\"https:\\\/\\\/mrsfarmer.org\\\/#organization\",\"name\":\"Mrs Farmer Naturel Zeytinya\u011f\u0131 | So\u011fuk S\u0131k\u0131m Premium Zeytinya\u011f\u0131\",\"url\":\"https:\\\/\\\/mrsfarmer.org\\\/\",\"logo\":{\"@type\":\"ImageObject\",\"inLanguage\":\"en-US\",\"@id\":\"https:\\\/\\\/mrsfarmer.org\\\/#\\\/schema\\\/logo\\\/image\\\/\",\"url\":\"https:\\\/\\\/mrsfarmer.org\\\/wp-content\\\/uploads\\\/2025\\\/10\\\/mrs-farmer-logo-yan-Custom.png\",\"contentUrl\":\"https:\\\/\\\/mrsfarmer.org\\\/wp-content\\\/uploads\\\/2025\\\/10\\\/mrs-farmer-logo-yan-Custom.png\",\"width\":700,\"height\":315,\"caption\":\"Mrs Farmer Naturel Zeytinya\u011f\u0131 | So\u011fuk S\u0131k\u0131m Premium Zeytinya\u011f\u0131\"},\"image\":{\"@id\":\"https:\\\/\\\/mrsfarmer.org\\\/#\\\/schema\\\/logo\\\/image\\\/\"},\"sameAs\":[\"https:\\\/\\\/www.instagram.com\\\/mrs.farmer.tr\\\/\",\"https:\\\/\\\/www.youtube.com\\\/@mrs.farmer.tr\"],\"description\":\"Do\u011fall\u0131\u011f\u0131n ve Lezzetin \u00d6z\u00fc: Mrs. Farmer\u2019s Zeytinya\u011f\u0131 Tad\u0131 ve aromas\u0131yla \u00f6ne \u00e7\u0131kan Manisa\u2019n\u0131n bereketli topraklar\u0131nda, as\u0131rl\u0131k zeytin a\u011fa\u00e7lar\u0131m\u0131z\u0131n meyvelerinden \u00f6zenle \u00fcretilen Mrs. Farmer\u2019s Zeytinya\u011f\u0131, do\u011fan\u0131n saf lezzetini sofralar\u0131n\u0131za ta\u015f\u0131r. Gediz Ovas\u0131\u2019n\u0131n verimli ikliminde yeti\u015fen zeytinlerimiz, olgunluk d\u00f6neminde elle toplanarak k\u0131sa s\u00fcrede modern tesislerimize ula\u015ft\u0131r\u0131l\u0131r. Burada bekletilmeden; y\u0131kan\u0131r, k\u0131r\u0131l\u0131r, yo\u011frulur ve tamamen so\u011fuk s\u0131k\u0131m y\u00f6ntemiyle zeytinya\u011f\u0131na d\u00f6n\u00fc\u015ft\u00fcr\u00fcl\u00fcr.\",\"email\":\"mail@mrsfarmers.org\",\"telephone\":\"0 533 363 3276\",\"legalName\":\"Mrs Farmer\",\"foundingDate\":\"2025-03-01\",\"numberOfEmployees\":{\"@type\":\"QuantitativeValue\",\"minValue\":\"1\",\"maxValue\":\"10\"}}]}<\/script>\n<!-- \/ Yoast SEO Premium plugin. -->","yoast_head_json":{"title":"\u00dcretim - Mrs Farmer Naturel Zeytinya\u011f\u0131 | So\u011fuk S\u0131k\u0131m Premium Zeytinya\u011f\u0131","robots":{"index":"index","follow":"follow","max-snippet":"max-snippet:-1","max-image-preview":"max-image-preview:large","max-video-preview":"max-video-preview:-1"},"canonical":"https:\/\/mrsfarmer.org\/en\/uretim\/","og_locale":"en_US","og_type":"article","og_title":"\u00dcretim","og_description":"\u00dcretim Zeytinya\u011f\u0131n\u0131n kalitesini belirleyen ba\u015fl\u0131ca unsurlar aras\u0131nda hasat zaman\u0131, zeytinin sa\u011fl\u0131\u011f\u0131, hasat y\u00f6ntemi, s\u0131k\u0131m s\u00fcresi ve \u00fcretim tesisinin hijyen ko\u015fullar\u0131","og_url":"https:\/\/mrsfarmer.org\/en\/uretim\/","og_site_name":"Mrs Farmer Naturel Zeytinya\u011f\u0131 | So\u011fuk S\u0131k\u0131m Premium Zeytinya\u011f\u0131","article_modified_time":"2025-11-07T09:11:45+00:00","og_image":[{"width":683,"height":1024,"url":"https:\/\/mrsfarmer.org\/wp-content\/uploads\/2025\/10\/mrs-farmer-zeytinyagi-zeytin-bahcesinde.jpg","type":"image\/jpeg"}],"twitter_card":"summary_large_image","schema":{"@context":"https:\/\/schema.org","@graph":[{"@type":"WebPage","@id":"https:\/\/mrsfarmer.org\/uretim\/","url":"https:\/\/mrsfarmer.org\/uretim\/","name":"\u00dcretim - Mrs Farmer Naturel Zeytinya\u011f\u0131 | So\u011fuk S\u0131k\u0131m Premium Zeytinya\u011f\u0131","isPartOf":{"@id":"https:\/\/mrsfarmer.org\/#website"},"datePublished":"2025-11-05T08:31:52+00:00","dateModified":"2025-11-07T09:11:45+00:00","breadcrumb":{"@id":"https:\/\/mrsfarmer.org\/uretim\/#breadcrumb"},"inLanguage":"en-US","potentialAction":[{"@type":"ReadAction","target":["https:\/\/mrsfarmer.org\/uretim\/"]}]},{"@type":"BreadcrumbList","@id":"https:\/\/mrsfarmer.org\/uretim\/#breadcrumb","itemListElement":[{"@type":"ListItem","position":1,"name":"Anasayfa","item":"https:\/\/mrsfarmer.org\/"},{"@type":"ListItem","position":2,"name":"\u00dcretim"}]},{"@type":"WebSite","@id":"https:\/\/mrsfarmer.org\/#website","url":"https:\/\/mrsfarmer.org\/","name":"Mrs Farmer Naturel Zeytinya\u011f\u0131 | So\u011fuk S\u0131k\u0131m Premium Zeytinya\u011f\u0131","description":"Ege&#039;nin As\u0131rl\u0131k Bah\u00e7elerinden Erken Hasat | Naturel | So\u011fuk S\u0131k\u0131m Zeytinya\u011f\u0131","publisher":{"@id":"https:\/\/mrsfarmer.org\/#organization"},"potentialAction":[{"@type":"SearchAction","target":{"@type":"EntryPoint","urlTemplate":"https:\/\/mrsfarmer.org\/?s={search_term_string}"},"query-input":{"@type":"PropertyValueSpecification","valueRequired":true,"valueName":"search_term_string"}}],"inLanguage":"en-US"},{"@type":"Organization","@id":"https:\/\/mrsfarmer.org\/#organization","name":"Mrs Farmer Naturel Zeytinya\u011f\u0131 | So\u011fuk S\u0131k\u0131m Premium Zeytinya\u011f\u0131","url":"https:\/\/mrsfarmer.org\/","logo":{"@type":"ImageObject","inLanguage":"en-US","@id":"https:\/\/mrsfarmer.org\/#\/schema\/logo\/image\/","url":"https:\/\/mrsfarmer.org\/wp-content\/uploads\/2025\/10\/mrs-farmer-logo-yan-Custom.png","contentUrl":"https:\/\/mrsfarmer.org\/wp-content\/uploads\/2025\/10\/mrs-farmer-logo-yan-Custom.png","width":700,"height":315,"caption":"Mrs Farmer Naturel Zeytinya\u011f\u0131 | So\u011fuk S\u0131k\u0131m Premium Zeytinya\u011f\u0131"},"image":{"@id":"https:\/\/mrsfarmer.org\/#\/schema\/logo\/image\/"},"sameAs":["https:\/\/www.instagram.com\/mrs.farmer.tr\/","https:\/\/www.youtube.com\/@mrs.farmer.tr"],"description":"Do\u011fall\u0131\u011f\u0131n ve Lezzetin \u00d6z\u00fc: Mrs. Farmer\u2019s Zeytinya\u011f\u0131 Tad\u0131 ve aromas\u0131yla \u00f6ne \u00e7\u0131kan Manisa\u2019n\u0131n bereketli topraklar\u0131nda, as\u0131rl\u0131k zeytin a\u011fa\u00e7lar\u0131m\u0131z\u0131n meyvelerinden \u00f6zenle \u00fcretilen Mrs. Farmer\u2019s Zeytinya\u011f\u0131, do\u011fan\u0131n saf lezzetini sofralar\u0131n\u0131za ta\u015f\u0131r. Gediz Ovas\u0131\u2019n\u0131n verimli ikliminde yeti\u015fen zeytinlerimiz, olgunluk d\u00f6neminde elle toplanarak k\u0131sa s\u00fcrede modern tesislerimize ula\u015ft\u0131r\u0131l\u0131r. Burada bekletilmeden; y\u0131kan\u0131r, k\u0131r\u0131l\u0131r, yo\u011frulur ve tamamen so\u011fuk s\u0131k\u0131m y\u00f6ntemiyle zeytinya\u011f\u0131na d\u00f6n\u00fc\u015ft\u00fcr\u00fcl\u00fcr.","email":"mail@mrsfarmers.org","telephone":"0 533 363 3276","legalName":"Mrs Farmer","foundingDate":"2025-03-01","numberOfEmployees":{"@type":"QuantitativeValue","minValue":"1","maxValue":"10"}}]}},"_hostinger_reach_plugin_has_subscription_block":false,"_hostinger_reach_plugin_is_elementor":false,"_links":{"self":[{"href":"https:\/\/mrsfarmer.org\/en\/wp-json\/wp\/v2\/pages\/28054","targetHints":{"allow":["GET"]}}],"collection":[{"href":"https:\/\/mrsfarmer.org\/en\/wp-json\/wp\/v2\/pages"}],"about":[{"href":"https:\/\/mrsfarmer.org\/en\/wp-json\/wp\/v2\/types\/page"}],"author":[{"embeddable":true,"href":"https:\/\/mrsfarmer.org\/en\/wp-json\/wp\/v2\/users\/1"}],"replies":[{"embeddable":true,"href":"https:\/\/mrsfarmer.org\/en\/wp-json\/wp\/v2\/comments?post=28054"}],"version-history":[{"count":0,"href":"https:\/\/mrsfarmer.org\/en\/wp-json\/wp\/v2\/pages\/28054\/revisions"}],"wp:attachment":[{"href":"https:\/\/mrsfarmer.org\/en\/wp-json\/wp\/v2\/media?parent=28054"}],"curies":[{"name":"wp","href":"https:\/\/api.w.org\/{rel}","templated":true}]}}