{"id":28045,"date":"2025-11-05T08:18:41","date_gmt":"2025-11-05T08:18:41","guid":{"rendered":"https:\/\/mrsfarmer.org\/?page_id=28045"},"modified":"2025-11-27T09:03:40","modified_gmt":"2025-11-27T09:03:40","slug":"katalog","status":"publish","type":"page","link":"https:\/\/mrsfarmer.org\/en\/katalog\/","title":{"rendered":"Catalog"},"content":{"rendered":"<div data-elementor-type=\"wp-page\" data-elementor-id=\"28045\" class=\"elementor elementor-28045\" data-elementor-post-type=\"page\">\n\t\t\t\t<div class=\"wd-negative-gap elementor-element elementor-element-145049b e-flex e-con-boxed e-con e-parent\" data-id=\"145049b\" data-element_type=\"container\" data-e-type=\"container\">\n\t\t\t\t\t<div class=\"e-con-inner\">\n\t\t\t\t<div class=\"elementor-element elementor-element-a45f752 elementor-widget elementor-widget-heading\" data-id=\"a45f752\" data-element_type=\"widget\" data-e-type=\"widget\" data-widget_type=\"heading.default\">\n\t\t\t\t\t<h2 class=\"elementor-heading-title elementor-size-default\">Mrs Farmer Catalog<\/h2>\t\t\t\t<\/div>\n\t\t\t\t<div class=\"elementor-element elementor-element-89808d7 color-scheme-inherit text-left elementor-widget elementor-widget-text-editor\" data-id=\"89808d7\" data-element_type=\"widget\" data-e-type=\"widget\" data-widget_type=\"text-editor.default\">\n\t\t\t\t\t\t\t\t\t<p><strong data-start=\"219\" data-end=\"236\">Mrs. Farmer's<\/strong>is an olive oil brand born in the fertile soil of Manisa, bringing together naturalness and quality. Our olive oils, which are obtained from the fruits of centuries-old olive trees by cold pressing method, bring the purity of nature, the meticulousness of labor and the unique aroma of the Aegean to your tables. In every drop, you will find the essence of nature, the elegance of flavor and the traces of traditional production.<\/p>\t\t\t\t\t\t\t\t<\/div>\n\t\t\t\t<div class=\"elementor-element elementor-element-0bba60b elementor-widget elementor-widget-wd_button\" data-id=\"0bba60b\" data-element_type=\"widget\" data-e-type=\"widget\" data-widget_type=\"wd_button.default\">\n\t\t\t\t<div class=\"elementor-widget-container\">\n\t\t\t\t\t\t\t<div class=\"wd-button-wrapper text-center\" >\n\t\t\t<a class=\"btn btn-style-default btn-shape-rectangle btn-size-default btn-color-primary btn-icon-pos-right\"  href=\"https:\/\/mrsfarmer.org\/wp-content\/uploads\/2025\/11\/Mrs-Farmer-Naturel-Sizma-Zeytinyagi-Premium-Zeytinyagi-Brosur.pdf\" target=\"_blank\">\n\t\t\t\t<span class=\"wd-btn-text\" data-elementor-setting-key=\"text\">\n\t\t\t\t\tClick to Download Catalog \t\t\t\t<\/span>\n\n\t\t\t\t\t\t\t\t\t<span class=\"wd-btn-icon\">\n\t\t\t\t\t\t<svg class=\"wd-icon e-font-icon-svg e-fas-file-pdf\" viewbox=\"0 0 384 512\" xmlns=\"http:\/\/www.w3.org\/2000\/svg\"><path d=\"M181.9 256.1c-5-16-4.9-46.9-2-46.9 8.4 0 7.6 36.9 2 46.9zm-1.7 47.2c-7.7 20.2-17.3 43.3-28.4 62.7 18.3-7 39-17.2 62.9-21.9-12.7-9.6-24.9-23.4-34.5-40.8zM86.1 428.1c0 .8 13.2-5.4 34.9-40.2-6.7 6.3-29.1 24.5-34.9 40.2zM248 160h136v328c0 13.3-10.7 24-24 24H24c-13.3 0-24-10.7-24-24V24C0 10.7 10.7 0 24 0h200v136c0 13.2 10.8 24 24 24zm-8 171.8c-20-12.2-33.3-29-42.7-53.8 4.5-18.5 11.6-46.6 6.2-64.2-4.7-29.4-42.4-26.5-47.8-6.8-5 18.3-.4 44.1 8.1 77-11.6 27.6-28.7 64.6-40.8 85.8-.1 0-.1.1-.2.1-27.1 13.9-73.6 44.5-54.5 68 5.6 6.9 16 10 21.5 10 17.9 0 35.7-18 61.1-61.8 25.8-8.5 54.1-19.1 79-23.2 21.7 11.8 47.1 19.5 64 19.5 29.2 0 31.2-32 19.7-43.4-13.9-13.6-54.3-9.7-73.6-7.2zM377 105L279 7c-4.5-4.5-10.6-7-17-7h-6v128h128v-6.1c0-6.3-2.5-12.4-7-16.9zm-74.1 255.3c4.1-2.7-2.5-11.9-42.8-9 37.1 15.8 42.8 9 42.8 9z\"><\/path><\/svg>\t\t\t\t\t<\/span>\n\t\t\t\t\t\t\t<\/a>\n\t\t<\/div>\n\t\t\t\t\t\t<\/div>\n\t\t\t\t<\/div>\n\t\t\t\t<div class=\"elementor-element elementor-element-9d5d27b elementor-widget elementor-widget-html\" data-id=\"9d5d27b\" data-element_type=\"widget\" data-e-type=\"widget\" data-widget_type=\"html.default\">\n\t\t\t\t\t<div class=\"_df_book df-lite\" id=\"df_28041\"  _slug=\"mrs-farmer-katalog\" data-title=\"mrs-farmer-katalog\" wpoptions=\"true\" thumb=\"https:\/\/mrsfarmer.org\/wp-content\/uploads\/2025\/11\/1.jpg\" thumbtype=\"\" ><\/div><script class=\"df-shortcode-script\" nowprocket type=\"application\/javascript\">window.option_df_28041 = {\"outline\":[],\"backgroundColor\":\"#FFFFFF\",\"autoEnableOutline\":\"false\",\"autoEnableThumbnail\":\"false\",\"overwritePDFOutline\":\"false\",\"direction\":\"1\",\"pageSize\":\"0\",\"source\":\"https:\\\/\\\/mrsfarmer.org\\\/wp-content\\\/uploads\\\/2025\\\/11\\\/Mrs-Farmer-Naturel-Sizma-Zeytinyagi-Premium-Zeytinyagi-Brosur.pdf\",\"wpOptions\":\"true\"}; if(window.DFLIP && window.DFLIP.parseBooks){window.DFLIP.parseBooks();}<\/script>\t\t\t\t<\/div>\n\t\t\t\t<div class=\"elementor-element elementor-element-f7bc533 wd-width-100 elementor-widget elementor-widget-wd_video\" data-id=\"f7bc533\" data-element_type=\"widget\" data-e-type=\"widget\" data-widget_type=\"wd_video.default\">\n\t\t\t\t<div class=\"elementor-widget-container\">\n\t\t\t\t\t\n\t\t<div class=\"wd-el-video wd-action-without wd-video-hosted\">\n\t\t\t\t\t\t\t<video src=\"https:\/\/mrsfarmer.org\/wp-content\/uploads\/2025\/11\/mrs-farmer-video.mp4\" playsinline loop muted autoplay><\/video>\t\t\t\n\t\t\t\n\t\t\t\n\t\t\t\t\t<\/div>\n\t\t\t\t\t\t<\/div>\n\t\t\t\t<\/div>\n\t\t\t\t\t<\/div>\n\t\t\t\t<\/div>\n\t\t\t\t<\/div>","protected":false},"excerpt":{"rendered":"<p>Mrs Farmer Katalog Mrs. Farmer\u2019s, Manisa\u2019n\u0131n bereketli topraklar\u0131nda do\u011fan, do\u011fall\u0131\u011f\u0131 ve kaliteyi bir araya getiren bir zeytinya\u011f\u0131 markas\u0131d\u0131r. As\u0131rl\u0131k zeytin<\/p>","protected":false},"author":1,"featured_media":0,"parent":0,"menu_order":0,"comment_status":"closed","ping_status":"closed","template":"","meta":{"inline_featured_image":false,"footnotes":""},"class_list":["post-28045","page","type-page","status-publish","hentry"],"yoast_head":"<!-- This site is optimized with the Yoast SEO Premium plugin v22.5 (Yoast SEO v27.4) - https:\/\/yoast.com\/product\/yoast-seo-premium-wordpress\/ -->\n<title>Katalog - Mrs Farmer Naturel Zeytinya\u011f\u0131 | So\u011fuk S\u0131k\u0131m Premium Zeytinya\u011f\u0131<\/title>\n<meta name=\"robots\" content=\"index, follow, max-snippet:-1, max-image-preview:large, max-video-preview:-1\" \/>\n<link rel=\"canonical\" href=\"https:\/\/mrsfarmer.org\/en\/katalog\/\" \/>\n<meta property=\"og:locale\" content=\"en_US\" \/>\n<meta property=\"og:type\" content=\"article\" \/>\n<meta property=\"og:title\" content=\"Katalog\" \/>\n<meta property=\"og:description\" content=\"Mrs Farmer Katalog Mrs. Farmer\u2019s, Manisa\u2019n\u0131n bereketli topraklar\u0131nda do\u011fan, do\u011fall\u0131\u011f\u0131 ve kaliteyi bir araya getiren bir zeytinya\u011f\u0131 markas\u0131d\u0131r. As\u0131rl\u0131k zeytin\" \/>\n<meta property=\"og:url\" content=\"https:\/\/mrsfarmer.org\/en\/katalog\/\" \/>\n<meta property=\"og:site_name\" content=\"Mrs Farmer Naturel Zeytinya\u011f\u0131 | So\u011fuk S\u0131k\u0131m Premium Zeytinya\u011f\u0131\" \/>\n<meta property=\"article:modified_time\" content=\"2025-11-27T09:03:40+00:00\" \/>\n<meta property=\"og:image\" content=\"https:\/\/mrsfarmer.org\/wp-content\/uploads\/2025\/10\/mrs-farmer-zeytinyagi-zeytin-bahcesinde.jpg\" \/>\n\t<meta property=\"og:image:width\" content=\"683\" \/>\n\t<meta property=\"og:image:height\" content=\"1024\" \/>\n\t<meta property=\"og:image:type\" content=\"image\/jpeg\" \/>\n<meta name=\"twitter:card\" content=\"summary_large_image\" \/>\n<meta name=\"twitter:label1\" content=\"Est. reading time\" \/>\n\t<meta name=\"twitter:data1\" content=\"1 minute\" \/>\n<script type=\"application\/ld+json\" class=\"yoast-schema-graph\">{\"@context\":\"https:\\\/\\\/schema.org\",\"@graph\":[{\"@type\":\"WebPage\",\"@id\":\"https:\\\/\\\/mrsfarmer.org\\\/katalog\\\/\",\"url\":\"https:\\\/\\\/mrsfarmer.org\\\/katalog\\\/\",\"name\":\"Katalog - Mrs Farmer Naturel Zeytinya\u011f\u0131 | So\u011fuk S\u0131k\u0131m Premium Zeytinya\u011f\u0131\",\"isPartOf\":{\"@id\":\"https:\\\/\\\/mrsfarmer.org\\\/#website\"},\"datePublished\":\"2025-11-05T08:18:41+00:00\",\"dateModified\":\"2025-11-27T09:03:40+00:00\",\"breadcrumb\":{\"@id\":\"https:\\\/\\\/mrsfarmer.org\\\/katalog\\\/#breadcrumb\"},\"inLanguage\":\"en-US\",\"potentialAction\":[{\"@type\":\"ReadAction\",\"target\":[\"https:\\\/\\\/mrsfarmer.org\\\/katalog\\\/\"]}]},{\"@type\":\"BreadcrumbList\",\"@id\":\"https:\\\/\\\/mrsfarmer.org\\\/katalog\\\/#breadcrumb\",\"itemListElement\":[{\"@type\":\"ListItem\",\"position\":1,\"name\":\"Anasayfa\",\"item\":\"https:\\\/\\\/mrsfarmer.org\\\/\"},{\"@type\":\"ListItem\",\"position\":2,\"name\":\"Katalog\"}]},{\"@type\":\"WebSite\",\"@id\":\"https:\\\/\\\/mrsfarmer.org\\\/#website\",\"url\":\"https:\\\/\\\/mrsfarmer.org\\\/\",\"name\":\"Mrs Farmer Naturel Zeytinya\u011f\u0131 | So\u011fuk S\u0131k\u0131m Premium Zeytinya\u011f\u0131\",\"description\":\"Ege&#039;nin As\u0131rl\u0131k Bah\u00e7elerinden Erken Hasat | Naturel | So\u011fuk S\u0131k\u0131m Zeytinya\u011f\u0131\",\"publisher\":{\"@id\":\"https:\\\/\\\/mrsfarmer.org\\\/#organization\"},\"potentialAction\":[{\"@type\":\"SearchAction\",\"target\":{\"@type\":\"EntryPoint\",\"urlTemplate\":\"https:\\\/\\\/mrsfarmer.org\\\/?s={search_term_string}\"},\"query-input\":{\"@type\":\"PropertyValueSpecification\",\"valueRequired\":true,\"valueName\":\"search_term_string\"}}],\"inLanguage\":\"en-US\"},{\"@type\":\"Organization\",\"@id\":\"https:\\\/\\\/mrsfarmer.org\\\/#organization\",\"name\":\"Mrs Farmer Naturel Zeytinya\u011f\u0131 | So\u011fuk S\u0131k\u0131m Premium Zeytinya\u011f\u0131\",\"url\":\"https:\\\/\\\/mrsfarmer.org\\\/\",\"logo\":{\"@type\":\"ImageObject\",\"inLanguage\":\"en-US\",\"@id\":\"https:\\\/\\\/mrsfarmer.org\\\/#\\\/schema\\\/logo\\\/image\\\/\",\"url\":\"https:\\\/\\\/mrsfarmer.org\\\/wp-content\\\/uploads\\\/2025\\\/10\\\/mrs-farmer-logo-yan-Custom.png\",\"contentUrl\":\"https:\\\/\\\/mrsfarmer.org\\\/wp-content\\\/uploads\\\/2025\\\/10\\\/mrs-farmer-logo-yan-Custom.png\",\"width\":700,\"height\":315,\"caption\":\"Mrs Farmer Naturel Zeytinya\u011f\u0131 | So\u011fuk S\u0131k\u0131m Premium Zeytinya\u011f\u0131\"},\"image\":{\"@id\":\"https:\\\/\\\/mrsfarmer.org\\\/#\\\/schema\\\/logo\\\/image\\\/\"},\"sameAs\":[\"https:\\\/\\\/www.instagram.com\\\/mrs.farmer.tr\\\/\",\"https:\\\/\\\/www.youtube.com\\\/@mrs.farmer.tr\"],\"description\":\"Do\u011fall\u0131\u011f\u0131n ve Lezzetin \u00d6z\u00fc: Mrs. Farmer\u2019s Zeytinya\u011f\u0131 Tad\u0131 ve aromas\u0131yla \u00f6ne \u00e7\u0131kan Manisa\u2019n\u0131n bereketli topraklar\u0131nda, as\u0131rl\u0131k zeytin a\u011fa\u00e7lar\u0131m\u0131z\u0131n meyvelerinden \u00f6zenle \u00fcretilen Mrs. Farmer\u2019s Zeytinya\u011f\u0131, do\u011fan\u0131n saf lezzetini sofralar\u0131n\u0131za ta\u015f\u0131r. Gediz Ovas\u0131\u2019n\u0131n verimli ikliminde yeti\u015fen zeytinlerimiz, olgunluk d\u00f6neminde elle toplanarak k\u0131sa s\u00fcrede modern tesislerimize ula\u015ft\u0131r\u0131l\u0131r. Burada bekletilmeden; y\u0131kan\u0131r, k\u0131r\u0131l\u0131r, yo\u011frulur ve tamamen so\u011fuk s\u0131k\u0131m y\u00f6ntemiyle zeytinya\u011f\u0131na d\u00f6n\u00fc\u015ft\u00fcr\u00fcl\u00fcr.\",\"email\":\"mail@mrsfarmers.org\",\"telephone\":\"0 533 363 3276\",\"legalName\":\"Mrs Farmer\",\"foundingDate\":\"2025-03-01\",\"numberOfEmployees\":{\"@type\":\"QuantitativeValue\",\"minValue\":\"1\",\"maxValue\":\"10\"}}]}<\/script>\n<!-- \/ Yoast SEO Premium plugin. -->","yoast_head_json":{"title":"Katalog - Mrs Farmer Naturel Zeytinya\u011f\u0131 | So\u011fuk S\u0131k\u0131m Premium Zeytinya\u011f\u0131","robots":{"index":"index","follow":"follow","max-snippet":"max-snippet:-1","max-image-preview":"max-image-preview:large","max-video-preview":"max-video-preview:-1"},"canonical":"https:\/\/mrsfarmer.org\/en\/katalog\/","og_locale":"en_US","og_type":"article","og_title":"Katalog","og_description":"Mrs Farmer Katalog Mrs. Farmer\u2019s, Manisa\u2019n\u0131n bereketli topraklar\u0131nda do\u011fan, do\u011fall\u0131\u011f\u0131 ve kaliteyi bir araya getiren bir zeytinya\u011f\u0131 markas\u0131d\u0131r. As\u0131rl\u0131k zeytin","og_url":"https:\/\/mrsfarmer.org\/en\/katalog\/","og_site_name":"Mrs Farmer Naturel Zeytinya\u011f\u0131 | So\u011fuk S\u0131k\u0131m Premium Zeytinya\u011f\u0131","article_modified_time":"2025-11-27T09:03:40+00:00","og_image":[{"width":683,"height":1024,"url":"https:\/\/mrsfarmer.org\/wp-content\/uploads\/2025\/10\/mrs-farmer-zeytinyagi-zeytin-bahcesinde.jpg","type":"image\/jpeg"}],"twitter_card":"summary_large_image","twitter_misc":{"Est. reading time":"1 minute"},"schema":{"@context":"https:\/\/schema.org","@graph":[{"@type":"WebPage","@id":"https:\/\/mrsfarmer.org\/katalog\/","url":"https:\/\/mrsfarmer.org\/katalog\/","name":"Katalog - Mrs Farmer Naturel Zeytinya\u011f\u0131 | So\u011fuk S\u0131k\u0131m Premium Zeytinya\u011f\u0131","isPartOf":{"@id":"https:\/\/mrsfarmer.org\/#website"},"datePublished":"2025-11-05T08:18:41+00:00","dateModified":"2025-11-27T09:03:40+00:00","breadcrumb":{"@id":"https:\/\/mrsfarmer.org\/katalog\/#breadcrumb"},"inLanguage":"en-US","potentialAction":[{"@type":"ReadAction","target":["https:\/\/mrsfarmer.org\/katalog\/"]}]},{"@type":"BreadcrumbList","@id":"https:\/\/mrsfarmer.org\/katalog\/#breadcrumb","itemListElement":[{"@type":"ListItem","position":1,"name":"Anasayfa","item":"https:\/\/mrsfarmer.org\/"},{"@type":"ListItem","position":2,"name":"Katalog"}]},{"@type":"WebSite","@id":"https:\/\/mrsfarmer.org\/#website","url":"https:\/\/mrsfarmer.org\/","name":"Mrs Farmer Naturel Zeytinya\u011f\u0131 | So\u011fuk S\u0131k\u0131m Premium Zeytinya\u011f\u0131","description":"Ege&#039;nin As\u0131rl\u0131k Bah\u00e7elerinden Erken Hasat | Naturel | So\u011fuk S\u0131k\u0131m Zeytinya\u011f\u0131","publisher":{"@id":"https:\/\/mrsfarmer.org\/#organization"},"potentialAction":[{"@type":"SearchAction","target":{"@type":"EntryPoint","urlTemplate":"https:\/\/mrsfarmer.org\/?s={search_term_string}"},"query-input":{"@type":"PropertyValueSpecification","valueRequired":true,"valueName":"search_term_string"}}],"inLanguage":"en-US"},{"@type":"Organization","@id":"https:\/\/mrsfarmer.org\/#organization","name":"Mrs Farmer Naturel Zeytinya\u011f\u0131 | So\u011fuk S\u0131k\u0131m Premium Zeytinya\u011f\u0131","url":"https:\/\/mrsfarmer.org\/","logo":{"@type":"ImageObject","inLanguage":"en-US","@id":"https:\/\/mrsfarmer.org\/#\/schema\/logo\/image\/","url":"https:\/\/mrsfarmer.org\/wp-content\/uploads\/2025\/10\/mrs-farmer-logo-yan-Custom.png","contentUrl":"https:\/\/mrsfarmer.org\/wp-content\/uploads\/2025\/10\/mrs-farmer-logo-yan-Custom.png","width":700,"height":315,"caption":"Mrs Farmer Naturel Zeytinya\u011f\u0131 | So\u011fuk S\u0131k\u0131m Premium Zeytinya\u011f\u0131"},"image":{"@id":"https:\/\/mrsfarmer.org\/#\/schema\/logo\/image\/"},"sameAs":["https:\/\/www.instagram.com\/mrs.farmer.tr\/","https:\/\/www.youtube.com\/@mrs.farmer.tr"],"description":"Do\u011fall\u0131\u011f\u0131n ve Lezzetin \u00d6z\u00fc: Mrs. Farmer\u2019s Zeytinya\u011f\u0131 Tad\u0131 ve aromas\u0131yla \u00f6ne \u00e7\u0131kan Manisa\u2019n\u0131n bereketli topraklar\u0131nda, as\u0131rl\u0131k zeytin a\u011fa\u00e7lar\u0131m\u0131z\u0131n meyvelerinden \u00f6zenle \u00fcretilen Mrs. Farmer\u2019s Zeytinya\u011f\u0131, do\u011fan\u0131n saf lezzetini sofralar\u0131n\u0131za ta\u015f\u0131r. Gediz Ovas\u0131\u2019n\u0131n verimli ikliminde yeti\u015fen zeytinlerimiz, olgunluk d\u00f6neminde elle toplanarak k\u0131sa s\u00fcrede modern tesislerimize ula\u015ft\u0131r\u0131l\u0131r. Burada bekletilmeden; y\u0131kan\u0131r, k\u0131r\u0131l\u0131r, yo\u011frulur ve tamamen so\u011fuk s\u0131k\u0131m y\u00f6ntemiyle zeytinya\u011f\u0131na d\u00f6n\u00fc\u015ft\u00fcr\u00fcl\u00fcr.","email":"mail@mrsfarmers.org","telephone":"0 533 363 3276","legalName":"Mrs Farmer","foundingDate":"2025-03-01","numberOfEmployees":{"@type":"QuantitativeValue","minValue":"1","maxValue":"10"}}]}},"_hostinger_reach_plugin_has_subscription_block":false,"_hostinger_reach_plugin_is_elementor":false,"_links":{"self":[{"href":"https:\/\/mrsfarmer.org\/en\/wp-json\/wp\/v2\/pages\/28045","targetHints":{"allow":["GET"]}}],"collection":[{"href":"https:\/\/mrsfarmer.org\/en\/wp-json\/wp\/v2\/pages"}],"about":[{"href":"https:\/\/mrsfarmer.org\/en\/wp-json\/wp\/v2\/types\/page"}],"author":[{"embeddable":true,"href":"https:\/\/mrsfarmer.org\/en\/wp-json\/wp\/v2\/users\/1"}],"replies":[{"embeddable":true,"href":"https:\/\/mrsfarmer.org\/en\/wp-json\/wp\/v2\/comments?post=28045"}],"version-history":[{"count":3,"href":"https:\/\/mrsfarmer.org\/en\/wp-json\/wp\/v2\/pages\/28045\/revisions"}],"predecessor-version":[{"id":28412,"href":"https:\/\/mrsfarmer.org\/en\/wp-json\/wp\/v2\/pages\/28045\/revisions\/28412"}],"wp:attachment":[{"href":"https:\/\/mrsfarmer.org\/en\/wp-json\/wp\/v2\/media?parent=28045"}],"curies":[{"name":"wp","href":"https:\/\/api.w.org\/{rel}","templated":true}]}}