{"id":12,"date":"2025-11-05T10:57:48","date_gmt":"2025-11-05T10:57:48","guid":{"rendered":"https:\/\/mrsfarmer.org\/?page_id=12"},"modified":"2025-11-06T06:47:18","modified_gmt":"2025-11-06T06:47:18","slug":"iptal-ve-iade-sartlari","status":"publish","type":"page","link":"https:\/\/mrsfarmer.org\/en\/iptal-ve-iade-sartlari\/","title":{"rendered":"Cancellation and Refund Policy"},"content":{"rendered":"<h1 data-start=\"247\" data-end=\"278\"><strong data-start=\"252\" data-end=\"278\">\u0130PTAL VE \u0130ADE \u015eARTLARI<\/strong><\/h1>\r\n<p data-start=\"280\" data-end=\"457\"><strong data-start=\"280\" data-end=\"295\">Mrs Farmers<\/strong> olarak m\u00fc\u015fteri memnuniyetini her zaman \u00f6n planda tutuyoruz. Sipari\u015f etti\u011finiz \u00fcr\u00fcnlerle ilgili iptal ve iade i\u015flemleri a\u015fa\u011f\u0131daki ko\u015fullara g\u00f6re ger\u00e7ekle\u015ftirilir.<\/p>\r\n\r\n\r\n<hr data-start=\"459\" data-end=\"462\" \/>\r\n\r\n<h2 data-start=\"464\" data-end=\"488\"><strong data-start=\"467\" data-end=\"488\">1. Sipari\u015f \u0130ptali<\/strong><\/h2>\r\n<ul data-start=\"490\" data-end=\"972\">\r\n \t<li data-start=\"490\" data-end=\"551\">\r\n<p data-start=\"492\" data-end=\"551\">Sipari\u015finiz <strong data-start=\"504\" data-end=\"531\">kargoya verilmeden \u00f6nce<\/strong> iptal edilebilir.<\/p>\r\n<\/li>\r\n \t<li data-start=\"552\" data-end=\"662\">\r\n<p data-start=\"554\" data-end=\"662\">Sipari\u015finiz kargoya teslim edildikten sonra iptal i\u015flemi yap\u0131lamaz; ancak <strong data-start=\"628\" data-end=\"646\">iade ko\u015fullar\u0131<\/strong> ge\u00e7erli olur.<\/p>\r\n<\/li>\r\n \t<li data-start=\"663\" data-end=\"868\">\r\n<p data-start=\"665\" data-end=\"868\">\u0130ptal talebinizi, sipari\u015f numaran\u0131z ile birlikte <a href=\"mailto:mail@mrsfarmers.org\"><strong>mail@mrsfarmers.org<\/strong><\/a> adresine e-posta g\u00f6ndererek veya m\u00fc\u015fteri hizmetleri hatt\u0131m\u0131zdan bize ula\u015farak iletebilirsiniz.<\/p>\r\n<\/li>\r\n \t<li data-start=\"869\" data-end=\"972\">\r\n<p data-start=\"871\" data-end=\"972\">\u0130ptal i\u015flemi onayland\u0131ktan sonra, \u00f6demeniz <strong data-start=\"914\" data-end=\"930\">5-10 i\u015f g\u00fcn\u00fc<\/strong> i\u00e7inde ayn\u0131 \u00f6deme y\u00f6ntemiyle iade edilir.<\/p>\r\n<\/li>\r\n<\/ul>\r\n\r\n<hr data-start=\"974\" data-end=\"977\" \/>\r\n\r\n<h2 data-start=\"979\" data-end=\"1002\"><strong data-start=\"982\" data-end=\"1002\">2. \u0130ade \u015eartlar\u0131<\/strong><\/h2>\r\n<p data-start=\"1004\" data-end=\"1106\">Zeytinya\u011f\u0131 ve g\u0131da kategorisindeki \u00fcr\u00fcnlerde hijyen kurallar\u0131 gere\u011fi iade ko\u015fullar\u0131 a\u015fa\u011f\u0131daki gibidir:<\/p>\r\n\r\n<ul data-start=\"1108\" data-end=\"1628\">\r\n \t<li data-start=\"1108\" data-end=\"1222\">\r\n<p data-start=\"1110\" data-end=\"1222\">\u00dcr\u00fcnler <strong data-start=\"1118\" data-end=\"1142\">orijinal ambalaj\u0131nda<\/strong>, <strong data-start=\"1144\" data-end=\"1157\">a\u00e7\u0131lmam\u0131\u015f<\/strong>, <strong data-start=\"1159\" data-end=\"1188\">etiketleri zarar g\u00f6rmemi\u015f<\/strong> ve <strong data-start=\"1192\" data-end=\"1209\">kullan\u0131lmam\u0131\u015f<\/strong> olmal\u0131d\u0131r.<\/p>\r\n<\/li>\r\n \t<li data-start=\"1223\" data-end=\"1304\">\r\n<p data-start=\"1225\" data-end=\"1304\">Teslim tarihinden itibaren <strong data-start=\"1252\" data-end=\"1269\">14 g\u00fcn i\u00e7inde<\/strong> iade talebinde bulunabilirsiniz.<\/p>\r\n<\/li>\r\n \t<li data-start=\"1305\" data-end=\"1403\">\r\n<p data-start=\"1307\" data-end=\"1403\">Cayma hakk\u0131 yaln\u0131zca <strong data-start=\"1328\" data-end=\"1352\">yeniden sat\u0131\u015fa uygun<\/strong>, <strong data-start=\"1354\" data-end=\"1384\">ambalaj\u0131 a\u00e7\u0131lmam\u0131\u015f \u00fcr\u00fcnler<\/strong> i\u00e7in ge\u00e7erlidir.<\/p>\r\n<\/li>\r\n \t<li data-start=\"1404\" data-end=\"1513\">\r\n<p data-start=\"1406\" data-end=\"1513\"><strong data-start=\"1406\" data-end=\"1474\">A\u00e7\u0131lm\u0131\u015f, kullan\u0131lm\u0131\u015f veya ambalaj\u0131 zarar g\u00f6rm\u00fc\u015f zeytinya\u011flar\u0131nda<\/strong> hijyen sebebiyle iade kabul edilmez.<\/p>\r\n<\/li>\r\n \t<li data-start=\"1514\" data-end=\"1628\">\r\n<p data-start=\"1516\" data-end=\"1628\">\u0130ade talebiniz onayland\u0131\u011f\u0131nda, \u00fcr\u00fcn\u00fc anla\u015fmal\u0131 kargo firmas\u0131 arac\u0131l\u0131\u011f\u0131yla Sat\u0131c\u0131 adresine g\u00f6ndermeniz gerekir.<\/p>\r\n<\/li>\r\n<\/ul>\r\n\r\n<hr data-start=\"1630\" data-end=\"1633\" \/>\r\n\r\n<h2 data-start=\"1635\" data-end=\"1672\"><strong data-start=\"1638\" data-end=\"1672\">3. Hatal\u0131 veya Hasarl\u0131 \u00dcr\u00fcnler<\/strong><\/h2>\r\n<ul data-start=\"1674\" data-end=\"2008\">\r\n \t<li data-start=\"1674\" data-end=\"1798\">\r\n<p data-start=\"1676\" data-end=\"1798\">\u00dcr\u00fcn tesliminde <strong data-start=\"1692\" data-end=\"1719\">kargo paketi hasarl\u0131ysa<\/strong>, l\u00fctfen teslim almadan \u00f6nce <strong data-start=\"1748\" data-end=\"1768\">tutanak tutturun<\/strong> ve bizimle ileti\u015fime ge\u00e7in.<\/p>\r\n<\/li>\r\n \t<li data-start=\"1799\" data-end=\"1936\">\r\n<p data-start=\"1801\" data-end=\"1936\">Hatal\u0131, eksik veya ambalaj\u0131 hasarl\u0131 \u00fcr\u00fcnlerde, gerekli inceleme yap\u0131ld\u0131ktan sonra <strong data-start=\"1883\" data-end=\"1903\">\u00fccretsiz de\u011fi\u015fim<\/strong> veya <strong data-start=\"1909\" data-end=\"1925\">bedel iadesi<\/strong> yap\u0131l\u0131r.<\/p>\r\n<\/li>\r\n \t<li data-start=\"1937\" data-end=\"2008\">\r\n<p data-start=\"1939\" data-end=\"2008\">Bu t\u00fcr durumlarda kargo \u00fccreti <strong data-start=\"1970\" data-end=\"1985\">Mrs Farmers<\/strong> taraf\u0131ndan kar\u015f\u0131lan\u0131r.<\/p>\r\n<\/li>\r\n<\/ul>\r\n\r\n<hr data-start=\"2010\" data-end=\"2013\" \/>\r\n\r\n<h2 data-start=\"2015\" data-end=\"2052\"><strong data-start=\"2018\" data-end=\"2052\">4. \u0130ade S\u00fcreci ve \u00dccret \u0130adesi<\/strong><\/h2>\r\n<ul data-start=\"2054\" data-end=\"2430\">\r\n \t<li data-start=\"2054\" data-end=\"2131\">\r\n<p data-start=\"2056\" data-end=\"2131\">\u0130ade talebiniz onayland\u0131\u011f\u0131nda size e-posta yoluyla bilgilendirme yap\u0131l\u0131r.<\/p>\r\n<\/li>\r\n \t<li data-start=\"2132\" data-end=\"2206\">\r\n<p data-start=\"2134\" data-end=\"2206\">\u00dcr\u00fcn bize ula\u015ft\u0131ktan sonra, iade ko\u015fullar\u0131na uygunlu\u011fu kontrol edilir.<\/p>\r\n<\/li>\r\n \t<li data-start=\"2207\" data-end=\"2318\">\r\n<p data-start=\"2209\" data-end=\"2318\">Onaylanan iadelerde \u00fcr\u00fcn bedeli, <strong data-start=\"2242\" data-end=\"2259\">14 g\u00fcn i\u00e7inde<\/strong> \u00f6deme yapt\u0131\u011f\u0131n\u0131z y\u00f6nteme g\u00f6re hesab\u0131n\u0131za geri yat\u0131r\u0131l\u0131r.<\/p>\r\n<\/li>\r\n \t<li data-start=\"2319\" data-end=\"2430\">\r\n<p data-start=\"2321\" data-end=\"2430\">Banka veya kredi kart\u0131 iadelerinde, iade s\u00fcresi bankan\u0131za ba\u011fl\u0131 olarak <strong data-start=\"2392\" data-end=\"2408\">3-10 i\u015f g\u00fcn\u00fc<\/strong> aras\u0131nda de\u011fi\u015febilir.<\/p>\r\n<\/li>\r\n<\/ul>\r\n\r\n<hr data-start=\"2432\" data-end=\"2435\" \/>\r\n\r\n<h2 data-start=\"2437\" data-end=\"2455\"><strong data-start=\"2440\" data-end=\"2455\">5. \u0130leti\u015fim<\/strong><\/h2>\r\n<p data-start=\"2457\" data-end=\"2529\">Her t\u00fcrl\u00fc iptal ve iade talebiniz i\u00e7in bizimle ileti\u015fime ge\u00e7ebilirsiniz:<\/p>\r\n<p data-start=\"2531\" data-end=\"2752\"><strong data-start=\"2534\" data-end=\"2557\">Telefon Numaras\u0131:<\/strong> <a href=\"tel:05333633276\">05333633276<\/a><br data-start=\"2576\" data-end=\"2579\" \/><strong data-start=\"2582\" data-end=\"2594\">E-posta:<\/strong> <a href=\"mailto:mail@mrsfarmers.org\">mail@mrsfarmers.org<\/a><br data-start=\"2648\" data-end=\"2651\" \/><strong data-start=\"2654\" data-end=\"2664\">Adres:<\/strong> <a href=\"#\">Y\u00d6R\u00dcK MAH. 378. SK. ADAYOL B BLOCK NO: 12 INTERIOR DOOR NO: 6 SALI\u0307HLI\/ MANI\u0307SA<\/a><br data-start=\"2682\" data-end=\"2685\" \/><strong data-start=\"2688\" data-end=\"2703\">Web Sitesi:<\/strong> <a href=\"#\" target=\"_new\" rel=\"noopener\" data-start=\"2704\" data-end=\"2752\">www.mrsfarmers.org<\/a><\/p>\r\n<!-- \/wp:post-content -->","protected":false},"excerpt":{"rendered":"<p>\u0130PTAL VE \u0130ADE \u015eARTLARI Mrs Farmers olarak m\u00fc\u015fteri memnuniyetini her zaman \u00f6n planda tutuyoruz. Sipari\u015f etti\u011finiz \u00fcr\u00fcnlerle ilgili iptal ve<\/p>","protected":false},"author":1,"featured_media":0,"parent":0,"menu_order":0,"comment_status":"closed","ping_status":"closed","template":"","meta":{"inline_featured_image":false,"footnotes":""},"class_list":["post-12","page","type-page","status-publish","hentry"],"yoast_head":"<!-- This site is optimized with the Yoast SEO Premium plugin v22.5 (Yoast SEO v27.4) - https:\/\/yoast.com\/product\/yoast-seo-premium-wordpress\/ -->\n<title>\u0130ptal ve \u0130ade \u015eartlar\u0131 - Mrs Farmer Naturel Zeytinya\u011f\u0131 | So\u011fuk S\u0131k\u0131m Premium Zeytinya\u011f\u0131<\/title>\n<meta name=\"robots\" content=\"index, follow, max-snippet:-1, max-image-preview:large, max-video-preview:-1\" \/>\n<link rel=\"canonical\" href=\"https:\/\/mrsfarmer.org\/en\/iptal-ve-iade-sartlari\/\" \/>\n<meta property=\"og:locale\" content=\"en_US\" \/>\n<meta property=\"og:type\" content=\"article\" \/>\n<meta property=\"og:title\" content=\"\u0130ptal ve \u0130ade \u015eartlar\u0131\" \/>\n<meta property=\"og:description\" content=\"\u0130PTAL VE \u0130ADE \u015eARTLARI Mrs Farmers olarak m\u00fc\u015fteri memnuniyetini her zaman \u00f6n planda tutuyoruz. Sipari\u015f etti\u011finiz \u00fcr\u00fcnlerle ilgili iptal ve\" \/>\n<meta property=\"og:url\" content=\"https:\/\/mrsfarmer.org\/en\/iptal-ve-iade-sartlari\/\" \/>\n<meta property=\"og:site_name\" content=\"Mrs Farmer Naturel Zeytinya\u011f\u0131 | So\u011fuk S\u0131k\u0131m Premium Zeytinya\u011f\u0131\" \/>\n<meta property=\"article:modified_time\" content=\"2025-11-06T06:47:18+00:00\" \/>\n<meta property=\"og:image\" content=\"https:\/\/mrsfarmer.org\/wp-content\/uploads\/2025\/10\/mrs-farmer-zeytinyagi-zeytin-bahcesinde.jpg\" \/>\n\t<meta property=\"og:image:width\" content=\"683\" \/>\n\t<meta property=\"og:image:height\" content=\"1024\" \/>\n\t<meta property=\"og:image:type\" content=\"image\/jpeg\" \/>\n<meta name=\"twitter:card\" content=\"summary_large_image\" \/>\n<meta name=\"twitter:label1\" content=\"Est. reading time\" \/>\n\t<meta name=\"twitter:data1\" content=\"2 minutes\" \/>\n<script type=\"application\/ld+json\" class=\"yoast-schema-graph\">{\"@context\":\"https:\\\/\\\/schema.org\",\"@graph\":[{\"@type\":\"WebPage\",\"@id\":\"https:\\\/\\\/mrsfarmer.org\\\/iptal-ve-iade-sartlari\\\/\",\"url\":\"https:\\\/\\\/mrsfarmer.org\\\/iptal-ve-iade-sartlari\\\/\",\"name\":\"\u0130ptal ve \u0130ade \u015eartlar\u0131 - Mrs Farmer Naturel Zeytinya\u011f\u0131 | So\u011fuk S\u0131k\u0131m Premium Zeytinya\u011f\u0131\",\"isPartOf\":{\"@id\":\"https:\\\/\\\/mrsfarmer.org\\\/#website\"},\"datePublished\":\"2025-11-05T10:57:48+00:00\",\"dateModified\":\"2025-11-06T06:47:18+00:00\",\"breadcrumb\":{\"@id\":\"https:\\\/\\\/mrsfarmer.org\\\/iptal-ve-iade-sartlari\\\/#breadcrumb\"},\"inLanguage\":\"en-US\",\"potentialAction\":[{\"@type\":\"ReadAction\",\"target\":[\"https:\\\/\\\/mrsfarmer.org\\\/iptal-ve-iade-sartlari\\\/\"]}]},{\"@type\":\"BreadcrumbList\",\"@id\":\"https:\\\/\\\/mrsfarmer.org\\\/iptal-ve-iade-sartlari\\\/#breadcrumb\",\"itemListElement\":[{\"@type\":\"ListItem\",\"position\":1,\"name\":\"Anasayfa\",\"item\":\"https:\\\/\\\/mrsfarmer.org\\\/\"},{\"@type\":\"ListItem\",\"position\":2,\"name\":\"\u0130ptal ve \u0130ade \u015eartlar\u0131\"}]},{\"@type\":\"WebSite\",\"@id\":\"https:\\\/\\\/mrsfarmer.org\\\/#website\",\"url\":\"https:\\\/\\\/mrsfarmer.org\\\/\",\"name\":\"Mrs Farmer Naturel Zeytinya\u011f\u0131 | So\u011fuk S\u0131k\u0131m Premium Zeytinya\u011f\u0131\",\"description\":\"Ege&#039;nin As\u0131rl\u0131k Bah\u00e7elerinden Erken Hasat | Naturel | So\u011fuk S\u0131k\u0131m Zeytinya\u011f\u0131\",\"publisher\":{\"@id\":\"https:\\\/\\\/mrsfarmer.org\\\/#organization\"},\"potentialAction\":[{\"@type\":\"SearchAction\",\"target\":{\"@type\":\"EntryPoint\",\"urlTemplate\":\"https:\\\/\\\/mrsfarmer.org\\\/?s={search_term_string}\"},\"query-input\":{\"@type\":\"PropertyValueSpecification\",\"valueRequired\":true,\"valueName\":\"search_term_string\"}}],\"inLanguage\":\"en-US\"},{\"@type\":\"Organization\",\"@id\":\"https:\\\/\\\/mrsfarmer.org\\\/#organization\",\"name\":\"Mrs Farmer Naturel Zeytinya\u011f\u0131 | So\u011fuk S\u0131k\u0131m Premium Zeytinya\u011f\u0131\",\"url\":\"https:\\\/\\\/mrsfarmer.org\\\/\",\"logo\":{\"@type\":\"ImageObject\",\"inLanguage\":\"en-US\",\"@id\":\"https:\\\/\\\/mrsfarmer.org\\\/#\\\/schema\\\/logo\\\/image\\\/\",\"url\":\"https:\\\/\\\/mrsfarmer.org\\\/wp-content\\\/uploads\\\/2025\\\/10\\\/mrs-farmer-logo-yan-Custom.png\",\"contentUrl\":\"https:\\\/\\\/mrsfarmer.org\\\/wp-content\\\/uploads\\\/2025\\\/10\\\/mrs-farmer-logo-yan-Custom.png\",\"width\":700,\"height\":315,\"caption\":\"Mrs Farmer Naturel Zeytinya\u011f\u0131 | So\u011fuk S\u0131k\u0131m Premium Zeytinya\u011f\u0131\"},\"image\":{\"@id\":\"https:\\\/\\\/mrsfarmer.org\\\/#\\\/schema\\\/logo\\\/image\\\/\"},\"sameAs\":[\"https:\\\/\\\/www.instagram.com\\\/mrs.farmer.tr\\\/\",\"https:\\\/\\\/www.youtube.com\\\/@mrs.farmer.tr\"],\"description\":\"Do\u011fall\u0131\u011f\u0131n ve Lezzetin \u00d6z\u00fc: Mrs. Farmer\u2019s Zeytinya\u011f\u0131 Tad\u0131 ve aromas\u0131yla \u00f6ne \u00e7\u0131kan Manisa\u2019n\u0131n bereketli topraklar\u0131nda, as\u0131rl\u0131k zeytin a\u011fa\u00e7lar\u0131m\u0131z\u0131n meyvelerinden \u00f6zenle \u00fcretilen Mrs. Farmer\u2019s Zeytinya\u011f\u0131, do\u011fan\u0131n saf lezzetini sofralar\u0131n\u0131za ta\u015f\u0131r. Gediz Ovas\u0131\u2019n\u0131n verimli ikliminde yeti\u015fen zeytinlerimiz, olgunluk d\u00f6neminde elle toplanarak k\u0131sa s\u00fcrede modern tesislerimize ula\u015ft\u0131r\u0131l\u0131r. Burada bekletilmeden; y\u0131kan\u0131r, k\u0131r\u0131l\u0131r, yo\u011frulur ve tamamen so\u011fuk s\u0131k\u0131m y\u00f6ntemiyle zeytinya\u011f\u0131na d\u00f6n\u00fc\u015ft\u00fcr\u00fcl\u00fcr.\",\"email\":\"mail@mrsfarmers.org\",\"telephone\":\"0 533 363 3276\",\"legalName\":\"Mrs Farmer\",\"foundingDate\":\"2025-03-01\",\"numberOfEmployees\":{\"@type\":\"QuantitativeValue\",\"minValue\":\"1\",\"maxValue\":\"10\"}}]}<\/script>\n<!-- \/ Yoast SEO Premium plugin. -->","yoast_head_json":{"title":"\u0130ptal ve \u0130ade \u015eartlar\u0131 - Mrs Farmer Naturel Zeytinya\u011f\u0131 | So\u011fuk S\u0131k\u0131m Premium Zeytinya\u011f\u0131","robots":{"index":"index","follow":"follow","max-snippet":"max-snippet:-1","max-image-preview":"max-image-preview:large","max-video-preview":"max-video-preview:-1"},"canonical":"https:\/\/mrsfarmer.org\/en\/iptal-ve-iade-sartlari\/","og_locale":"en_US","og_type":"article","og_title":"\u0130ptal ve \u0130ade \u015eartlar\u0131","og_description":"\u0130PTAL VE \u0130ADE \u015eARTLARI Mrs Farmers olarak m\u00fc\u015fteri memnuniyetini her zaman \u00f6n planda tutuyoruz. Sipari\u015f etti\u011finiz \u00fcr\u00fcnlerle ilgili iptal ve","og_url":"https:\/\/mrsfarmer.org\/en\/iptal-ve-iade-sartlari\/","og_site_name":"Mrs Farmer Naturel Zeytinya\u011f\u0131 | So\u011fuk S\u0131k\u0131m Premium Zeytinya\u011f\u0131","article_modified_time":"2025-11-06T06:47:18+00:00","og_image":[{"width":683,"height":1024,"url":"https:\/\/mrsfarmer.org\/wp-content\/uploads\/2025\/10\/mrs-farmer-zeytinyagi-zeytin-bahcesinde.jpg","type":"image\/jpeg"}],"twitter_card":"summary_large_image","twitter_misc":{"Est. reading time":"2 minutes"},"schema":{"@context":"https:\/\/schema.org","@graph":[{"@type":"WebPage","@id":"https:\/\/mrsfarmer.org\/iptal-ve-iade-sartlari\/","url":"https:\/\/mrsfarmer.org\/iptal-ve-iade-sartlari\/","name":"\u0130ptal ve \u0130ade \u015eartlar\u0131 - Mrs Farmer Naturel Zeytinya\u011f\u0131 | So\u011fuk S\u0131k\u0131m Premium Zeytinya\u011f\u0131","isPartOf":{"@id":"https:\/\/mrsfarmer.org\/#website"},"datePublished":"2025-11-05T10:57:48+00:00","dateModified":"2025-11-06T06:47:18+00:00","breadcrumb":{"@id":"https:\/\/mrsfarmer.org\/iptal-ve-iade-sartlari\/#breadcrumb"},"inLanguage":"en-US","potentialAction":[{"@type":"ReadAction","target":["https:\/\/mrsfarmer.org\/iptal-ve-iade-sartlari\/"]}]},{"@type":"BreadcrumbList","@id":"https:\/\/mrsfarmer.org\/iptal-ve-iade-sartlari\/#breadcrumb","itemListElement":[{"@type":"ListItem","position":1,"name":"Anasayfa","item":"https:\/\/mrsfarmer.org\/"},{"@type":"ListItem","position":2,"name":"\u0130ptal ve \u0130ade \u015eartlar\u0131"}]},{"@type":"WebSite","@id":"https:\/\/mrsfarmer.org\/#website","url":"https:\/\/mrsfarmer.org\/","name":"Mrs Farmer Naturel Zeytinya\u011f\u0131 | So\u011fuk S\u0131k\u0131m Premium Zeytinya\u011f\u0131","description":"Ege&#039;nin As\u0131rl\u0131k Bah\u00e7elerinden Erken Hasat | Naturel | So\u011fuk S\u0131k\u0131m Zeytinya\u011f\u0131","publisher":{"@id":"https:\/\/mrsfarmer.org\/#organization"},"potentialAction":[{"@type":"SearchAction","target":{"@type":"EntryPoint","urlTemplate":"https:\/\/mrsfarmer.org\/?s={search_term_string}"},"query-input":{"@type":"PropertyValueSpecification","valueRequired":true,"valueName":"search_term_string"}}],"inLanguage":"en-US"},{"@type":"Organization","@id":"https:\/\/mrsfarmer.org\/#organization","name":"Mrs Farmer Naturel Zeytinya\u011f\u0131 | So\u011fuk S\u0131k\u0131m Premium Zeytinya\u011f\u0131","url":"https:\/\/mrsfarmer.org\/","logo":{"@type":"ImageObject","inLanguage":"en-US","@id":"https:\/\/mrsfarmer.org\/#\/schema\/logo\/image\/","url":"https:\/\/mrsfarmer.org\/wp-content\/uploads\/2025\/10\/mrs-farmer-logo-yan-Custom.png","contentUrl":"https:\/\/mrsfarmer.org\/wp-content\/uploads\/2025\/10\/mrs-farmer-logo-yan-Custom.png","width":700,"height":315,"caption":"Mrs Farmer Naturel Zeytinya\u011f\u0131 | So\u011fuk S\u0131k\u0131m Premium Zeytinya\u011f\u0131"},"image":{"@id":"https:\/\/mrsfarmer.org\/#\/schema\/logo\/image\/"},"sameAs":["https:\/\/www.instagram.com\/mrs.farmer.tr\/","https:\/\/www.youtube.com\/@mrs.farmer.tr"],"description":"Do\u011fall\u0131\u011f\u0131n ve Lezzetin \u00d6z\u00fc: Mrs. Farmer\u2019s Zeytinya\u011f\u0131 Tad\u0131 ve aromas\u0131yla \u00f6ne \u00e7\u0131kan Manisa\u2019n\u0131n bereketli topraklar\u0131nda, as\u0131rl\u0131k zeytin a\u011fa\u00e7lar\u0131m\u0131z\u0131n meyvelerinden \u00f6zenle \u00fcretilen Mrs. Farmer\u2019s Zeytinya\u011f\u0131, do\u011fan\u0131n saf lezzetini sofralar\u0131n\u0131za ta\u015f\u0131r. Gediz Ovas\u0131\u2019n\u0131n verimli ikliminde yeti\u015fen zeytinlerimiz, olgunluk d\u00f6neminde elle toplanarak k\u0131sa s\u00fcrede modern tesislerimize ula\u015ft\u0131r\u0131l\u0131r. Burada bekletilmeden; y\u0131kan\u0131r, k\u0131r\u0131l\u0131r, yo\u011frulur ve tamamen so\u011fuk s\u0131k\u0131m y\u00f6ntemiyle zeytinya\u011f\u0131na d\u00f6n\u00fc\u015ft\u00fcr\u00fcl\u00fcr.","email":"mail@mrsfarmers.org","telephone":"0 533 363 3276","legalName":"Mrs Farmer","foundingDate":"2025-03-01","numberOfEmployees":{"@type":"QuantitativeValue","minValue":"1","maxValue":"10"}}]}},"_hostinger_reach_plugin_has_subscription_block":false,"_hostinger_reach_plugin_is_elementor":false,"_links":{"self":[{"href":"https:\/\/mrsfarmer.org\/en\/wp-json\/wp\/v2\/pages\/12","targetHints":{"allow":["GET"]}}],"collection":[{"href":"https:\/\/mrsfarmer.org\/en\/wp-json\/wp\/v2\/pages"}],"about":[{"href":"https:\/\/mrsfarmer.org\/en\/wp-json\/wp\/v2\/types\/page"}],"author":[{"embeddable":true,"href":"https:\/\/mrsfarmer.org\/en\/wp-json\/wp\/v2\/users\/1"}],"replies":[{"embeddable":true,"href":"https:\/\/mrsfarmer.org\/en\/wp-json\/wp\/v2\/comments?post=12"}],"version-history":[{"count":0,"href":"https:\/\/mrsfarmer.org\/en\/wp-json\/wp\/v2\/pages\/12\/revisions"}],"wp:attachment":[{"href":"https:\/\/mrsfarmer.org\/en\/wp-json\/wp\/v2\/media?parent=12"}],"curies":[{"name":"wp","href":"https:\/\/api.w.org\/{rel}","templated":true}]}}